{"id":909,"date":"2018-08-29T19:58:50","date_gmt":"2018-08-29T22:58:50","guid":{"rendered":"https:\/\/isfd18-bue.infd.edu.ar\/sitio\/biblioteca-digital\/"},"modified":"2019-05-03T18:12:28","modified_gmt":"2019-05-03T21:12:28","slug":"biblioteca-digital","status":"publish","type":"page","link":"https:\/\/isfd18-bue.infd.edu.ar\/sitio\/biblioteca-digital\/","title":{"rendered":"Biblioteca digital"},"content":{"rendered":"<p>&nbsp;<\/p>\n<p><span style=\"font-size: 14pt;\"><img decoding=\"async\" loading=\"lazy\" style=\"display: block; margin-left: auto; margin-right: auto;\" src=\"http:\/\/multiversidad.com.mx\/portal\/imagenes\/biblio1.png\" width=\"322\" height=\"156\" border=\"0\" \/><\/span><\/p>\n<p style=\"text-align: center;\"><span style=\"font-size: 14pt;\"><em><span style=\"color: #000000;\">Bienvenidos a la biblioteca virtual del profesorado de Educaci\u00f3n F\u00edsica del ISFD N\u00b018.<\/span><\/em><\/span><\/p>\n<p style=\"text-align: center;\"><span style=\"font-size: 14pt;\"><em><span style=\"color: #000000;\">En este espacio, usted podr\u00e1 acceder a material bibliogr\u00e1fico para diferentes materias de la carrera de modo simple y gratuito.<\/span><\/em><\/span><\/p>\n<p style=\"text-align: center;\"><span style=\"color: #3366ff; font-size: 14pt;\"><em>(Para descargar Clic sobre el enlace)<\/em><\/span><\/p>\n<p style=\"text-align: left;\"><span style=\"font-size: 14pt;\">\u00a0<\/span><\/p>\n<hr style=\"width: 100%;\" width=\"100%\" \/>\n<p style=\"text-align: center;\"><span style=\"color: #000000; font-size: 14pt;\"><em>NORMATIVA<\/em><\/span><\/p>\n<p><span style=\"font-size: 14pt; color: #0000ff;\"><a style=\"font-size: 14pt;\" title=\"https:\/\/isfd18-bue.infd.edu.ar\/aula\/archivos\/repositorio\/\/0\/153\/ley_de_educ_nac.pdf\" href=\"https:\/\/isfd18-bue.infd.edu.ar\/aula\/archivos\/repositorio\/\/0\/153\/ley_de_educ_nac.pdf\" target=\"_NEW\"><span style=\"color: #0000ff;\">Ley de Educaci\u00f3n Nacional N\u00ba 26.206<\/span><\/a><\/span><\/p>\n<p><span style=\"font-size: 14pt; color: #0000ff;\"><a style=\"font-size: 14pt;\" title=\"https:\/\/isfd18-bue.infd.edu.ar\/aula\/archivos\/repositorio\/\/0\/154\/Ley_Provincial_n_13688.pdf\" href=\"https:\/\/isfd18-bue.infd.edu.ar\/aula\/archivos\/repositorio\/\/0\/154\/Ley_Provincial_n_13688.pdf\" target=\"_NEW\"><span style=\"color: #0000ff;\">Ley de Educaci\u00f3n Provincial N\u00ba 13.688<\/span><\/a><\/span><\/p>\n<p><span style=\"font-size: 14pt; color: #000000;\"><span style=\"color: #0000ff;\"><a style=\"font-size: 14pt;\" title=\"https:\/\/isfd18-bue.infd.edu.ar\/aula\/archivos\/repositorio\/\/0\/151\/ley_10579_ESTATUTO_DEL_DOCENTE.pdf\" href=\"https:\/\/isfd18-bue.infd.edu.ar\/aula\/archivos\/repositorio\/\/0\/151\/ley_10579_ESTATUTO_DEL_DOCENTE.pdf\" target=\"_NEW\"><span style=\"color: #0000ff;\">Estatuto del Docente<\/span><\/a><\/span>. Ley N\u00ba 10579<\/span><br \/>\n<span style=\"font-size: 14pt; color: #000000;\"><span style=\"color: #0000ff;\"><a style=\"font-size: 14pt;\" title=\"https:\/\/isfd18-bue.infd.edu.ar\/aula\/archivos\/repositorio\/\/0\/155\/reglamento_general.pdf\" href=\"https:\/\/isfd18-bue.infd.edu.ar\/aula\/archivos\/repositorio\/\/0\/155\/reglamento_general.pdf\" target=\"_NEW\"><span style=\"color: #0000ff;\">Reglamento General de las Instituciones Educativas<\/span><\/a><\/span> de la provincia de Buenos Aires. Decreto N\u00ba 2299\/11<\/span><br \/>\n<span style=\"font-size: 14pt; color: #000000;\"><span style=\"color: #0000ff;\"><a style=\"font-size: 14pt;\" title=\"https:\/\/isfd18-bue.infd.edu.ar\/aula\/archivos\/repositorio\/\/0\/156\/Reg_Acad_Primaria_resolucion1057-14.pdf\" href=\"https:\/\/isfd18-bue.infd.edu.ar\/aula\/archivos\/repositorio\/\/0\/156\/Reg_Acad_Primaria_resolucion1057-14.pdf\" target=\"_NEW\"><span style=\"color: #0000ff;\">R\u00e9gimen Acad\u00e9mico del Nivel Primario<\/span><\/a>.<\/span> Resoluci\u00f3n N\u00ba 1057\/14<\/span><br \/>\n<span style=\"font-size: 14pt; color: #000000;\"><span style=\"color: #0000ff;\"><a style=\"font-size: 14pt;\" title=\"https:\/\/isfd18-bue.infd.edu.ar\/aula\/archivos\/repositorio\/\/0\/157\/regimen_academico_res_587_11_3.pdf\" href=\"https:\/\/isfd18-bue.infd.edu.ar\/aula\/archivos\/repositorio\/\/0\/157\/regimen_academico_res_587_11_3.pdf\" target=\"_NEW\"><span style=\"color: #0000ff;\">R\u00e9gimen Acad\u00e9mico Com\u00fan para la Educaci\u00f3n Secundaria<\/span><\/a><\/span>. Resoluci\u00f3n N\u00ba 587\/11<\/span><br \/>\n<span style=\"font-size: 14pt; color: #000000;\"><span style=\"color: #0000ff;\"><a style=\"font-size: 14pt;\" title=\"https:\/\/isfd18-bue.infd.edu.ar\/aula\/archivos\/repositorio\/\/0\/158\/res_1480_final.pdf\" href=\"https:\/\/isfd18-bue.infd.edu.ar\/aula\/archivos\/repositorio\/\/0\/158\/res_1480_final.pdf\" target=\"_NEW\"><span style=\"color: #0000ff;\">Ampliaci\u00f3n R\u00e9gimen Acad\u00e9mico para la Educaci\u00f3n Secundaria<\/span><\/a>.<\/span> Resoluci\u00f3n N\u00ba 1480\/11<\/span><\/p>\n<p>&nbsp;<\/p>\n<p><span style=\"font-size: 14pt; color: #000000;\"><a title=\"https:\/\/isfd18-bue.infd.edu.ar\/aula\/archivos\/repositorio\/\/0\/168\/circularconjunta1-09_EF_en_el_N_INICIAL.pdf\" href=\"https:\/\/isfd18-bue.infd.edu.ar\/aula\/archivos\/repositorio\/\/0\/168\/circularconjunta1-09_EF_en_el_N_INICIAL.pdf\" target=\"_NEW\">Circular Conjunta N\u00ba 1\/2009<\/a>. El Profesor de Educaci\u00f3n F\u00edsica en las Instituciones de Nivel Inicial.<\/span><\/p>\n<p><a href=\"https:\/\/isfd18-bue.infd.edu.ar\/sitio\/wp-content\/uploads\/2019\/01\/organizacion_institucional_del_nivel_inicial_-_circular_conjuntatec._ndeg_1-11.pdf\">Circular Conjunta T\u00e9cnica N\u00b0 01\/11 La clase de Educaci\u00f3n F\u00edsica en la organizaci\u00f3n Institucional del Nivel Inicial\u00a0<\/a><\/p>\n<p><a href=\"https:\/\/isfd18-bue.infd.edu.ar\/sitio\/wp-content\/uploads\/2019\/01\/organizacion_institucional_del_nivel_primario_-_circular_conjunta_tecnica_no_1-11.pdf\">Circular Conjunta T\u00e9cnica N\u00b0 01\/11 La clase de Educaci\u00f3n F\u00edsica en la organizaci\u00f3n Institucional del Nivel Primario\u00a0<\/a><\/p>\n<p><a href=\"https:\/\/isfd18-bue.infd.edu.ar\/sitio\/wp-content\/uploads\/2019\/01\/clases_ef_secundaria_-_resolucion_2476-13.pdf\">Organizaci\u00f3n de las clases de EF en Escuelas de Educaci\u00f3n Secundaria &#8211; Resoluci\u00f3n_2476-13<\/a><\/p>\n<p style=\"text-align: center;\"><span style=\"font-size: 14pt; color: #000000;\">GESTI\u00d3N Y PROYECTOS<\/span><\/p>\n<p><span style=\"font-size: 14pt; color: #000000;\">\u00a0<\/span><\/p>\n<p><span style=\"color: #000000; font-size: 14pt;\"><span style=\"color: #0000ff;\"><a title=\"https:\/\/isfd18-bue.infd.edu.ar\/aula\/archivos\/repositorio\/\/0\/137\/Ander_Egg-Aguilar1.pdf\" href=\"https:\/\/isfd18-bue.infd.edu.ar\/aula\/archivos\/repositorio\/\/0\/137\/Ander_Egg-Aguilar1.pdf\" target=\"_NEW\"><span style=\"color: #0000ff;\">C\u00f3mo elaborar un Proyecto<\/span><\/a> <\/span>&#8211; Ander Egg Aguilar<\/span><\/p>\n<p><span style=\"color: #000000; font-size: 14pt;\"><img decoding=\"async\" loading=\"lazy\" style=\"display: block; margin-left: auto; margin-right: auto;\" src=\"http:\/\/www.isadoralibros.com.uy\/sitio\/repo\/img\/9789507244162.jpg\" width=\"50\" height=\"72\" border=\"0\" \/><\/span><\/p>\n<p><span style=\"font-size: 14pt; color: #000000;\">\u00a0<\/span><\/p>\n<p><span style=\"color: #000000; font-size: 14pt;\"><a title=\"https:\/\/isfd18-bue.infd.edu.ar\/aula\/archivos\/repositorio\/\/0\/138\/como_elaborar_un_proyecto.pdf\" href=\"https:\/\/isfd18-bue.infd.edu.ar\/aula\/archivos\/repositorio\/\/0\/138\/como_elaborar_un_proyecto.pdf\" target=\"_NEW\">C\u00f3mo elaborar un Proyecto<\/a> &#8211; Cuaderno de Orientaci\u00f3n N\u00ba 17 &#8211; Centro Regional de Informaci\u00f3n y Documentaci\u00f3n del Principado de Asturias<\/span><\/p>\n<p><span style=\"color: #000000; font-size: 14pt;\">\u00a0<\/span><\/p>\n<p><span style=\"font-size: 14pt; color: #000000;\"><a title=\"Dise\u00f1os Curriculares\" href=\"index.cgi?wid_item=54&amp;wid_seccion=2\" target=\"_blank\" rel=\"noopener\">\u00a0Dise\u00f1os curriculares.\u00a0<\/a>(Clic para dirigirse a la secci\u00f3n dentro de este mismo sitio)<\/span><\/p>\n<p><span style=\"font-size: 14pt; color: #000000;\">\u00a0<\/span><\/p>\n<p style=\"text-align: center;\"><span style=\"font-size: 14pt; color: #000000;\">DIDACTICA DE LA EDUCACI\u00d3N F\u00cdSICA<\/span><\/p>\n<p><span style=\"font-size: 14pt; color: #000000;\"><span style=\"color: #0000ff;\"><a style=\"font-size: 14pt;\" title=\"https:\/\/isfd18-bue.infd.edu.ar\/aula\/archivos\/repositorio\/\/0\/139\/Eleccion_de_un_metodo._Blazquez_Sanchezpdf.PDF\" href=\"https:\/\/isfd18-bue.infd.edu.ar\/aula\/archivos\/repositorio\/\/0\/139\/Eleccion_de_un_metodo._Blazquez_Sanchezpdf.PDF\" target=\"_NEW\"><span style=\"color: #0000ff;\">Elecci\u00f3n de un m\u00e9todo en Educaci\u00f3n F\u00edsica: las situaciones &#8211; problema<\/span><\/a> <\/span>&#8211; Domingo Blazquez Sanchez &#8211; Centro de investigaci\u00f3n M\u00e9dico Deportiva &#8211; INEF &#8211; Barcelona<\/span><\/p>\n<p><span style=\"font-size: 14pt; color: #000000;\">\u00a0<\/span><\/p>\n<p><span style=\"color: #000000; font-size: 14pt;\"><span style=\"color: #0000ff;\"><a title=\"https:\/\/isfd18-bue.infd.edu.ar\/aula\/archivos\/repositorio\/\/0\/160\/documento_1_2008_la_planificacion_una_hipotesis.pdf\" href=\"https:\/\/isfd18-bue.infd.edu.ar\/aula\/archivos\/repositorio\/\/0\/160\/documento_1_2008_la_planificacion_una_hipotesis.pdf\" target=\"_NEW\"><span style=\"color: #0000ff;\">La planificaci\u00f3n, una hip\u00f3tesis para orientar la ense\u00f1anza en Educaci\u00f3n F\u00edsica<\/span><\/a>.<\/span> Documento N\u00ba 1\/2008. Direcci\u00f3n de Educaci\u00f3n F\u00edsica<\/span><\/p>\n<p><span style=\"color: #000000; font-size: 14pt;\"><span style=\"color: #0000ff;\"><a title=\"https:\/\/isfd18-bue.infd.edu.ar\/aula\/archivos\/repositorio\/\/0\/161\/doc3_15.pdf\" href=\"https:\/\/isfd18-bue.infd.edu.ar\/aula\/archivos\/repositorio\/\/0\/161\/doc3_15.pdf\" target=\"_NEW\"><span style=\"color: #0000ff;\">Pr\u00e1cticas evaluativas en la clase de educaci\u00f3n f\u00edsica: aproximaciones a su problem\u00e1tica y construcci\u00f3n de propuestas<\/span><\/a>.<\/span> Documento N\u00ba 3\/2015. Direcci\u00f3n de Educaci\u00f3n F\u00edsica<\/span><\/p>\n<p><span style=\"color: #000000; font-size: 14pt;\"><span style=\"color: #0000ff;\"><a title=\"https:\/\/isfd18-bue.infd.edu.ar\/aula\/archivos\/repositorio\/\/0\/165\/Los_primeros_pasos_en_la_docencia._La_evaluacion_y_el_vinculo_pedagogico_-_Camilloni_Alicia.pdf\" href=\"https:\/\/isfd18-bue.infd.edu.ar\/aula\/archivos\/repositorio\/\/0\/165\/Los_primeros_pasos_en_la_docencia._La_evaluacion_y_el_vinculo_pedagogico_-_Camilloni_Alicia.pdf\" target=\"_NEW\"><span style=\"color: #0000ff;\">Los primeros pasos en la docencia.La evaluaci\u00f3n y el v\u00ednculo pedag\u00f3gico<\/span><\/a>.<\/span> Camilloni Alicia<\/span><\/p>\n<p><span style=\"color: #000000; font-size: 14pt;\"><span style=\"color: #0000ff;\"><a title=\"https:\/\/isfd18-bue.infd.edu.ar\/aula\/archivos\/repositorio\/\/0\/162\/la_educacion_fisica_y_el_deporte.pdf\" href=\"https:\/\/isfd18-bue.infd.edu.ar\/aula\/archivos\/repositorio\/\/0\/162\/la_educacion_fisica_y_el_deporte.pdf\" target=\"_NEW\"><span style=\"color: #0000ff;\">La Educaci\u00f3n F\u00edsica y el deporte<\/span><\/a><\/span>. Documento N\u00ba 1\/2014. Direcci\u00f3n de Educaci\u00f3n F\u00edsica.<\/span><\/p>\n<p><span style=\"color: #000000; font-size: 14pt;\"><span style=\"color: #0000ff;\"><a title=\"https:\/\/isfd18-bue.infd.edu.ar\/aula\/archivos\/repositorio\/\/0\/164\/215_juegos_para_Educacion_Fisica_1.pdf\" href=\"https:\/\/isfd18-bue.infd.edu.ar\/aula\/archivos\/repositorio\/\/0\/164\/215_juegos_para_Educacion_Fisica_1.pdf\" target=\"_NEW\"><span style=\"color: #0000ff;\">215 Juegos para Educaci\u00f3n F\u00edsica en Primaria<\/span><\/a>. <\/span>Biblioteca Ciencias de la Educaci\u00f3n.<\/span><\/p>\n<p><span style=\"font-size: 14pt; color: #000000;\">\u00a0<\/span><\/p>\n<p style=\"text-align: center;\"><span style=\"color: #000000; font-size: 14pt;\">FISIOLOGIA Y ENTRENAMIENTO<\/span><\/p>\n<p><span style=\"color: #000000; font-size: 14pt;\"><span style=\"color: #0000ff;\"><a title=\"https:\/\/isfd18-bue.infd.edu.ar\/aula\/archivos\/repositorio\/\/0\/136\/Wilmore__Costill_Fisiologia_del_esfuerzo_y_del_deporte.pdf\" href=\"https:\/\/isfd18-bue.infd.edu.ar\/aula\/archivos\/repositorio\/\/0\/136\/Wilmore__Costill_Fisiologia_del_esfuerzo_y_del_deporte.pdf\" target=\"_NEW\"><span style=\"color: #0000ff;\">Fisiologia del esfuerzo y del deporte.<\/span><\/a><\/span>\u00a0Wilmore y Costill<\/span><\/p>\n<p><span style=\"font-size: 14pt;\"><span style=\"color: #0000ff;\"><a title=\"https:\/\/isfd18-bue.infd.edu.ar\/aula\/archivos\/repositorio\/\/0\/135\/Entrenamiento_Total_-_Jurgen_Weinek.pdf\" href=\"https:\/\/isfd18-bue.infd.edu.ar\/aula\/archivos\/repositorio\/\/0\/135\/Entrenamiento_Total_-_Jurgen_Weinek.pdf\" target=\"_NEW\"><span style=\"color: #0000ff;\">Entrenamiento total<\/span><\/a>.<\/span> Jurgen Weineck.<\/span><\/p>\n<p><span style=\"font-size: 14pt;\"><span style=\"color: #0000ff;\"><a title=\"https:\/\/isfd18-bue.infd.edu.ar\/aula\/archivos\/repositorio\/\/0\/134\/Entrenamiento_de_la_Condicion_Fisica_en_el_Futbol._Jens_Bangsbo.pdf\" href=\"https:\/\/isfd18-bue.infd.edu.ar\/aula\/archivos\/repositorio\/\/0\/134\/Entrenamiento_de_la_Condicion_Fisica_en_el_Futbol._Jens_Bangsbo.pdf\" target=\"_NEW\"><span style=\"color: #0000ff;\">Entrenamiento de la condicion fisica en el futbol<\/span><\/a><\/span>. Jens Bangsbo.<\/span><\/p>\n<p><span style=\"color: #0000ff;\"><span style=\"font-size: 14pt;\"><a title=\"https:\/\/isfd18-bue.infd.edu.ar\/aula\/archivos\/repositorio\/\/0\/166\/Entrenamiento_de_la_fuerza_-_Grosser.pdf\" href=\"https:\/\/isfd18-bue.infd.edu.ar\/aula\/archivos\/repositorio\/\/0\/166\/Entrenamiento_de_la_fuerza_-_Grosser.pdf\" target=\"_NEW\"><span style=\"color: #0000ff;\">Entrenamiento de la fuerza<\/span><\/a><\/span>.<\/span><span style=\"font-size: 14pt;\"> Grosser<\/span><\/p>\n<p><span style=\"font-size: 14pt; color: #000000;\">\u00a0<\/span><\/p>\n","protected":false},"excerpt":{"rendered":"<p>&nbsp; Bienvenidos a la biblioteca virtual del profesorado de Educaci\u00f3n F\u00edsica del ISFD N\u00b018. En este espacio, usted podr\u00e1 acceder a material bibliogr\u00e1fico para diferentes materias de la carrera de modo simple y gratuito. (Para descargar Clic sobre el enlace) \u00a0 NORMATIVA Ley de Educaci\u00f3n Nacional N\u00ba 26.206 Ley de Educaci\u00f3n Provincial N\u00ba 13.688 Estatuto &#8230; <a title=\"Biblioteca digital\" class=\"read-more\" href=\"https:\/\/isfd18-bue.infd.edu.ar\/sitio\/biblioteca-digital\/\" aria-label=\"More on Biblioteca digital\">[+]<\/a><\/p>\n","protected":false},"author":1719,"featured_media":0,"parent":0,"menu_order":0,"comment_status":"closed","ping_status":"closed","template":"","meta":[],"acf":[],"_links":{"self":[{"href":"https:\/\/isfd18-bue.infd.edu.ar\/sitio\/wp-json\/wp\/v2\/pages\/909"}],"collection":[{"href":"https:\/\/isfd18-bue.infd.edu.ar\/sitio\/wp-json\/wp\/v2\/pages"}],"about":[{"href":"https:\/\/isfd18-bue.infd.edu.ar\/sitio\/wp-json\/wp\/v2\/types\/page"}],"author":[{"embeddable":true,"href":"https:\/\/isfd18-bue.infd.edu.ar\/sitio\/wp-json\/wp\/v2\/users\/1719"}],"replies":[{"embeddable":true,"href":"https:\/\/isfd18-bue.infd.edu.ar\/sitio\/wp-json\/wp\/v2\/comments?post=909"}],"version-history":[{"count":6,"href":"https:\/\/isfd18-bue.infd.edu.ar\/sitio\/wp-json\/wp\/v2\/pages\/909\/revisions"}],"predecessor-version":[{"id":998,"href":"https:\/\/isfd18-bue.infd.edu.ar\/sitio\/wp-json\/wp\/v2\/pages\/909\/revisions\/998"}],"wp:attachment":[{"href":"https:\/\/isfd18-bue.infd.edu.ar\/sitio\/wp-json\/wp\/v2\/media?parent=909"}],"curies":[{"name":"wp","href":"https:\/\/api.w.org\/{rel}","templated":true}]}}