{"id":907,"date":"2018-08-29T19:58:49","date_gmt":"2018-08-29T22:58:49","guid":{"rendered":"https:\/\/isfd18-bue.infd.edu.ar\/sitio\/disenos-curriculares\/"},"modified":"2020-03-23T19:19:14","modified_gmt":"2020-03-23T22:19:14","slug":"disenos-curriculares","status":"publish","type":"page","link":"https:\/\/isfd18-bue.infd.edu.ar\/sitio\/disenos-curriculares\/","title":{"rendered":"Dise\u00f1os Curriculares"},"content":{"rendered":"<p><a href=\"https:\/\/isfd18-bue.infd.edu.ar\/aula\/archivos\/repositorio\/\/0\/212\/Disen_o_Curricular_Nivel_Inicial__2019.pdf\">Dise\u00f1o Curricular Nivel Inicial<\/a><\/p>\n<p><a href=\"https:\/\/isfd18-bue.infd.edu.ar\/sitio\/wp-content\/uploads\/2019\/01\/dis-curricular-PBA-completo.pdf\">Dise\u00f1o Curricular para el Nivel Primario<\/a><\/p>\n<p><a title=\"https:\/\/isfd18-bue.infd.edu.ar\/aula\/archivos\/repositorio\/\/0\/124\/disen_o_curricular_1_an_o_ES.docx\" href=\"https:\/\/isfd18-bue.infd.edu.ar\/aula\/archivos\/repositorio\/\/0\/124\/disen_o_curricular_1_an_o_ES.docx\" target=\"_NEW\">Dise\u00f1o Curricular 1\u00ba a\u00f1o Educaci\u00f3n Secundaria<\/a><\/p>\n<p><a title=\"https:\/\/isfd18-bue.infd.edu.ar\/aula\/archivos\/repositorio\/\/0\/125\/Disen_o_Curricular_2_an_o_ES.docx\" href=\"https:\/\/isfd18-bue.infd.edu.ar\/aula\/archivos\/repositorio\/\/0\/125\/Disen_o_Curricular_2_an_o_ES.docx\" target=\"_NEW\">Dise\u00f1o Curricular 2\u00ba a\u00f1o Educaci\u00f3n Secundaria<\/a><\/p>\n<p><a title=\"https:\/\/isfd18-bue.infd.edu.ar\/aula\/archivos\/repositorio\/\/0\/126\/Disen_o_Curricular_3_an_o_ES.docx\" href=\"https:\/\/isfd18-bue.infd.edu.ar\/aula\/archivos\/repositorio\/\/0\/126\/Disen_o_Curricular_3_an_o_ES.docx\" target=\"_NEW\">Dise\u00f1o Curricular 3\u00ba a\u00f1o Educaci\u00f3n Secundaria<\/a><\/p>\n<p><a title=\"https:\/\/isfd18-bue.infd.edu.ar\/aula\/archivos\/repositorio\/\/0\/127\/disen_o_curricular_4_an_o_ES.pdf\" href=\"https:\/\/isfd18-bue.infd.edu.ar\/aula\/archivos\/repositorio\/\/0\/127\/disen_o_curricular_4_an_o_ES.pdf\" target=\"_NEW\">Dise\u00f1o Curricular 4\u00ba a\u00f1o Educaci\u00f3n Secundaria<\/a><\/p>\n<p><a title=\"https:\/\/isfd18-bue.infd.edu.ar\/aula\/archivos\/repositorio\/\/0\/128\/disen_o_curricular_5_an_o_ES.pdf\" href=\"https:\/\/isfd18-bue.infd.edu.ar\/aula\/archivos\/repositorio\/\/0\/128\/disen_o_curricular_5_an_o_ES.pdf\" target=\"_NEW\">Dise\u00f1o Curricular 5\u00ba a\u00f1o Educaci\u00f3n Secundaria<\/a><\/p>\n<p><a title=\"https:\/\/isfd18-bue.infd.edu.ar\/aula\/archivos\/repositorio\/\/0\/129\/disen_o_curricular_6_an_o_ES.pdf\" href=\"https:\/\/isfd18-bue.infd.edu.ar\/aula\/archivos\/repositorio\/\/0\/129\/disen_o_curricular_6_an_o_ES.pdf\" target=\"_NEW\">Dise\u00f1o Curricular 6\u00ba a\u00f1o Educaci\u00f3n Secundaria<\/a><\/p>\n<p><a title=\"https:\/\/isfd18-bue.infd.edu.ar\/aula\/archivos\/repositorio\/\/0\/163\/Disen_o_Ed._Fisica_-_superior.pdf\" href=\"https:\/\/isfd18-bue.infd.edu.ar\/aula\/archivos\/repositorio\/\/0\/163\/Disen_o_Ed._Fisica_-_superior.pdf\" target=\"_NEW\">Dise\u00f1o Curricular Formaci\u00f3n Docente Profesorado de Educaci\u00f3n F\u00edsica<\/a>. Resoluci\u00f3n N\u00ba 2432\/09<\/p>\n","protected":false},"excerpt":{"rendered":"<p>Dise\u00f1o Curricular Nivel Inicial Dise\u00f1o Curricular para el Nivel Primario Dise\u00f1o Curricular 1\u00ba a\u00f1o Educaci\u00f3n Secundaria Dise\u00f1o Curricular 2\u00ba a\u00f1o Educaci\u00f3n Secundaria Dise\u00f1o Curricular 3\u00ba a\u00f1o Educaci\u00f3n Secundaria Dise\u00f1o Curricular 4\u00ba a\u00f1o Educaci\u00f3n Secundaria Dise\u00f1o Curricular 5\u00ba a\u00f1o Educaci\u00f3n Secundaria Dise\u00f1o Curricular 6\u00ba a\u00f1o Educaci\u00f3n Secundaria Dise\u00f1o Curricular Formaci\u00f3n Docente Profesorado de Educaci\u00f3n F\u00edsica. Resoluci\u00f3n &#8230; <a title=\"Dise\u00f1os Curriculares\" class=\"read-more\" href=\"https:\/\/isfd18-bue.infd.edu.ar\/sitio\/disenos-curriculares\/\" aria-label=\"More on Dise\u00f1os Curriculares\">[+]<\/a><\/p>\n","protected":false},"author":1719,"featured_media":0,"parent":0,"menu_order":0,"comment_status":"closed","ping_status":"closed","template":"","meta":[],"acf":[],"_links":{"self":[{"href":"https:\/\/isfd18-bue.infd.edu.ar\/sitio\/wp-json\/wp\/v2\/pages\/907"}],"collection":[{"href":"https:\/\/isfd18-bue.infd.edu.ar\/sitio\/wp-json\/wp\/v2\/pages"}],"about":[{"href":"https:\/\/isfd18-bue.infd.edu.ar\/sitio\/wp-json\/wp\/v2\/types\/page"}],"author":[{"embeddable":true,"href":"https:\/\/isfd18-bue.infd.edu.ar\/sitio\/wp-json\/wp\/v2\/users\/1719"}],"replies":[{"embeddable":true,"href":"https:\/\/isfd18-bue.infd.edu.ar\/sitio\/wp-json\/wp\/v2\/comments?post=907"}],"version-history":[{"count":6,"href":"https:\/\/isfd18-bue.infd.edu.ar\/sitio\/wp-json\/wp\/v2\/pages\/907\/revisions"}],"predecessor-version":[{"id":1369,"href":"https:\/\/isfd18-bue.infd.edu.ar\/sitio\/wp-json\/wp\/v2\/pages\/907\/revisions\/1369"}],"wp:attachment":[{"href":"https:\/\/isfd18-bue.infd.edu.ar\/sitio\/wp-json\/wp\/v2\/media?parent=907"}],"curies":[{"name":"wp","href":"https:\/\/api.w.org\/{rel}","templated":true}]}}