{"id":885,"date":"2018-08-29T19:58:42","date_gmt":"2018-08-29T22:58:42","guid":{"rendered":"https:\/\/isfd18-bue.infd.edu.ar\/sitio\/practicas-deportivas\/"},"modified":"2019-01-02T11:43:54","modified_gmt":"2019-01-02T14:43:54","slug":"practicas-deportivas","status":"publish","type":"page","link":"https:\/\/isfd18-bue.infd.edu.ar\/sitio\/practicas-deportivas\/","title":{"rendered":"Pr\u00e1cticas Deportivas"},"content":{"rendered":"<p>&nbsp;<\/p>\n<div class=\"O\" style=\"text-align: center; mso-line-spacing: '100 20 0'; mso-margin-left-alt: 216; mso-char-wrap: 1; mso-kinsoku-overflow: 1;\"><span style=\"position: absolute; left: -5.19%; mso-special-format: bullet;\">\u2022<\/span><\/div>\n<div class=\"O\" style=\"text-align: center; mso-line-spacing: '100 20 0'; mso-margin-left-alt: 216; mso-char-wrap: 1; mso-kinsoku-overflow: 1;\"><span lang=\"ES-AR\"><span style=\"font-size: 18pt;\"><span style=\"font-family: arial black,avant garde;\"><span style=\"color: #0000ff;\">Pr\u00e1cticas Deportivas<\/span><\/span><\/span><\/span><\/div>\n<div class=\"O\" style=\"mso-line-spacing: '100 20 0'; mso-margin-left-alt: 216; mso-char-wrap: 1; mso-kinsoku-overflow: 1;\"><\/div>\n<div class=\"O\">\n<ul>\n<li>\n<div style=\"mso-line-spacing: '100 20 0'; mso-margin-left-alt: 216; mso-char-wrap: 1; mso-kinsoku-overflow: 1;\"><span lang=\"ES-AR\"><span style=\"font-size: 18pt;\">CLUB DEFENSORES DE BANFIELD <\/span><\/span><\/div>\n<\/li>\n<\/ul>\n<\/div>\n<p style=\"padding-left: 90px; mso-line-spacing: '100 20 0'; mso-margin-left-alt: 216; mso-char-wrap: 1; mso-kinsoku-overflow: 1;\"><span style=\"position: absolute; left: -3.81%; mso-special-format: bullet;\">\u2022<\/span><\/p>\n<p style=\"padding-left: 60px; mso-line-spacing: '100 20 0'; mso-margin-left-alt: 216; mso-char-wrap: 1; mso-kinsoku-overflow: 1;\"><span style=\"color: #ff0000;\"><span style=\"font-size: 12pt;\"><span lang=\"ES-AR\"><span style=\"font-size: 12pt;\"><span style=\"color: #000000;\"><span lang=\"ES-AR\">Situado en Jose Mar\u00eda Penna 1610 (esquina Pe\u00f1a), Banfield Oeste, a 25 minutos del Instituto debiendo <\/span><span lang=\"ES-AR\">cruzarse la v\u00eda del ferrocarril. <\/span><\/span><\/span><\/span><\/span><\/span><\/p>\n<p style=\"padding-left: 60px; mso-line-spacing: '100 20 0'; mso-margin-left-alt: 216; mso-char-wrap: 1; mso-kinsoku-overflow: 1;\">\u00a0<img decoding=\"async\" style=\"color: #0000ff; font-size: 12pt; text-align: center;\" src=\"https:\/\/isfd18-bue.infd.edu.ar\/sitio\/wp-content\/uploads\/2018\/08\/defensores_320x200.jpg\" border=\"0\" \/><img decoding=\"async\" loading=\"lazy\" style=\"color: #0000ff; font-size: 12pt; text-align: center;\" src=\"https:\/\/isfd18-bue.infd.edu.ar\/sitio\/wp-content\/uploads\/2018\/08\/nat2_320x200.jpg\" width=\"209\" height=\"180\" border=\"0\" \/><\/p>\n<p style=\"padding-left: 60px; mso-line-spacing: '100 20 0'; mso-margin-left-alt: 216; mso-char-wrap: 1; mso-kinsoku-overflow: 1;\"><span style=\"color: #ff0000;\"><span style=\"font-size: 12pt;\"><span lang=\"ES-AR\"><span style=\"color: #0000ff;\">* <\/span><\/span><\/span><span lang=\"ES-AR\"><span style=\"font-size: 12pt;\"><span style=\"color: #0000ff;\">Los alumnos deben abonar un canon por las actividades<span style=\"mso-spacerun: yes;\">\u00a0 <\/span>que realizan<\/span>.<\/span><\/span><\/span><\/p>\n<p style=\"padding-left: 60px; mso-line-spacing: '100 20 0'; mso-margin-left-alt: 216; mso-char-wrap: 1; mso-kinsoku-overflow: 1;\">\u00a0<span style=\"font-size: 12pt;\"><span lang=\"ES-AR\">Se realizan pr\u00e1cticas de<\/span><span lang=\"ES-AR\">:<\/span><\/span><\/p>\n<p style=\"padding-left: 60px; mso-line-spacing: '100 20 0'; mso-margin-left-alt: 216; mso-char-wrap: 1; mso-kinsoku-overflow: 1;\"><span style=\"font-size: 12pt;\"><span lang=\"ES-AR\">Nataci\u00f3n<\/span><\/span><\/p>\n<p style=\"text-align: center; padding-left: 60px; mso-line-spacing: '100 20 0'; mso-margin-left-alt: 216; mso-char-wrap: 1; mso-kinsoku-overflow: 1;\"><span style=\"font-size: 12pt;\"><span lang=\"ES-AR\"><img decoding=\"async\" loading=\"lazy\" src=\"https:\/\/isfd18-bue.infd.edu.ar\/sitio\/wp-content\/uploads\/2018\/08\/nat1_320x200.jpg\" width=\"204\" height=\"169\" border=\"0\" \/><\/span><\/span><\/p>\n<p style=\"padding-left: 60px; mso-line-spacing: '100 20 0'; mso-margin-left-alt: 216; mso-char-wrap: 1; mso-kinsoku-overflow: 1;\"><span style=\"font-size: 12pt;\"><span lang=\"ES-AR\">Basquet<\/span><\/span><\/p>\n<p style=\"padding-left: 60px; mso-line-spacing: '100 20 0'; mso-margin-left-alt: 216; mso-char-wrap: 1; mso-kinsoku-overflow: 1;\">\u00a0<img decoding=\"async\" style=\"font-size: 12pt; text-align: center;\" src=\"https:\/\/isfd18-bue.infd.edu.ar\/sitio\/wp-content\/uploads\/2018\/08\/basquet2_320x200.jpg\" border=\"0\" \/><img decoding=\"async\" loading=\"lazy\" style=\"font-size: 12pt; text-align: center;\" src=\"https:\/\/isfd18-bue.infd.edu.ar\/sitio\/wp-content\/uploads\/2018\/08\/basquet_320x200.jpg\" width=\"225\" height=\"178\" border=\"0\" \/><\/p>\n<p style=\"padding-left: 60px; mso-line-spacing: '100 20 0'; mso-margin-left-alt: 216; mso-char-wrap: 1; mso-kinsoku-overflow: 1;\"><span style=\"font-size: 12pt;\"><span lang=\"ES-AR\">Handbol<\/span><\/span><\/p>\n<p class=\"O\" style=\"text-align: center; mso-char-wrap: 1; mso-kinsoku-overflow: 1;\"><span lang=\"ES-AR\"><span style=\"font-size: 18pt;\"><img decoding=\"async\" loading=\"lazy\" src=\"https:\/\/isfd18-bue.infd.edu.ar\/sitio\/wp-content\/uploads\/2018\/08\/handbol_320x200.jpg\" width=\"207\" height=\"155\" border=\"0\" \/><\/span><\/span><\/p>\n<p>\u00a0 \u00a0 \u00a0 \u00a0 \u00a0 \u00a0 \u00a0 \u00a0 Voley<\/p>\n<p><img decoding=\"async\" loading=\"lazy\" class=\"wp-image-732 aligncenter\" src=\"https:\/\/isfd18-bue.infd.edu.ar\/sitio\/wp-content\/uploads\/2018\/08\/Voley_2.jpg\" alt=\"\" width=\"231\" height=\"173\" srcset=\"https:\/\/isfd18-bue.infd.edu.ar\/sitio\/wp-content\/uploads\/2018\/08\/Voley_2.jpg 960w, https:\/\/isfd18-bue.infd.edu.ar\/sitio\/wp-content\/uploads\/2018\/08\/Voley_2-768x576.jpg 768w\" sizes=\"(max-width: 231px) 100vw, 231px\" \/><\/p>\n<p class=\"O\" style=\"mso-char-wrap: 1; mso-kinsoku-overflow: 1;\">\n<ul>\n<li>\n<div class=\"O\" style=\"mso-char-wrap: 1; mso-kinsoku-overflow: 1;\"><span lang=\"ES-AR\"><span style=\"font-size: 18pt;\">PARQUE MUNICIPAL DE LOMAS DE ZAMORA<\/span><\/span><\/div>\n<\/li>\n<\/ul>\n<p style=\"padding-left: 90px; mso-line-spacing: '100 20 0'; mso-margin-left-alt: 216; mso-char-wrap: 1; mso-kinsoku-overflow: 1;\"><span lang=\"ES-AR\"><span style=\"font-size: 18pt;\"><span lang=\"ES-AR\"><span style=\"font-size: 12pt;\">Situado en Molina Arrotea y Las Lilas, Lomas Oeste a una hora del instituto no habiendo transporte p\u00fablico directo.<\/span><\/span><\/span><\/span><\/p>\n<p style=\"padding-left: 90px; mso-line-spacing: '100 20 0'; mso-margin-left-alt: 216; mso-char-wrap: 1; mso-kinsoku-overflow: 1;\"><span style=\"position: absolute; left: -4.85%; mso-special-format: bullet;\">\u2022<\/span><\/p>\n<p style=\"padding-left: 90px;\"><span style=\"font-size: 12pt;\"><span lang=\"ES-AR\">Se realizan pr\u00e1cticas de<\/span><span lang=\"ES-AR\">:<\/span><\/span><\/p>\n<ul>\n<li>\n<div style=\"text-align: left;\"><span lang=\"ES-AR\"><strong><span style=\"font-size: 12pt;\">ATLETISMO <\/span><\/strong><\/span><\/div>\n<\/li>\n<li>\n<div style=\"text-align: left;\"><b>F\u00daTBOL<\/b><\/div>\n<\/li>\n<li>\n<div style=\"text-align: left;\"><span lang=\"ES-AR\"><strong><span style=\"font-size: 12pt;\">RUGBY <\/span><\/strong><\/span><\/div>\n<\/li>\n<li>\n<div style=\"text-align: left;\"><span lang=\"ES-AR\"><strong><span style=\"font-size: 12pt;\">HOCKEY<\/span><\/strong><\/span><\/div>\n<\/li>\n<li><strong>SOFTBOL<\/strong><\/li>\n<\/ul>\n","protected":false},"excerpt":{"rendered":"<p>&nbsp; \u2022 Pr\u00e1cticas Deportivas CLUB DEFENSORES DE BANFIELD \u2022 Situado en Jose Mar\u00eda Penna 1610 (esquina Pe\u00f1a), Banfield Oeste, a 25 minutos del Instituto debiendo cruzarse la v\u00eda del ferrocarril. \u00a0 * Los alumnos deben abonar un canon por las actividades\u00a0 que realizan. \u00a0Se realizan pr\u00e1cticas de: Nataci\u00f3n Basquet \u00a0 Handbol \u00a0 \u00a0 \u00a0 \u00a0 &#8230; <a title=\"Pr\u00e1cticas Deportivas\" class=\"read-more\" href=\"https:\/\/isfd18-bue.infd.edu.ar\/sitio\/practicas-deportivas\/\" aria-label=\"More on Pr\u00e1cticas Deportivas\">[+]<\/a><\/p>\n","protected":false},"author":1719,"featured_media":0,"parent":0,"menu_order":0,"comment_status":"closed","ping_status":"closed","template":"","meta":[],"acf":[],"_links":{"self":[{"href":"https:\/\/isfd18-bue.infd.edu.ar\/sitio\/wp-json\/wp\/v2\/pages\/885"}],"collection":[{"href":"https:\/\/isfd18-bue.infd.edu.ar\/sitio\/wp-json\/wp\/v2\/pages"}],"about":[{"href":"https:\/\/isfd18-bue.infd.edu.ar\/sitio\/wp-json\/wp\/v2\/types\/page"}],"author":[{"embeddable":true,"href":"https:\/\/isfd18-bue.infd.edu.ar\/sitio\/wp-json\/wp\/v2\/users\/1719"}],"replies":[{"embeddable":true,"href":"https:\/\/isfd18-bue.infd.edu.ar\/sitio\/wp-json\/wp\/v2\/comments?post=885"}],"version-history":[{"count":2,"href":"https:\/\/isfd18-bue.infd.edu.ar\/sitio\/wp-json\/wp\/v2\/pages\/885\/revisions"}],"predecessor-version":[{"id":985,"href":"https:\/\/isfd18-bue.infd.edu.ar\/sitio\/wp-json\/wp\/v2\/pages\/885\/revisions\/985"}],"wp:attachment":[{"href":"https:\/\/isfd18-bue.infd.edu.ar\/sitio\/wp-json\/wp\/v2\/media?parent=885"}],"curies":[{"name":"wp","href":"https:\/\/api.w.org\/{rel}","templated":true}]}}