{"id":871,"date":"2018-08-29T19:58:36","date_gmt":"2018-08-29T22:58:36","guid":{"rendered":"https:\/\/isfd18-bue.infd.edu.ar\/sitio\/fundamentacion-perfil-y-requisitos\/"},"modified":"2020-03-25T13:49:15","modified_gmt":"2020-03-25T16:49:15","slug":"fundamentacion-perfil-y-requisitos","status":"publish","type":"page","link":"https:\/\/isfd18-bue.infd.edu.ar\/sitio\/fundamentacion-perfil-y-requisitos\/","title":{"rendered":"Fundamentaci\u00f3n, perfil y requisitos"},"content":{"rendered":"<p style=\"text-align: center;\"><em><strong>FUNDAMENTACI\u00d3N DE LA TECNICATURA SUPERIOR EN FONOAUDIOLOG\u00cdA<\/strong><\/em><\/p>\n<p>\u201cLa Fonoaudiolog\u00eda es una disciplina que tiene como objeto de estudio la comunicaci\u00f3n humana en su desarrollo, sus variedades, su perfeccionamiento, sus disturbios y su rehabilitaci\u00f3n. Desde esa perspectiva, se relaciona con diversas funciones y \u00e1reas: auditiva, vestibular, cognitiva, con el lenguaje oral y escrito, el habla, la voz, las discapacidades, con las funciones oro faciales y con la degluci\u00f3n\u201d\u2026<\/p>\n<p>\u201cEs el profesional del \u00e1rea de la salud, encargado de los procesos de prevenci\u00f3n, promoci\u00f3n, intervenci\u00f3n y rehabilitaci\u00f3n en el \u00e1rea foni\u00e1trica, audiol\u00f3gica y del lenguaje.<br \/>\nCuando detecta patolog\u00edas de dichas \u00e1reas aplica m\u00e9todos de rehabilitaci\u00f3n o elecci\u00f3n de pr\u00f3tesis para devolver al individuo su capacidad comunicativa dentro de los l\u00edmites de la ciencia\u201d\u2026<\/p>\n<p>\u201cLa Fonoaudiolog\u00eda es una profesi\u00f3n basada en la investigaci\u00f3n cient\u00edfica, que contribuye a mejorar la calidad de vida de la gente y, como profesi\u00f3n comprometida con el bienestar humano y con la vida de los seres humanos, tiene un importante lugar en el mundo actual\u201d\u2026<\/p>\n<p><strong>PERFIL PROFESIONAL<\/strong><\/p>\n<p>Competencia general<\/p>\n<p>El Fonoaudi\u00f3logo es un profesional del \u00e1rea de la salud, competente para: dise\u00f1ar, dirigir, coordinar, ejecutar y evaluar estudios, trabajos e investigaciones cient\u00edficas vinculadas con la comunicaci\u00f3n humana y sus perturbaciones en las \u00e1reas de voz, audici\u00f3n, habla, lenguaje y alteraciones del aprendizaje a patolog\u00edas ling\u00fc\u00edsticas. Tambi\u00e9n, elaborar\u00e1 diagn\u00f3sticos, pron\u00f3sticos y propuestas de acci\u00f3n sobre los distintos aspectos de la realidad en salud, en las \u00e1reas particulares de la fonoaudiolog\u00eda.<\/p>\n<p>\u00c1rea ocupacional<\/p>\n<p>El Fonoaudi\u00f3logo\/a se desempe\u00f1a en diversos \u00e1mbitos del sector salud, educaci\u00f3n, art\u00edstico, judicial y socio comunitarios, tanto de la administraci\u00f3n p\u00fablica, como en organizaciones privadas.<br \/>\nPodr\u00e1 ejercer diversos roles, dependiendo de las caracter\u00edsticas y magnitud de la organizaci\u00f3n donde se desempe\u00f1e, y realizar\u00e1 actividades de atenci\u00f3n terap\u00e9uticas, asesoramiento, dise\u00f1o de estrategias y pol\u00edticas, coordinaci\u00f3n de grupos de trabajo, trabajando en forma interdisciplinaria, direcci\u00f3n de equipos operativos y de investigaci\u00f3n.<\/p>\n<p>Habilitaciones profesionales<br \/>\nLas actividades del fonoaudi\u00f3logo son reguladas por la normativa referida al ejercicio profesional en cada jurisdicci\u00f3n, tanto para el trabajo en el sector privado como del sector p\u00fablico, respetando las pautas \u00e9ticas y jur\u00eddicas que hacen a su profesionalidad.<\/p>\n<p><strong>REQUISITO PARA EL INGRESO<\/strong><\/p>\n<p>El aspirante deber\u00e1 tener aprobada la educaci\u00f3n secundaria, acreditable a trav\u00e9s de certificaciones oficiales del sistema educativo provincial o nacional (Ley N\u00b0 26206).<\/p>\n<p>Adem\u00e1s, el aspirante deber\u00e1 aprobar una evaluaci\u00f3n de salud fonoaudiol\u00f3gica. Donde se evaluar\u00e1n los par\u00e1metros articulatorios, dicci\u00f3n, ac\u00fastica de la voz, respiraci\u00f3n y dem\u00e1s que no fueron evaluados por el Otorrinolaring\u00f3logo en la laringoscop\u00eda y por la Fonoaudi\u00f3loga especialista en Audici\u00f3n en la audiometr\u00eda.<\/p>\n<p>&nbsp;<\/p>\n<p>&nbsp;<\/p>\n<p>&nbsp;<\/p>\n<p style=\"text-align: left;\">\n","protected":false},"excerpt":{"rendered":"<p>FUNDAMENTACI\u00d3N DE LA TECNICATURA SUPERIOR EN FONOAUDIOLOG\u00cdA \u201cLa Fonoaudiolog\u00eda es una disciplina que tiene como objeto de estudio la comunicaci\u00f3n humana en su desarrollo, sus variedades, su perfeccionamiento, sus disturbios y su rehabilitaci\u00f3n. Desde esa perspectiva, se relaciona con diversas funciones y \u00e1reas: auditiva, vestibular, cognitiva, con el lenguaje oral y escrito, el habla, la &#8230; <a title=\"Fundamentaci\u00f3n, perfil y requisitos\" class=\"read-more\" href=\"https:\/\/isfd18-bue.infd.edu.ar\/sitio\/fundamentacion-perfil-y-requisitos\/\" aria-label=\"More on Fundamentaci\u00f3n, perfil y requisitos\">[+]<\/a><\/p>\n","protected":false},"author":1719,"featured_media":0,"parent":0,"menu_order":0,"comment_status":"closed","ping_status":"closed","template":"","meta":[],"acf":[],"_links":{"self":[{"href":"https:\/\/isfd18-bue.infd.edu.ar\/sitio\/wp-json\/wp\/v2\/pages\/871"}],"collection":[{"href":"https:\/\/isfd18-bue.infd.edu.ar\/sitio\/wp-json\/wp\/v2\/pages"}],"about":[{"href":"https:\/\/isfd18-bue.infd.edu.ar\/sitio\/wp-json\/wp\/v2\/types\/page"}],"author":[{"embeddable":true,"href":"https:\/\/isfd18-bue.infd.edu.ar\/sitio\/wp-json\/wp\/v2\/users\/1719"}],"replies":[{"embeddable":true,"href":"https:\/\/isfd18-bue.infd.edu.ar\/sitio\/wp-json\/wp\/v2\/comments?post=871"}],"version-history":[{"count":2,"href":"https:\/\/isfd18-bue.infd.edu.ar\/sitio\/wp-json\/wp\/v2\/pages\/871\/revisions"}],"predecessor-version":[{"id":1403,"href":"https:\/\/isfd18-bue.infd.edu.ar\/sitio\/wp-json\/wp\/v2\/pages\/871\/revisions\/1403"}],"wp:attachment":[{"href":"https:\/\/isfd18-bue.infd.edu.ar\/sitio\/wp-json\/wp\/v2\/media?parent=871"}],"curies":[{"name":"wp","href":"https:\/\/api.w.org\/{rel}","templated":true}]}}