{"id":865,"date":"2018-08-29T19:58:34","date_gmt":"2018-08-29T22:58:34","guid":{"rendered":"https:\/\/isfd18-bue.infd.edu.ar\/sitio\/cufba\/"},"modified":"2020-03-23T18:45:45","modified_gmt":"2020-03-23T21:45:45","slug":"cufba","status":"publish","type":"page","link":"https:\/\/isfd18-bue.infd.edu.ar\/sitio\/cufba\/","title":{"rendered":"CUFBA"},"content":{"rendered":"<p style=\"text-align: justify;\">Tiene como fin posibilitar la adquisici\u00f3n de competencias requeridas para el ingreso en la Carrera.<\/p>\n<p style=\"padding-left: 30px;\"><img decoding=\"async\" title=\"Vi\u00f1eta fija\" src=\"https:\/\/isfd18-bue.infd.edu.ar\/sitio\/wp-content\/uploads\/2018\/08\/TgC_boton103.gif\" alt=\"Vi\u00f1eta fija\" border=\"0\" \/>Se desarrollar\u00e1 un Curso de Formaci\u00f3n B\u00e1sica con la duraci\u00f3n de un Ciclo Lectivo de treinta y dos (32) semanas y una carga horaria de ocho (8) horas reloj semanales.<\/p>\n<p style=\"padding-left: 30px;\"><img decoding=\"async\" title=\"Vi\u00f1eta fija\" src=\"https:\/\/isfd18-bue.infd.edu.ar\/sitio\/wp-content\/uploads\/2018\/08\/TgC_boton103.gif\" alt=\"Vi\u00f1eta fija\" border=\"0\" \/>Podr\u00e1n incorporarse aquellos aspirantes que hayan completado el Nivel de Educaci\u00f3n Medio \/ el Polimodal \/ Secundario o alumnos cursantes del \u00faltimo a\u00f1o de la Educaci\u00f3n Secundaria.<\/p>\n<p style=\"padding-left: 30px;\">Expectativas de Logro:<\/p>\n<ul>\n<li>Comprensi\u00f3n de un texto escrito desconocido, rese\u00f1ando sus ideas principales.<\/li>\n<li>Comprensi\u00f3n de un texto oral desconocido,\u00a0rese\u00f1ando sus ideas principales.<\/li>\n<li>Redacci\u00f3n de una carta breve e informal o narraci\u00f3n sobre un tema asignado, desarrollado con coherencia y en respuesta al prop\u00f3sito del texto<\/li>\n<li>Respuesta al discurso imprevisible de un interlocutor sobre temas de la vida cotidiana.<\/li>\n<li>Conversaci\u00f3n flu\u00edda con aproximaci\u00f3n a la correcci\u00f3n fon\u00e9tica, l\u00e9xica y gramatical y con adecuaci\u00f3n al contexto.<\/li>\n<\/ul>\n<p>&nbsp;<\/p>\n<p>HORARIO DE CURSADA:<\/p>\n<p>Lunes: 13:00 a 17:00 hs\u00a0 &#8211;\u00a0 \u00a0S\u00e1bado: 8:00 a 12:00 hs<\/p>\n<p>&nbsp;<\/p>\n<p>INICIACI\u00d3N DE CLASES:\u00a0 \u00a0 \u00a0 \u00a0 \u00a0\u00a0<strong>A CONFIRMAR<\/strong><\/p>\n<p>&nbsp;<\/p>\n<p>INSCRIPCI\u00d3N:<\/p>\n<p>Documentaci\u00f3n a Presentar:<\/p>\n<p>Planilla de Inscripci\u00f3n (se adquiere en la fotocopiadora del Instituto)<\/p>\n<p>Fotocopia de D.N.I.<\/p>\n<p>Fotocopia del T\u00edtulo Secundario o Comprobante de escolaridad: para Alumnos que est\u00e9n cursando el \u00faltimo a\u00f1o de la Escuela Secundaria<\/p>\n","protected":false},"excerpt":{"rendered":"<p>Tiene como fin posibilitar la adquisici\u00f3n de competencias requeridas para el ingreso en la Carrera. Se desarrollar\u00e1 un Curso de Formaci\u00f3n B\u00e1sica con la duraci\u00f3n de un Ciclo Lectivo de treinta y dos (32) semanas y una carga horaria de ocho (8) horas reloj semanales. Podr\u00e1n incorporarse aquellos aspirantes que hayan completado el Nivel de &#8230; <a title=\"CUFBA\" class=\"read-more\" href=\"https:\/\/isfd18-bue.infd.edu.ar\/sitio\/cufba\/\" aria-label=\"More on CUFBA\">[+]<\/a><\/p>\n","protected":false},"author":1719,"featured_media":0,"parent":0,"menu_order":0,"comment_status":"closed","ping_status":"closed","template":"","meta":[],"acf":[],"_links":{"self":[{"href":"https:\/\/isfd18-bue.infd.edu.ar\/sitio\/wp-json\/wp\/v2\/pages\/865"}],"collection":[{"href":"https:\/\/isfd18-bue.infd.edu.ar\/sitio\/wp-json\/wp\/v2\/pages"}],"about":[{"href":"https:\/\/isfd18-bue.infd.edu.ar\/sitio\/wp-json\/wp\/v2\/types\/page"}],"author":[{"embeddable":true,"href":"https:\/\/isfd18-bue.infd.edu.ar\/sitio\/wp-json\/wp\/v2\/users\/1719"}],"replies":[{"embeddable":true,"href":"https:\/\/isfd18-bue.infd.edu.ar\/sitio\/wp-json\/wp\/v2\/comments?post=865"}],"version-history":[{"count":3,"href":"https:\/\/isfd18-bue.infd.edu.ar\/sitio\/wp-json\/wp\/v2\/pages\/865\/revisions"}],"predecessor-version":[{"id":1366,"href":"https:\/\/isfd18-bue.infd.edu.ar\/sitio\/wp-json\/wp\/v2\/pages\/865\/revisions\/1366"}],"wp:attachment":[{"href":"https:\/\/isfd18-bue.infd.edu.ar\/sitio\/wp-json\/wp\/v2\/media?parent=865"}],"curies":[{"name":"wp","href":"https:\/\/api.w.org\/{rel}","templated":true}]}}