{"id":857,"date":"2018-08-29T19:58:32","date_gmt":"2018-08-29T22:58:32","guid":{"rendered":"https:\/\/isfd18-bue.infd.edu.ar\/sitio\/estructura-curricular\/"},"modified":"2020-03-23T19:32:06","modified_gmt":"2020-03-23T22:32:06","slug":"estructura-curricular","status":"publish","type":"page","link":"https:\/\/isfd18-bue.infd.edu.ar\/sitio\/estructura-curricular\/","title":{"rendered":"Estructura Curricular"},"content":{"rendered":"<h2 style=\"text-align: center;\">Profesorado de Ingl\u00e9s<\/h2>\n<p>&nbsp;<\/p>\n<p>Plan de Estudio Aprobado por Resoluci\u00f3n N\u00b0\u00a013296\/99 y Resoluci\u00f3n N\u00b0 30\/03<\/p>\n<p>&nbsp;<\/p>\n<p><strong>Alcances del\u00a0 T\u00edtulo<\/strong><\/p>\n<p>Los estudiantes que acrediten los aprendizajes correspondientes a los tres primeros a\u00f1os obtendr\u00e1n el t\u00edtulo de:\u00a0<strong>PROFESOR DE INGL\u00c9S PARA EL PRIMERO Y SEGUNDO CICLO DE EGB.<\/strong><\/p>\n<p>Al aprobar el Cuarto A\u00f1o, recibir\u00e1n el t\u00edtulo de:\u00a0<strong>PROFESOR DE INGL\u00c9S PARA LA EGB Y EDUCACI\u00d3N POLIMODAL.<\/strong><\/p>\n<p>&nbsp;<\/p>\n<h2 style=\"text-align: center;\"><strong><em>ESTRUCTURA CURRICULAR<\/em><\/strong><\/h2>\n<table style=\"width: 100%;\" border=\"1\" cellspacing=\"0\" cellpadding=\"0\">\n<tbody>\n<tr>\n<td style=\"text-align: center;\" colspan=\"3\" width=\"584\"><strong>PRIMER A\u00d1O<\/strong><\/td>\n<\/tr>\n<tr>\n<td style=\"text-align: center;\" width=\"177\"><strong>ESPACIOS<\/strong><\/td>\n<td style=\"text-align: center;\" width=\"255\"><strong>ESTRUCTURA\u00a0 CURRICULAR<\/strong><\/td>\n<td style=\"text-align: center;\" width=\"152\"><strong>CARGA HORARIA ANUAL<\/strong><\/td>\n<\/tr>\n<tr>\n<td style=\"text-align: center;\" rowspan=\"3\" width=\"177\"><strong>ESPACIO DE LA FUNDAMENTACI\u00d3N PEDAG\u00d3GICA<\/strong><\/td>\n<td width=\"255\"><strong>Perspectiva Filos\u00f3fico \u2013 Pedag\u00f3gica I<\/strong><\/td>\n<td style=\"text-align: center;\" width=\"152\"><strong>64 hs. reloj<\/strong><\/td>\n<\/tr>\n<tr>\n<td width=\"255\"><strong>Perspectiva Pedag\u00f3gico \u2013 Did\u00e1ctica I<\/strong><\/td>\n<td style=\"text-align: center;\" width=\"152\"><strong>64 hs. reloj<\/strong><\/td>\n<\/tr>\n<tr>\n<td width=\"255\"><strong>Perspectiva Socio &#8211; Pol\u00edtica<\/strong><\/td>\n<td style=\"text-align: center;\" width=\"152\"><strong>64 hs. reloj<\/strong><\/td>\n<\/tr>\n<tr>\n<td style=\"text-align: center;\" width=\"177\"><strong>ESPACIO DE LA ESPECIALIZACI\u00d3N POR NIVELES<\/strong><\/td>\n<td width=\"255\"><strong>Psicolog\u00eda y Cultura en la Educaci\u00f3n<\/strong><\/td>\n<td style=\"text-align: center;\" width=\"152\"><strong>64 hs. reloj<\/strong><\/td>\n<\/tr>\n<tr>\n<td style=\"text-align: center;\" rowspan=\"3\" width=\"177\"><strong>ESPACIO DE LA ORIENTACI\u00d3N<\/strong><\/td>\n<td width=\"255\"><strong>Lengua y Cultura I<\/strong><\/td>\n<td style=\"text-align: center;\" width=\"152\"><strong>128 hs. reloj<\/strong><\/td>\n<\/tr>\n<tr>\n<td width=\"255\"><strong>Lengua y Expresi\u00f3n Escrita I<\/strong><\/td>\n<td style=\"text-align: center;\" width=\"152\"><strong>128 hs. reloj<\/strong><\/td>\n<\/tr>\n<tr>\n<td width=\"255\"><strong>Lengua y Expresi\u00f3n Oral I<\/strong><\/td>\n<td style=\"text-align: center;\" width=\"152\"><strong>128 hs. reloj<\/strong><\/td>\n<\/tr>\n<tr>\n<td style=\"text-align: center;\" width=\"177\"><strong>ESPACIO DE LA PR\u00c1CTICA DOCENTE<\/strong><\/td>\n<td width=\"255\"><strong>Espacio de la Pr\u00e1ctica Docente I<\/strong><\/td>\n<td style=\"text-align: center;\" width=\"152\"><strong>4.30 hs. reloj semanales<\/strong><\/td>\n<\/tr>\n<tr>\n<td colspan=\"3\" valign=\"top\" width=\"584\"><strong>Total de horas anuales: 784 <\/strong><\/td>\n<\/tr>\n<\/tbody>\n<\/table>\n<p>&nbsp;<\/p>\n<table style=\"width: 100%;\" border=\"1\" cellspacing=\"0\" cellpadding=\"0\">\n<tbody>\n<tr>\n<td style=\"text-align: center;\" colspan=\"3\" width=\"584\"><strong>SEGUNDO A\u00d1O<\/strong><\/td>\n<\/tr>\n<tr>\n<td style=\"text-align: center;\" width=\"177\"><strong>ESPACIOS<\/strong><\/td>\n<td style=\"text-align: center;\" width=\"255\"><strong>ESTRUCTURA\u00a0 CURRICULAR<\/strong><\/td>\n<td style=\"text-align: center;\" width=\"152\"><strong>CARGA HORARIA ANUAL<\/strong><\/td>\n<\/tr>\n<tr>\n<td style=\"text-align: center;\" rowspan=\"2\" width=\"177\"><strong>ESPACIO DE LA FUNDAMENTACI\u00d3N PEDAG\u00d3GICA <\/strong><\/td>\n<td width=\"255\"><strong>Perspectiva Filos\u00f3fico \u2013 Pedag\u00f3gica II<\/strong><\/td>\n<td style=\"text-align: center;\" width=\"152\"><strong>64 hs. reloj<\/strong><\/td>\n<\/tr>\n<tr>\n<td width=\"255\"><strong>Perspectiva Pedag\u00f3gico \u2013 Did\u00e1ctica II (Did\u00e1ctica Especial)<\/strong><\/td>\n<td style=\"text-align: center;\" width=\"152\"><strong>64 hs. reloj<\/strong><\/td>\n<\/tr>\n<tr>\n<td style=\"text-align: center;\" width=\"177\"><strong>ESPACIO DE LA ESPECIALIZACI\u00d3N POR NIVELES<\/strong><\/td>\n<td width=\"255\"><strong>Psicolog\u00eda y Cultura del Alumno de EGB 1 y 2<\/strong><\/td>\n<td style=\"text-align: center;\" width=\"152\"><strong>\u00a0\u00a0 64 hs. reloj<\/strong><\/td>\n<\/tr>\n<tr>\n<td style=\"text-align: center;\" rowspan=\"4\" width=\"177\"><strong>ESPACIO DE LA ORIENTACI\u00d3N<\/strong><\/td>\n<td width=\"255\"><strong>Lengua y Cultura II<\/strong><\/td>\n<td style=\"text-align: center;\" width=\"152\"><strong>128 hs. reloj<\/strong><\/td>\n<\/tr>\n<tr>\n<td width=\"255\"><strong>Lengua y Expresi\u00f3n Escrita II<\/strong><\/td>\n<td style=\"text-align: center;\" width=\"152\"><strong>128 hs. reloj<\/strong><\/td>\n<\/tr>\n<tr>\n<td width=\"255\"><strong>Lengua y Expresi\u00f3n Oral II<\/strong><\/td>\n<td style=\"text-align: center;\" width=\"152\"><strong>128 hs. reloj<\/strong><\/td>\n<\/tr>\n<tr>\n<td width=\"255\"><strong>Ingl\u00e9s y su ense\u00f1anza I<\/strong><\/td>\n<td style=\"text-align: center;\" width=\"152\"><strong>64 hs. reloj<\/strong><\/td>\n<\/tr>\n<tr>\n<td style=\"text-align: center;\" width=\"177\"><strong>ESPACIO DE LA PR\u00c1CTICA DOCENTE<\/strong><\/td>\n<td width=\"255\"><strong>Espacio de la Pr\u00e1ctica Docente II<\/strong><\/td>\n<td style=\"text-align: center;\" width=\"152\"><strong>4.30 hs. reloj semanales<\/strong><\/td>\n<\/tr>\n<tr>\n<td colspan=\"3\" width=\"584\"><strong>Total de horas anuales: \u00a0784<\/strong><\/td>\n<\/tr>\n<\/tbody>\n<\/table>\n<p><strong>\u00a0<\/strong><\/p>\n<table style=\"width: 100%;\" border=\"1\" cellspacing=\"0\" cellpadding=\"0\">\n<tbody>\n<tr>\n<td style=\"text-align: center;\" colspan=\"3\" width=\"584\"><strong>TERCER A\u00d1O<\/strong><\/td>\n<\/tr>\n<tr>\n<td style=\"text-align: center;\" width=\"177\"><strong>ESPACIOS<\/strong><\/td>\n<td style=\"text-align: center;\" width=\"255\"><strong>ESTRUCTURA\u00a0 CURRICULAR<\/strong><\/td>\n<td style=\"text-align: center;\" width=\"152\"><strong>CARGA HORARIA ANUAL<\/strong><\/td>\n<\/tr>\n<tr>\n<td style=\"text-align: center;\" rowspan=\"2\" width=\"177\"><strong>ESPACIO DE LA FUNDAMENTACI\u00d3N PEDAG\u00d3GICA <\/strong><\/td>\n<td width=\"255\"><strong>Perspectiva Filos\u00f3fico \u2013 Pedag\u00f3gico &#8211; Did\u00e1ctica<\/strong><\/td>\n<td style=\"text-align: center;\" width=\"152\"><strong>64 hs. reloj<\/strong><\/td>\n<\/tr>\n<tr>\n<td width=\"255\"><strong>Perspectiva Pol\u00edtico &#8211; Institucional<\/strong><\/td>\n<td style=\"text-align: center;\" width=\"152\"><strong>64 hs. reloj<\/strong><\/td>\n<\/tr>\n<tr>\n<td style=\"text-align: center;\" width=\"177\"><strong>ESPACIO DE LA ESPECIALIZACI\u00d3N POR NIVELES<\/strong><\/td>\n<td width=\"255\"><strong>Psicolog\u00eda y Cultura del Alumno de EGB 3 y Polimodal<\/strong><\/td>\n<td style=\"text-align: center;\" width=\"152\"><strong>64 hs. reloj<\/strong><\/td>\n<\/tr>\n<tr>\n<td style=\"text-align: center;\" rowspan=\"4\" width=\"177\"><strong>ESPACIO DE LA ORIENTACI\u00d3N<\/strong><\/td>\n<td width=\"255\"><strong>Lengua y Cultura III<\/strong><\/td>\n<td style=\"text-align: center;\" width=\"152\"><strong>128 hs. reloj<\/strong><\/td>\n<\/tr>\n<tr>\n<td width=\"255\"><strong>Lengua y Expresi\u00f3n Escrita III<\/strong><\/td>\n<td style=\"text-align: center;\" width=\"152\"><strong>160 hs. reloj<\/strong><\/td>\n<\/tr>\n<tr>\n<td width=\"255\"><strong>Lengua y Expresi\u00f3n Oral III<\/strong><\/td>\n<td style=\"text-align: center;\" width=\"152\"><strong>192 hs. reloj<\/strong><\/td>\n<\/tr>\n<tr>\n<td width=\"255\"><strong>Ingl\u00e9s y su ense\u00f1anza II<\/strong><\/td>\n<td style=\"text-align: center;\" width=\"152\"><strong>64 hs. reloj<\/strong><\/td>\n<\/tr>\n<tr>\n<td style=\"text-align: center;\" width=\"177\"><strong>ESPACIO DE LA PR\u00c1CTICA DOCENTE<\/strong><\/td>\n<td width=\"255\"><strong>Espacio de la Pr\u00e1ctica Docente III<\/strong><\/td>\n<td style=\"text-align: center;\" width=\"152\"><strong>90 hs. reloj <\/strong><\/td>\n<\/tr>\n<tr>\n<td colspan=\"3\" width=\"584\"><strong>Total de horas anuales: \u00a0826<\/strong><\/td>\n<\/tr>\n<\/tbody>\n<\/table>\n<p>&nbsp;<\/p>\n<table style=\"width: 100%;\" border=\"1\" cellspacing=\"0\" cellpadding=\"0\">\n<tbody>\n<tr>\n<td style=\"text-align: center;\" colspan=\"3\" width=\"584\"><strong>CUARTO A\u00d1O<\/strong><\/td>\n<\/tr>\n<tr>\n<td style=\"text-align: center;\" width=\"177\"><strong>ESPACIOS<\/strong><\/td>\n<td style=\"text-align: center;\" width=\"255\"><strong>ESTRUCTURA\u00a0 CURRICULAR<\/strong><\/td>\n<td style=\"text-align: center;\" width=\"152\"><strong>CARGA HORARIA ANUAL<\/strong><\/td>\n<\/tr>\n<tr>\n<td style=\"text-align: center;\" rowspan=\"6\" width=\"177\"><strong>ESPACIO DE LA ORIENTACI\u00d3N<\/strong><\/td>\n<td width=\"255\"><strong>Lengua y Cultura IV<\/strong><\/td>\n<td style=\"text-align: center;\" width=\"152\"><strong>128 hs. reloj<\/strong><\/td>\n<\/tr>\n<tr>\n<td width=\"255\"><strong>Lengua y Expresi\u00f3n Escrita IV<\/strong><\/td>\n<td style=\"text-align: center;\" width=\"152\"><strong>160 hs. reloj<\/strong><\/td>\n<\/tr>\n<tr>\n<td width=\"255\"><strong>Lengua y Expresi\u00f3n Oral IV<\/strong><\/td>\n<td style=\"text-align: center;\" width=\"152\"><strong>160 hs. reloj<\/strong><\/td>\n<\/tr>\n<tr>\n<td width=\"255\"><strong>Ingl\u00e9s y su ense\u00f1anza III<\/strong><\/td>\n<td style=\"text-align: center;\" width=\"152\"><strong>96 hs. reloj<\/strong><\/td>\n<\/tr>\n<tr>\n<td width=\"255\"><strong>Expresi\u00f3n Oral y Escrita de Lengua Espa\u00f1ola<\/strong><\/td>\n<td style=\"text-align: center;\" width=\"152\"><strong>64 hs. reloj<\/strong><\/td>\n<\/tr>\n<tr>\n<td width=\"255\"><strong>Segunda Lengua Extranjera<\/strong><\/td>\n<td style=\"text-align: center;\" width=\"152\"><strong>64 hs. reloj<\/strong><\/td>\n<\/tr>\n<tr>\n<td style=\"text-align: center;\" width=\"177\"><strong>ESPACIO DE LA PR\u00c1CTICA DOCENTE<\/strong><\/td>\n<td width=\"255\"><strong>Espacio de la Pr\u00e1ctica Docente IV<\/strong><\/td>\n<td style=\"text-align: center;\" width=\"152\"><strong>2 cuatrimestres de 33 hs. reloj cada uno<\/strong><\/td>\n<\/tr>\n<tr>\n<td colspan=\"3\" width=\"584\"><strong>Total de horas anuales: \u00a0738<\/strong><\/td>\n<\/tr>\n<\/tbody>\n<\/table>\n<p style=\"text-align: center;\"><span style=\"font-size: 14pt;\"><strong><span style=\"color: #3366ff;\"><span style=\"font-family: andale mono,times;\">\u00a0<\/span><\/span><\/strong><\/span><\/p>\n<p><span style=\"font-family: Times New Roman; font-size: 12pt;\">\u00a0<\/span><\/p>\n","protected":false},"excerpt":{"rendered":"<p>Profesorado de Ingl\u00e9s &nbsp; Plan de Estudio Aprobado por Resoluci\u00f3n N\u00b0\u00a013296\/99 y Resoluci\u00f3n N\u00b0 30\/03 &nbsp; Alcances del\u00a0 T\u00edtulo Los estudiantes que acrediten los aprendizajes correspondientes a los tres primeros a\u00f1os obtendr\u00e1n el t\u00edtulo de:\u00a0PROFESOR DE INGL\u00c9S PARA EL PRIMERO Y SEGUNDO CICLO DE EGB. Al aprobar el Cuarto A\u00f1o, recibir\u00e1n el t\u00edtulo de:\u00a0PROFESOR DE &#8230; <a title=\"Estructura Curricular\" class=\"read-more\" href=\"https:\/\/isfd18-bue.infd.edu.ar\/sitio\/estructura-curricular\/\" aria-label=\"More on Estructura Curricular\">[+]<\/a><\/p>\n","protected":false},"author":1719,"featured_media":0,"parent":0,"menu_order":0,"comment_status":"closed","ping_status":"closed","template":"","meta":[],"acf":[],"_links":{"self":[{"href":"https:\/\/isfd18-bue.infd.edu.ar\/sitio\/wp-json\/wp\/v2\/pages\/857"}],"collection":[{"href":"https:\/\/isfd18-bue.infd.edu.ar\/sitio\/wp-json\/wp\/v2\/pages"}],"about":[{"href":"https:\/\/isfd18-bue.infd.edu.ar\/sitio\/wp-json\/wp\/v2\/types\/page"}],"author":[{"embeddable":true,"href":"https:\/\/isfd18-bue.infd.edu.ar\/sitio\/wp-json\/wp\/v2\/users\/1719"}],"replies":[{"embeddable":true,"href":"https:\/\/isfd18-bue.infd.edu.ar\/sitio\/wp-json\/wp\/v2\/comments?post=857"}],"version-history":[{"count":5,"href":"https:\/\/isfd18-bue.infd.edu.ar\/sitio\/wp-json\/wp\/v2\/pages\/857\/revisions"}],"predecessor-version":[{"id":1370,"href":"https:\/\/isfd18-bue.infd.edu.ar\/sitio\/wp-json\/wp\/v2\/pages\/857\/revisions\/1370"}],"wp:attachment":[{"href":"https:\/\/isfd18-bue.infd.edu.ar\/sitio\/wp-json\/wp\/v2\/media?parent=857"}],"curies":[{"name":"wp","href":"https:\/\/api.w.org\/{rel}","templated":true}]}}