{"id":855,"date":"2018-08-29T19:58:31","date_gmt":"2018-08-29T22:58:31","guid":{"rendered":"https:\/\/isfd18-bue.infd.edu.ar\/sitio\/plan-de-estudios_fono\/"},"modified":"2021-03-31T12:08:19","modified_gmt":"2021-03-31T15:08:19","slug":"plan-de-estudios_fono","status":"publish","type":"page","link":"https:\/\/isfd18-bue.infd.edu.ar\/sitio\/plan-de-estudios_fono\/","title":{"rendered":"Plan de Estudios_Fono"},"content":{"rendered":"<p style=\"text-align: center;\">\u00a0<span style=\"font-size: 14pt;\"><strong>TECNICATURA SUPERIOR EN FONOAUDIOLOG\u00cdA<\/strong><\/span><\/p>\n<p style=\"font-weight: 400;\"><b><strong>Duraci\u00f3n de la carrera:\u00a04 (cuatro) a\u00f1os<\/strong><\/b><\/p>\n<p style=\"font-weight: 400;\">La carrera se cursa en\u00a0Turno Vespertino, de 17.30 a 21.30 hs<\/p>\n<p style=\"font-weight: 400;\">R\u00e9gimen de cursada: Presencial.<\/p>\n<p style=\"font-weight: 400;\">Carga Horaria: 2624 horas reloj<\/p>\n<p>Pueden descargar de aqu\u00ed el DC de la Tecnicatura Superior en Fonoaudiolog\u00eda &#8211; Resoluci\u00f3n N\u00b0 3119\/15<\/p>\n<p><a href=\"https:\/\/isfd18-bue.infd.edu.ar\/sitio\/wp-content\/uploads\/2021\/03\/3119-15-Fonoaudiolog\u00eda.pdf\">Dise\u00f1o Curricular Tecnicatura Superior en Fonoaudiolog\u00eda<\/a><\/p>\n<p>&nbsp;<\/p>\n<div class=\"Section1\">\n<p style=\"text-align: center;\"><em><strong>ESTRUCTURA CURRICULAR<\/strong><\/em><\/p>\n<p>&nbsp;<\/p>\n<table style=\"width: 100%;\" border=\"1\" cellspacing=\"0\" cellpadding=\"0\">\n<tbody>\n<tr>\n<td colspan=\"3\" valign=\"top\" width=\"264\"><strong>CAMPO DE FORMACI\u00d3N GENERAL<\/strong><\/td>\n<td colspan=\"4\" valign=\"top\" width=\"411\"><strong>CAMPO DE FORMACI\u00d3N DE FUNDAMENTO<\/strong><\/td>\n<td colspan=\"2\" valign=\"top\" width=\"309\"><strong>CAMPO DE FORMACI\u00d3N ESPEC\u00cdFICA<\/strong><\/td>\n<\/tr>\n<tr>\n<td colspan=\"3\" valign=\"top\" width=\"264\"><strong>192 horas<\/strong><\/td>\n<td colspan=\"4\" valign=\"top\" width=\"411\"><strong>256 horas<\/strong><\/td>\n<td colspan=\"2\" valign=\"top\" width=\"309\"><strong>192 horas<\/strong><\/td>\n<\/tr>\n<tr>\n<td valign=\"top\" width=\"93\">Teor\u00edas de la Comunicaci\u00f3n<\/td>\n<td valign=\"top\" width=\"81\">Salud P\u00fablica<\/td>\n<td valign=\"top\" width=\"90\">Psicolog\u00eda 1<\/td>\n<td valign=\"top\" width=\"96\">Ling\u00fc\u00edstica<\/td>\n<td valign=\"top\" width=\"73\">Ac\u00fastica<\/td>\n<td valign=\"top\" width=\"122\">Anatomofisiolog\u00eda Fonoaudiol\u00f3gica<\/td>\n<td valign=\"top\" width=\"120\">Anatomofisiolog\u00eda Neurol\u00f3gica<\/td>\n<td valign=\"top\" width=\"141\">Fundamentos de la Fonoaudiolog\u00eda<\/td>\n<td valign=\"top\" width=\"168\">Desarrollo y Organizaci\u00f3n del lenguaje<\/td>\n<\/tr>\n<tr>\n<td valign=\"top\" width=\"93\">64 HS<\/td>\n<td valign=\"top\" width=\"81\">64 HS<\/td>\n<td valign=\"top\" width=\"90\">64 HS<\/td>\n<td valign=\"top\" width=\"96\">64 HS<\/td>\n<td valign=\"top\" width=\"73\">64 HS<\/td>\n<td valign=\"top\" width=\"122\">64 HS<\/td>\n<td valign=\"top\" width=\"120\">64 HS<\/td>\n<td valign=\"top\" width=\"141\">64 HS<\/td>\n<td valign=\"top\" width=\"168\">128 HS<\/td>\n<\/tr>\n<tr>\n<td colspan=\"9\" valign=\"top\" width=\"983\"><strong>TOTAL DE HORAS: 640 horas<\/strong><\/td>\n<\/tr>\n<\/tbody>\n<\/table>\n<p>&nbsp;<\/p>\n<p><strong>2\u00b0 A\u00f1o<\/strong><\/p>\n<table style=\"width: 100%;\" border=\"1\" cellspacing=\"0\" cellpadding=\"0\">\n<tbody>\n<tr>\n<td colspan=\"2\" valign=\"top\" width=\"194\"><strong>CAMPO DE FORMACI\u00d3N GENERAL<\/strong><\/td>\n<td valign=\"top\" width=\"144\"><strong>CAMPO DE FORMACI\u00d3N DE FUNDAMENTO<\/strong><\/td>\n<td colspan=\"5\" valign=\"top\" width=\"660\"><strong>CAMPO DE FORMACI\u00d3N ESPEC\u00cdFICA<\/strong><\/td>\n<\/tr>\n<tr>\n<td colspan=\"2\" valign=\"top\" width=\"194\"><strong>128 horas<\/strong><\/td>\n<td valign=\"top\" width=\"144\"><strong>64 horas<\/strong><\/td>\n<td colspan=\"5\" valign=\"top\" width=\"660\"><strong>448 horas<\/strong><\/td>\n<\/tr>\n<tr>\n<td valign=\"top\" width=\"85\">Psicolog\u00eda 2<\/td>\n<td valign=\"top\" width=\"109\">El sujeto con Discapacidad<\/td>\n<td valign=\"top\" width=\"144\">Salud mental e Intervenci\u00f3n Fonoaudiol\u00f3gica<\/td>\n<td valign=\"top\" width=\"136\">Patolog\u00eda Fonator\u00eda (voz-habla)<\/td>\n<td valign=\"top\" width=\"114\">Patolog\u00eda Fono Estomatol\u00f3gica<\/td>\n<td valign=\"top\" width=\"120\">Patolog\u00eda Audiol\u00f3gica<\/td>\n<td valign=\"top\" width=\"150\">Patolog\u00eda del lenguaje infantil y del adulto<\/td>\n<td valign=\"top\" width=\"140\">Trastornos Ling\u00fc\u00edsticos y Aprendizaje Escolar<\/td>\n<\/tr>\n<tr>\n<td valign=\"top\" width=\"85\">64 horas<\/td>\n<td valign=\"top\" width=\"109\">64 HS<\/td>\n<td valign=\"top\" width=\"144\">64 HS<\/td>\n<td valign=\"top\" width=\"136\">96 HS<\/td>\n<td valign=\"top\" width=\"114\">96 HS<\/td>\n<td valign=\"top\" width=\"120\">96 HS<\/td>\n<td valign=\"top\" width=\"150\">96 HS<\/td>\n<td valign=\"top\" width=\"140\">64 HS<\/td>\n<\/tr>\n<tr>\n<td colspan=\"8\" valign=\"top\" width=\"998\"><strong>CAMPO DE PR\u00c1CTICA PROFESIONALIZANTE: 64 horas<\/strong><\/td>\n<\/tr>\n<tr>\n<td colspan=\"8\" valign=\"top\" width=\"998\">Pr\u00e1ctica Profesionalizante en Trastornos Ling\u00fc\u00edsticos y Aprendizaje Escolar<\/td>\n<\/tr>\n<tr>\n<td colspan=\"8\" valign=\"top\" width=\"998\"><strong>64 HS<\/strong><\/td>\n<\/tr>\n<tr>\n<td colspan=\"8\" valign=\"top\" width=\"998\"><strong>TOTAL DE HORAS: 704 horas <\/strong><\/td>\n<\/tr>\n<\/tbody>\n<\/table>\n<p>&nbsp;<\/p>\n<p><strong>\u00a0<\/strong><\/p>\n<p><strong>3\u00ba a\u00f1o<\/strong><\/p>\n<table style=\"width: 100%;\" border=\"1\" cellspacing=\"0\" cellpadding=\"0\">\n<tbody>\n<tr>\n<td colspan=\"2\" valign=\"top\" width=\"278\"><strong>CAMPO DE FORMACI\u00d3N DE FUNDAMENTO<\/strong><\/td>\n<td colspan=\"7\" valign=\"top\" width=\"730\"><strong>CAMPO DE FORMACI\u00d3N ESPEC\u00cdFICA<\/strong><\/td>\n<\/tr>\n<tr>\n<td colspan=\"2\" valign=\"top\" width=\"278\"><strong>64 horas<\/strong><\/td>\n<td colspan=\"7\" valign=\"top\" width=\"730\"><strong>320 horas<\/strong><\/td>\n<\/tr>\n<tr>\n<td colspan=\"2\" valign=\"top\" width=\"278\">Fon\u00e9tica y fonolog\u00eda<\/td>\n<td valign=\"top\" width=\"156\">Intervenci\u00f3n y terapeutica Fonatoria (voz-habla)<\/td>\n<td colspan=\"2\" valign=\"top\" width=\"172\">Intervenci\u00f3n y terapeutica Fono \u2013estomatol\u00f3gia (degluci\u00f3n)<\/td>\n<td colspan=\"2\" valign=\"top\" width=\"154\">Intervenci\u00f3n y Terap\u00e9utica en lenguaje Infantil<\/td>\n<td valign=\"top\" width=\"128\">Intervenci\u00f3n y Terap\u00e9utica del lenguaje en adultos<\/td>\n<td valign=\"top\" width=\"120\">Evaluaci\u00f3n y terap\u00e9utica audiol\u00f3gica<\/td>\n<\/tr>\n<tr>\n<td colspan=\"2\" valign=\"top\" width=\"278\">64 HS<\/td>\n<td valign=\"top\" width=\"156\">64 HS<\/td>\n<td colspan=\"2\" valign=\"top\" width=\"172\">64 HS<\/td>\n<td colspan=\"2\" valign=\"top\" width=\"154\">64 HS<\/td>\n<td valign=\"top\" width=\"128\">64 HS<\/td>\n<td valign=\"top\" width=\"120\">64 HS<\/td>\n<\/tr>\n<tr>\n<td colspan=\"9\" valign=\"top\" width=\"1009\"><strong>CAMPO DE PR\u00c1CTICA PROFESIONALIZANTE: 320 horas. <\/strong><\/td>\n<\/tr>\n<tr>\n<td valign=\"top\" width=\"252\"><strong>Pr\u00e1ctica profesionalizante<\/strong>Intervenci\u00f3n y terapeutica Fonatoria<\/td>\n<td colspan=\"3\" valign=\"top\" width=\"252\"><strong>Pr\u00e1ctica profesionalizante<\/strong>Intervenci\u00f3n y terapeutica Fono \u2013estomatol\u00f3gia<\/td>\n<td colspan=\"2\" valign=\"top\" width=\"252\"><strong>Pr\u00e1ctica profesionalizante<\/strong>Intervenci\u00f3n y Terap\u00e9utica en lenguaje Infantil<\/td>\n<td colspan=\"3\" valign=\"top\" width=\"252\"><strong>Pr\u00e1ctica profesionalizante<\/strong>Evaluaci\u00f3n y terap\u00e9utica audiol\u00f3gica<\/td>\n<\/tr>\n<tr>\n<td valign=\"top\" width=\"252\">64 HS<\/td>\n<td colspan=\"3\" valign=\"top\" width=\"252\">64 HS<\/td>\n<td colspan=\"2\" valign=\"top\" width=\"252\">64 HS<\/td>\n<td colspan=\"3\" valign=\"top\" width=\"252\">64 HS<\/td>\n<\/tr>\n<tr>\n<td colspan=\"9\" valign=\"top\" width=\"1009\"><strong>TOTAL DE HORAS: 704 horas<\/strong><\/td>\n<\/tr>\n<tr>\n<td width=\"252\"><\/td>\n<td width=\"26\"><\/td>\n<td width=\"156\"><\/td>\n<td width=\"70\"><\/td>\n<td width=\"102\"><\/td>\n<td width=\"150\"><\/td>\n<td width=\"4\"><\/td>\n<td width=\"128\"><\/td>\n<td width=\"120\"><\/td>\n<\/tr>\n<\/tbody>\n<\/table>\n<p><strong>4\u00b0 A\u00f1o<\/strong><\/p>\n<table style=\"width: 100%;\" border=\"1\" cellspacing=\"0\" cellpadding=\"0\">\n<tbody>\n<tr>\n<td colspan=\"3\" valign=\"top\" width=\"442\"><strong>CAMPO DE FORMACI\u00d3N DE FUNDAMENTO<\/strong><\/td>\n<td colspan=\"4\" valign=\"top\" width=\"580\"><strong>CAMPO DE FORMACI\u00d3N ESPEC\u00cdFICA<\/strong><\/td>\n<\/tr>\n<tr>\n<td colspan=\"3\" valign=\"top\" width=\"442\"><strong>128 horas<\/strong><\/td>\n<td colspan=\"4\" valign=\"top\" width=\"580\"><strong>64 horas<\/strong><\/td>\n<\/tr>\n<tr>\n<td colspan=\"3\" valign=\"top\" width=\"442\">Metodolog\u00eda de la Investigaci\u00f3n aplicada a la Fonoaudiolog\u00eda<\/td>\n<td colspan=\"4\" valign=\"top\" width=\"580\">Filosof\u00eda \u00e9tica y deontolog\u00eda profesional<\/td>\n<\/tr>\n<tr>\n<td colspan=\"3\" valign=\"top\" width=\"442\">128 HS<\/td>\n<td colspan=\"4\" valign=\"top\" width=\"580\">64 HS<\/td>\n<\/tr>\n<tr>\n<td colspan=\"7\" valign=\"top\" width=\"1022\"><strong>CAMPO DE LA PR\u00c1CTICA PROFESIONALIZANTE: 384 horas. <\/strong><\/td>\n<\/tr>\n<tr>\n<td valign=\"top\" width=\"222\"><strong>Pr\u00e1ctica profesionalizante<\/strong>Intervenci\u00f3n Fono<\/p>\n<p>audiol\u00f3gica en el\u00a0 Sujeto con<\/p>\n<p>Discapacidad<\/td>\n<td valign=\"top\" width=\"128\">Pr\u00e1ctica \u00a0Profesionalizante integral Fonator\u00eda<\/td>\n<td colspan=\"2\" valign=\"top\" width=\"172\">Pr\u00e1ctica Profesionalizante integral<\/p>\n<p>Fonoestomatol\u00f3gica<\/td>\n<td valign=\"top\" width=\"168\">Pr\u00e1ctica Profesionalizante integral Audiol\u00f3gica<\/td>\n<td valign=\"top\" width=\"151\">Pr\u00e1ctica Profesionalizante Integral<\/p>\n<p>del lenguaje Infantil<\/td>\n<td valign=\"top\" width=\"181\">Pr\u00e1ctica Profesionalizante Integral<\/p>\n<p>del lenguaje Adulto<\/p>\n<p>&nbsp;<\/td>\n<\/tr>\n<tr>\n<td valign=\"top\" width=\"222\">64 HS<\/td>\n<td valign=\"top\" width=\"128\">64 HS<\/td>\n<td colspan=\"2\" valign=\"top\" width=\"172\">64 HS<\/td>\n<td valign=\"top\" width=\"168\">64 HS<\/td>\n<td valign=\"top\" width=\"151\">64 HS<\/td>\n<td valign=\"top\" width=\"181\">64 HS<\/td>\n<\/tr>\n<tr>\n<td colspan=\"7\" valign=\"top\" width=\"1022\"><strong>TOTAL DE HORAS: 576 horas<\/strong><\/td>\n<\/tr>\n<tr>\n<td colspan=\"7\" valign=\"top\" width=\"1022\"><strong>Total de horas de la carrera: 2624 <\/strong><\/td>\n<\/tr>\n<tr>\n<td width=\"222\"><\/td>\n<td width=\"128\"><\/td>\n<td width=\"92\"><\/td>\n<td width=\"80\"><\/td>\n<td width=\"168\"><\/td>\n<td width=\"151\"><\/td>\n<td width=\"181\"><\/td>\n<\/tr>\n<\/tbody>\n<\/table>\n<\/div>\n<p style=\"text-align: left;\"><span style=\"font-family: andale mono,times;\"><span style=\"font-size: 14pt;\"><strong><span style=\"color: #3366ff;\">\u00a0<\/span><\/strong><\/span><\/span><\/p>\n<hr \/>\n<p>&nbsp;<\/p>\n<p>&nbsp;<\/p>\n<p>&nbsp;<\/p>\n","protected":false},"excerpt":{"rendered":"<p>\u00a0TECNICATURA SUPERIOR EN FONOAUDIOLOG\u00cdA Duraci\u00f3n de la carrera:\u00a04 (cuatro) a\u00f1os La carrera se cursa en\u00a0Turno Vespertino, de 17.30 a 21.30 hs R\u00e9gimen de cursada: Presencial. Carga Horaria: 2624 horas reloj Pueden descargar de aqu\u00ed el DC de la Tecnicatura Superior en Fonoaudiolog\u00eda &#8211; Resoluci\u00f3n N\u00b0 3119\/15 Dise\u00f1o Curricular Tecnicatura Superior en Fonoaudiolog\u00eda &nbsp; ESTRUCTURA CURRICULAR &#8230; <a title=\"Plan de Estudios_Fono\" class=\"read-more\" href=\"https:\/\/isfd18-bue.infd.edu.ar\/sitio\/plan-de-estudios_fono\/\" aria-label=\"More on Plan de Estudios_Fono\">[+]<\/a><\/p>\n","protected":false},"author":1719,"featured_media":0,"parent":0,"menu_order":0,"comment_status":"closed","ping_status":"closed","template":"","meta":[],"acf":[],"_links":{"self":[{"href":"https:\/\/isfd18-bue.infd.edu.ar\/sitio\/wp-json\/wp\/v2\/pages\/855"}],"collection":[{"href":"https:\/\/isfd18-bue.infd.edu.ar\/sitio\/wp-json\/wp\/v2\/pages"}],"about":[{"href":"https:\/\/isfd18-bue.infd.edu.ar\/sitio\/wp-json\/wp\/v2\/types\/page"}],"author":[{"embeddable":true,"href":"https:\/\/isfd18-bue.infd.edu.ar\/sitio\/wp-json\/wp\/v2\/users\/1719"}],"replies":[{"embeddable":true,"href":"https:\/\/isfd18-bue.infd.edu.ar\/sitio\/wp-json\/wp\/v2\/comments?post=855"}],"version-history":[{"count":6,"href":"https:\/\/isfd18-bue.infd.edu.ar\/sitio\/wp-json\/wp\/v2\/pages\/855\/revisions"}],"predecessor-version":[{"id":1607,"href":"https:\/\/isfd18-bue.infd.edu.ar\/sitio\/wp-json\/wp\/v2\/pages\/855\/revisions\/1607"}],"wp:attachment":[{"href":"https:\/\/isfd18-bue.infd.edu.ar\/sitio\/wp-json\/wp\/v2\/media?parent=855"}],"curies":[{"name":"wp","href":"https:\/\/api.w.org\/{rel}","templated":true}]}}