{"id":851,"date":"2018-08-29T19:58:30","date_gmt":"2018-08-29T22:58:30","guid":{"rendered":"https:\/\/isfd18-bue.infd.edu.ar\/sitio\/historia\/"},"modified":"2023-08-23T10:35:27","modified_gmt":"2023-08-23T13:35:27","slug":"historia","status":"publish","type":"page","link":"https:\/\/isfd18-bue.infd.edu.ar\/sitio\/historia\/","title":{"rendered":"Historia"},"content":{"rendered":"<p style=\"text-align: justify;\">Las instituciones como las personas, atesoran una historia, huellas, se\u00f1ales de lo vivido, algunas m\u00e1s profundas que otras, despiertan recuerdos, sensaciones, emociones! Ser\u00eda muy bueno re-construir entre muchos, de antes y de ahora la historia de nuestro instituto. Este es s\u00f3lo el comienzo.<\/p>\n<p style=\"text-align: justify;\">En los inicios hubo un grupo de gente preocupada por formar maestros para la educaci\u00f3n especial, d\u00e9cada de los 60, as\u00ed empezamos, formando maestros normales para la llamada en aquella \u00e9poca \u00bb Educaci\u00f3n Diferenciada\u00bb.<\/p>\n<p style=\"text-align: justify;\">En el a\u00f1o 1966, cuando a\u00fan se hablaba en los congresos internacionales de \u00abdiscapacidad\u00bb \u00abEnse\u00f1anza Diferenciada\u00bb, se crea el INSTITUTO SUPERIOR DE ESPECIALIZACION Y PERFECCIONAMIENTO DOCENTE PARA LA ENSE\u00d1ANZA DIFERENCIADA DEL DISTRITO DE LOMAS DE ZAMORA, con el objetivo de formar recursos humanos especializados en la conducci\u00f3n metodol\u00f3gica del ni\u00f1o \u00abalumno discapacitado\u00bb.<\/p>\n<p>Su directora fundadora fue \u00a0la profesora Florencia Castellanos, quien con un grupo de profesores y el asesoramiento del profesor Mario Vitalone, con injerencia en la Direcci\u00f3n de Ense\u00f1anza Diferenciada, proyectan la necesidad de contar con un establecimiento para la formaci\u00f3n de Recursos\u00a0 Humanos Especializados en la conducci\u00f3n metodol\u00f3gica del \u201cni\u00f1o-alumno\u201d discapacitado<\/p>\n<p>La carrera de Maestro Normal ten\u00eda nivel secundario de 5 a\u00f1os de duraci\u00f3n, se cursaba en las famosas \u00bb Escuelas Normales\u00bb que exped\u00edan el t\u00edtulo habilitante necesario para cursar en nuestro instituto especializaciones:<\/p>\n<ul style=\"text-align: justify;\">\n<li>Maestro Especializado en Educaci\u00f3n Diferenciada de Disminu\u00eddos Mentales<\/li>\n<li>Maestro Especializado en Educaci\u00f3n Diferenciada de Irregulares Motores<\/li>\n<li>Profesor Especializado en Educaci\u00f3n Diferenciada de Sordos e Hipoac\u00fasicos (1969)<\/li>\n<\/ul>\n<p>Dichas carreras contaban con un ciclo b\u00e1sico de un a\u00f1o y dos segundos para las especializaciones<\/p>\n<ul style=\"text-align: justify;\">\n<li>1967 surge la carrera de post-grado \u201cAsistente Educacional\u00a8<\/li>\n<\/ul>\n<p style=\"text-align: justify;\">En 1971, cambian los planes de estudio para el magisterio, nuestro instituto se convierte en Instituto Superior de Formaci\u00f3n Docente y comienzan a incorporarse poco a poco nuevas carreras.<\/p>\n<p>En 1972 se incorporan los cursos de Capacitaci\u00f3n para la funci\u00f3n directiva y docente como apoyo para el perfeccionamiento del personal de las escuelas comunes que aspiren a ascender a cargos jer\u00e1rquicos.<\/p>\n<p>En 1977 se jubila la profesora Florencia Castellanos y asume el Direcci\u00f3n el profesor Oscar Minaberrigaray.<\/p>\n<p>Hasta este momento el Instituto funcionaba solo en turno vespertino ya que compart\u00eda edificio con la Escuela Diferenciada N\u00ba502, en la calle Garibaldi 253 de Lomas de Zamora, pero en 1980 se traslada a su actual emplazamiento en Av. Alsina 1052 de Banfield, lo que permite su funcionamiento en turno tarde y turno vespertino, para luego, a\u00f1os m\u00e1s tarde, funcionar en los tres turnos. La concurrencia de alumnos proven\u00edan no solo de los alrededores sino tambi\u00e9n de partidos vecinos.<\/p>\n<p>Adem\u00e1s de las especialidades mencionadas, en 1979 se ampl\u00eda la planta org\u00e1nica con las carreras de Fonoaudiolog\u00eda y profesorado de Educaci\u00f3n F\u00edsica, que contin\u00faan en la actualidad.<\/p>\n<p>Se crea en 1981 el Profesorado de Lengua, Literatura y Lat\u00edn creado por la resoluci\u00f3n ministerial 668\/74, pero ese mismo a\u00f1o se cierra la carrera por razones desconocidas, egresando en 1984 cinco alumnos. La misma se vuelve a abrir en 1985 repiti\u00e9ndose lo ocurrido en el per\u00edodo anterior, cerr\u00e1ndose ese mismo a\u00f1o y egresando cinco alumnos en 1988.<\/p>\n<p>El Profesorado especializado en el Jard\u00edn Maternal se inicia en 1986, pero es cerrado por presi\u00f3n presupuestaria ya que la Provincia de Buenos Aires no ten\u00eda, dependiente del sistema, el Jard\u00edn Maternal.<\/p>\n<p>En 1986 se abre el Profesorado de Psicopedagog\u00eda, reemplazando a la carrera de \u00a0Asistente Educacional, pero en 1988 se debe cerrar ya que tuvo competencia con carreras equivalentes de nivel universitario y la inscripci\u00f3n fue insuficiente.<\/p>\n<p>El Profesorado especializado en Retardo Mental se inicia en 1986 reemplazando las anteriores denominaciones. En 1995 funciona con modalidad semi presencial y en 1997 se cierra.<\/p>\n<p>El Magisterio Normal Superior funciono desde 1979 hasta que en 1989 se reemplaza por Maestro especializado en Educaci\u00f3n Primaria, y luego en 1997 por Profesor para la E.G.B 1y 2.<\/p>\n<p>Desde 1996 funciona el Profesorado especializado en Educaci\u00f3n Preescolar., inicialmente con Resoluci\u00f3n 017\/79<\/p>\n","protected":false},"excerpt":{"rendered":"<p>Las instituciones como las personas, atesoran una historia, huellas, se\u00f1ales de lo vivido, algunas m\u00e1s profundas que otras, despiertan recuerdos, sensaciones, emociones! Ser\u00eda muy bueno re-construir entre muchos, de antes y de ahora la historia de nuestro instituto. Este es s\u00f3lo el comienzo. En los inicios hubo un grupo de gente preocupada por formar maestros &#8230; <a title=\"Historia\" class=\"read-more\" href=\"https:\/\/isfd18-bue.infd.edu.ar\/sitio\/historia\/\" aria-label=\"More on Historia\">[+]<\/a><\/p>\n","protected":false},"author":1719,"featured_media":0,"parent":0,"menu_order":0,"comment_status":"closed","ping_status":"closed","template":"","meta":[],"acf":[],"_links":{"self":[{"href":"https:\/\/isfd18-bue.infd.edu.ar\/sitio\/wp-json\/wp\/v2\/pages\/851"}],"collection":[{"href":"https:\/\/isfd18-bue.infd.edu.ar\/sitio\/wp-json\/wp\/v2\/pages"}],"about":[{"href":"https:\/\/isfd18-bue.infd.edu.ar\/sitio\/wp-json\/wp\/v2\/types\/page"}],"author":[{"embeddable":true,"href":"https:\/\/isfd18-bue.infd.edu.ar\/sitio\/wp-json\/wp\/v2\/users\/1719"}],"replies":[{"embeddable":true,"href":"https:\/\/isfd18-bue.infd.edu.ar\/sitio\/wp-json\/wp\/v2\/comments?post=851"}],"version-history":[{"count":3,"href":"https:\/\/isfd18-bue.infd.edu.ar\/sitio\/wp-json\/wp\/v2\/pages\/851\/revisions"}],"predecessor-version":[{"id":2633,"href":"https:\/\/isfd18-bue.infd.edu.ar\/sitio\/wp-json\/wp\/v2\/pages\/851\/revisions\/2633"}],"wp:attachment":[{"href":"https:\/\/isfd18-bue.infd.edu.ar\/sitio\/wp-json\/wp\/v2\/media?parent=851"}],"curies":[{"name":"wp","href":"https:\/\/api.w.org\/{rel}","templated":true}]}}