{"id":849,"date":"2018-08-29T19:58:29","date_gmt":"2018-08-29T22:58:29","guid":{"rendered":"https:\/\/isfd18-bue.infd.edu.ar\/sitio\/autoridades\/"},"modified":"2025-05-06T14:02:19","modified_gmt":"2025-05-06T17:02:19","slug":"autoridades","status":"publish","type":"page","link":"https:\/\/isfd18-bue.infd.edu.ar\/sitio\/autoridades\/","title":{"rendered":"Autoridades"},"content":{"rendered":"<table style=\"height: 712px;\" width=\"1019\">\n<tbody>\n<tr>\n<td width=\"253\"><strong>DIRECTORA:<\/strong><\/td>\n<td width=\"198\"><strong>Marcela RAFFETTI<\/strong><\/td>\n<\/tr>\n<tr>\n<td width=\"253\"><strong>VICEDIRECTOR:<\/strong><\/td>\n<td width=\"198\"><strong>Andr\u00e9s MAIDANA<\/strong><\/td>\n<\/tr>\n<tr>\n<td width=\"253\"><strong>SECRETARIA:<\/strong><\/td>\n<td width=\"198\"><strong>N\u00e9lida NEIRA<\/strong><\/td>\n<\/tr>\n<tr>\n<td width=\"253\"><strong>PROSECRETARIA:<\/strong><\/td>\n<td width=\"198\"><strong>Silvina SCRIFFIGNANO<\/strong><\/td>\n<\/tr>\n<tr>\n<td width=\"253\"><strong>REGENTES:<\/strong><\/td>\n<td width=\"198\"><strong>Miriam L\u00d3PEZ<\/strong><\/td>\n<\/tr>\n<tr>\n<td width=\"253\">\u00a0<\/td>\n<td width=\"198\"><strong>Mariela JAIMOVICH<\/strong><\/td>\n<\/tr>\n<tr>\n<td width=\"253\">\u00a0<\/td>\n<td width=\"198\"><strong>Fabi\u00e1n KULAS<\/strong><\/td>\n<\/tr>\n<tr>\n<td width=\"253\">\u00a0<\/td>\n<td width=\"198\"><strong>Gustavo BLASCO: C\/LICENCIA<\/strong>\n<p>\u00a0<\/p>\n<p><strong>Leonardo OSUNA<\/strong><\/p>\n<\/td>\n<\/tr>\n<tr>\n<td width=\"253\"><strong>JEFES DE \u00c1REA<\/strong>:<\/td>\n<td width=\"198\"><strong>Carolina MANES ROSSI<\/strong> &#8211; Profesorado de Ingl\u00e9s \/ Profesorado de Portugu\u00e9s\n<p><strong>Andrea Paula VECCHIO:<\/strong> Profesorados de Educaci\u00f3n Inicial y Primaria<\/p>\n<\/td>\n<\/tr>\n<tr>\n<td width=\"253\">\u00a0<\/td>\n<td width=\"198\">\u00a0<\/td>\n<\/tr>\n<tr>\n<td width=\"253\">\u00a0<\/td>\n<td width=\"198\">\u00a0<\/td>\n<\/tr>\n<\/tbody>\n<\/table>\n\n\n<figure class=\"wp-block-gallery has-nested-images columns-default is-cropped wp-block-gallery-1 is-layout-flex\">\n<figure class=\"wp-block-image size-large\"><img decoding=\"async\" loading=\"lazy\" width=\"861\" height=\"500\" data-id=\"3754\"  src=\"https:\/\/isfd18-bue.infd.edu.ar\/sitio\/wp-content\/uploads\/2025\/05\/horario-ED2025.jpg\" alt=\"\" class=\"wp-image-3754\" srcset=\"https:\/\/isfd18-bue.infd.edu.ar\/sitio\/wp-content\/uploads\/2025\/05\/horario-ED2025.jpg 861w, https:\/\/isfd18-bue.infd.edu.ar\/sitio\/wp-content\/uploads\/2025\/05\/horario-ED2025-768x446.jpg 768w\" sizes=\"(max-width: 861px) 100vw, 861px\" \/><\/figure>\n<\/figure>\n\n\n\n<figure class=\"wp-block-gallery has-nested-images columns-default is-cropped wp-block-gallery-3 is-layout-flex\">\n<figure class=\"wp-block-image size-full\"><img decoding=\"async\" loading=\"lazy\" width=\"828\" height=\"473\" data-id=\"3755\"  src=\"https:\/\/isfd18-bue.infd.edu.ar\/sitio\/wp-content\/uploads\/2025\/05\/horario-secret.jpg\" alt=\"\" class=\"wp-image-3755\" srcset=\"https:\/\/isfd18-bue.infd.edu.ar\/sitio\/wp-content\/uploads\/2025\/05\/horario-secret.jpg 828w, https:\/\/isfd18-bue.infd.edu.ar\/sitio\/wp-content\/uploads\/2025\/05\/horario-secret-768x439.jpg 768w\" sizes=\"(max-width: 828px) 100vw, 828px\" \/><\/figure>\n<\/figure>\n","protected":false},"excerpt":{"rendered":"<p>DIRECTORA: Marcela RAFFETTI VICEDIRECTOR: Andr\u00e9s MAIDANA SECRETARIA: N\u00e9lida NEIRA PROSECRETARIA: Silvina SCRIFFIGNANO REGENTES: Miriam L\u00d3PEZ \u00a0 Mariela JAIMOVICH \u00a0 Fabi\u00e1n KULAS \u00a0 Gustavo BLASCO: C\/LICENCIA \u00a0 Leonardo OSUNA JEFES DE \u00c1REA: Carolina MANES ROSSI &#8211; Profesorado de Ingl\u00e9s \/ Profesorado de Portugu\u00e9s Andrea Paula VECCHIO: Profesorados de Educaci\u00f3n Inicial y Primaria \u00a0 \u00a0 \u00a0 \u00a0<\/p>\n","protected":false},"author":1719,"featured_media":0,"parent":0,"menu_order":0,"comment_status":"closed","ping_status":"closed","template":"","meta":[],"acf":[],"_links":{"self":[{"href":"https:\/\/isfd18-bue.infd.edu.ar\/sitio\/wp-json\/wp\/v2\/pages\/849"}],"collection":[{"href":"https:\/\/isfd18-bue.infd.edu.ar\/sitio\/wp-json\/wp\/v2\/pages"}],"about":[{"href":"https:\/\/isfd18-bue.infd.edu.ar\/sitio\/wp-json\/wp\/v2\/types\/page"}],"author":[{"embeddable":true,"href":"https:\/\/isfd18-bue.infd.edu.ar\/sitio\/wp-json\/wp\/v2\/users\/1719"}],"replies":[{"embeddable":true,"href":"https:\/\/isfd18-bue.infd.edu.ar\/sitio\/wp-json\/wp\/v2\/comments?post=849"}],"version-history":[{"count":23,"href":"https:\/\/isfd18-bue.infd.edu.ar\/sitio\/wp-json\/wp\/v2\/pages\/849\/revisions"}],"predecessor-version":[{"id":3756,"href":"https:\/\/isfd18-bue.infd.edu.ar\/sitio\/wp-json\/wp\/v2\/pages\/849\/revisions\/3756"}],"wp:attachment":[{"href":"https:\/\/isfd18-bue.infd.edu.ar\/sitio\/wp-json\/wp\/v2\/media?parent=849"}],"curies":[{"name":"wp","href":"https:\/\/api.w.org\/{rel}","templated":true}]}}