{"id":847,"date":"2018-08-29T19:58:29","date_gmt":"2018-08-29T22:58:29","guid":{"rendered":"https:\/\/isfd18-bue.infd.edu.ar\/sitio\/plan-de-estudio-2\/"},"modified":"2023-03-16T11:30:00","modified_gmt":"2023-03-16T14:30:00","slug":"plan-de-estudio-2","status":"publish","type":"page","link":"https:\/\/isfd18-bue.infd.edu.ar\/sitio\/plan-de-estudio-2\/","title":{"rendered":"Plan de estudio Inicial"},"content":{"rendered":"<p style=\"text-align: center;\"><strong>Nombre de la Carrera:\u00a0Profesorado de Educaci\u00f3n Inicial <\/strong><\/p>\n<p><strong>T\u00edtulo que otorga:\u00a0Profesor de Educaci\u00f3n Inicial<\/strong><\/p>\n<p><strong>Duraci\u00f3n:\u00a04 (cuatro) a\u00f1os<\/strong><\/p>\n<p><strong>Plan Aprobado por Resoluci\u00f3n N\u00ba \u00a0<strong>4154\/07<\/strong><\/strong><\/p>\n<p>Pueden visualizar en el siguiente link el Dise\u00f1o Curricular correspondiente a la Carrera<\/p>\n<p><a href=\"https:\/\/isfd18-bue.infd.edu.ar\/sitio\/wp-content\/uploads\/2020\/03\/Dise\u00f1o-Curricular-Prof-de-Ed-Inicial-y-Primaria.pdf\">Dise\u00f1o Curricular Prof de Ed Inicial y Primaria<\/a><\/p>\n<p style=\"text-align: center;\"><strong>ESTRUCTURA\u00a0 CURRICULAR<\/strong><\/p>\n<div>\n<p style=\"text-align: center;\"><strong>PRIMER A\u00d1O<\/strong><\/p>\n<\/div>\n<table style=\"width: 100%;\" border=\"1\" cellspacing=\"0\" cellpadding=\"0\">\n<tbody>\n<tr>\n<td style=\"text-align: center;\" valign=\"top\" width=\"177\"><strong>CAMPOS<\/strong><\/td>\n<td valign=\"top\" width=\"255\"><strong>ESTRUCTURA\u00a0 CURRICULAR<\/strong><\/td>\n<td valign=\"top\" width=\"151\"><strong>CARGA HORARIA ANUAL<\/strong><\/td>\n<\/tr>\n<tr>\n<td style=\"text-align: center;\" rowspan=\"3\" valign=\"top\" width=\"177\"><strong>\u00a0<\/strong><strong>CAMPO\u00a0 DE ACTUALIZACION<\/strong><strong>\u00a0FORMATIVA<\/strong><\/td>\n<td valign=\"top\" width=\"255\"><strong>Taller de lectura, escritura y oralidad<\/strong><\/td>\n<td valign=\"top\" width=\"151\"><strong>64 m\u00f3dulos <\/strong><\/td>\n<\/tr>\n<tr>\n<td valign=\"top\" width=\"255\"><strong>Taller de pensamiento l\u00f3gico matem\u00e1tico<\/strong><\/td>\n<td valign=\"top\" width=\"151\"><strong>64 m\u00f3dulos<\/strong><\/td>\n<\/tr>\n<tr>\n<td valign=\"top\" width=\"255\"><strong>Taller de definici\u00f3n institucional\u00a0 (TADI)<\/strong><\/td>\n<td valign=\"top\" width=\"151\"><strong>64 m\u00f3dulos<\/strong><\/td>\n<\/tr>\n<tr>\n<td style=\"text-align: center;\" rowspan=\"2\" valign=\"top\" width=\"177\"><strong>CAMPO\u00a0 DE LA SUBJETIVIDAD Y LAS CULTURAS<\/strong><\/td>\n<td valign=\"top\" width=\"255\"><strong>Psicolog\u00eda del desarrollo y el aprendizaje I<\/strong><\/td>\n<td valign=\"top\" width=\"151\"><strong>64 m\u00f3dulos<\/strong><\/td>\n<\/tr>\n<tr>\n<td valign=\"top\" width=\"255\"><strong>Educaci\u00f3n temprana <\/strong><\/td>\n<td valign=\"top\" width=\"151\"><strong>64 m\u00f3dulos<\/strong><\/td>\n<\/tr>\n<tr>\n<td style=\"text-align: center;\" valign=\"top\" width=\"177\"><strong>CAMPO DE LOS SABERES A ENSE\u00d1AR <\/strong><\/td>\n<td valign=\"top\" width=\"255\"><strong>\u00a0<\/strong><strong>Corporeidad y motricidad<\/strong><\/td>\n<td valign=\"top\" width=\"151\"><strong>32 m\u00f3dulos<\/strong><\/td>\n<\/tr>\n<tr>\n<td style=\"text-align: center;\" rowspan=\"4\" valign=\"top\" width=\"177\"><strong>\u00a0<\/strong><\/p>\n<p><strong>CAMPO DE LA FUNDAMENTACI\u00d3N <\/strong><\/td>\n<td valign=\"top\" width=\"255\"><strong>Filosof\u00eda<\/strong><\/td>\n<td valign=\"top\" width=\"151\"><strong>64 m\u00f3dulos<\/strong><\/td>\n<\/tr>\n<tr>\n<td valign=\"top\" width=\"255\"><strong>Did\u00e1ctica general<\/strong><\/td>\n<td valign=\"top\" width=\"151\"><strong>64 m\u00f3dulos<\/strong><\/td>\n<\/tr>\n<tr>\n<td valign=\"top\" width=\"255\"><strong>Pedagog\u00eda<\/strong><\/td>\n<td valign=\"top\" width=\"151\"><strong>64 m\u00f3dulos<\/strong><\/td>\n<\/tr>\n<tr>\n<td valign=\"top\" width=\"255\"><strong>An\u00e1lisis del mundo contempor\u00e1neo<\/strong><\/td>\n<td valign=\"top\" width=\"151\"><strong>32 m\u00f3dulos<\/strong><\/td>\n<\/tr>\n<tr>\n<td style=\"text-align: center;\" rowspan=\"3\" valign=\"top\" width=\"177\"><strong>\u00a0<\/strong><\/p>\n<p><strong>CAMPO DE LA PR\u00c1CTICA DOCENTE<\/strong><\/td>\n<td valign=\"top\" width=\"255\"><strong>Pr\u00e1ctica en terreno<\/strong><\/td>\n<td valign=\"top\" width=\"151\"><strong>32 m\u00f3dulos<\/strong><\/td>\n<\/tr>\n<tr>\n<td valign=\"top\" width=\"255\"><strong>Taller integrador\u00a0 interdisciplinario<\/strong><\/td>\n<td valign=\"top\" width=\"151\"><strong>32 m\u00f3dulos<\/strong><\/td>\n<\/tr>\n<tr>\n<td valign=\"top\" width=\"255\"><strong>Herramientas<\/strong><\/td>\n<td valign=\"top\" width=\"151\"><strong>32 m\u00f3dulos<\/strong><\/td>\n<\/tr>\n<tr>\n<td colspan=\"3\" valign=\"top\" width=\"584\"><strong>Total de horas 672 m\u00f3dulos<\/strong><\/td>\n<\/tr>\n<\/tbody>\n<\/table>\n<p style=\"text-align: center;\"><strong>\u00a0<\/strong><strong>SEGUNDO A\u00d1O<\/strong><\/p>\n<table style=\"width: 100%;\" border=\"1\" cellspacing=\"0\" cellpadding=\"0\">\n<tbody>\n<tr>\n<td valign=\"top\" width=\"177\"><strong>CAMPOS<\/strong><\/td>\n<td valign=\"top\" width=\"255\"><strong>ESTRUCTURA\u00a0 CURRICULAR<\/strong><\/td>\n<td valign=\"top\" width=\"151\"><strong>CARGA HORARIA ANUAL<\/strong><\/td>\n<\/tr>\n<tr>\n<td rowspan=\"3\" valign=\"top\" width=\"177\"><strong>CAMPO\u00a0 DE LA SUBJETIVIDAD Y LAS CULTURAS<\/strong><strong>\u00a0<\/strong><\/td>\n<td valign=\"top\" width=\"255\"><strong>Psicolog\u00eda del desarrollo y el aprendizaje II<\/strong><\/td>\n<td valign=\"top\" width=\"151\"><strong>64 m\u00f3dulos <\/strong><\/td>\n<\/tr>\n<tr>\n<td valign=\"top\" width=\"255\"><strong>Psicolog\u00eda social e institucional<\/strong><\/td>\n<td valign=\"top\" width=\"151\"><strong>32 m\u00f3dulos<\/strong><\/td>\n<\/tr>\n<tr>\n<td valign=\"top\" width=\"255\"><strong>Cultura, comunicaci\u00f3n y educaci\u00f3n<\/strong><\/td>\n<td valign=\"top\" width=\"151\"><strong>32 m\u00f3dulos<\/strong><\/td>\n<\/tr>\n<tr>\n<td rowspan=\"5\" valign=\"top\" width=\"177\"><strong>\u00a0<\/strong><\/p>\n<p><strong>\u00a0<\/strong><strong>CAMPO DE LOS SABERES A ENSE\u00d1AR <\/strong><\/td>\n<td valign=\"top\" width=\"255\"><strong>Educaci\u00f3n pl\u00e1stica<\/strong><\/td>\n<td valign=\"top\" width=\"151\"><strong>64 m\u00f3dulos<\/strong><\/td>\n<\/tr>\n<tr>\n<td valign=\"top\" width=\"255\"><strong>Did\u00e1ctica de\u00a0 las Pr\u00e1cticas del Leguaje\u00a0\u00a0 y la Literatura I<\/strong><\/td>\n<td valign=\"top\" width=\"151\"><strong>64 m\u00f3dulos<\/strong><\/td>\n<\/tr>\n<tr>\n<td valign=\"top\" width=\"255\"><strong>Did\u00e1ctica de\u00a0 las Ciencias <\/strong><strong>Sociales I<\/strong><\/td>\n<td valign=\"top\" width=\"151\"><strong>64 m\u00f3dulos<\/strong><\/td>\n<\/tr>\n<tr>\n<td valign=\"top\" width=\"255\"><strong>Did\u00e1ctica de\u00a0 las Ciencias Naturales I<\/strong><\/td>\n<td valign=\"top\" width=\"151\"><strong>64 m\u00f3dulos<\/strong><\/td>\n<\/tr>\n<tr>\n<td valign=\"top\" width=\"255\"><strong>Did\u00e1ctica de\u00a0 la Matem\u00e1tica I<\/strong><\/td>\n<td valign=\"top\" width=\"151\"><strong>64 m\u00f3dulos<\/strong><\/td>\n<\/tr>\n<tr>\n<td rowspan=\"2\" valign=\"top\" width=\"177\"><strong>CAMPO DE LA FUNDAMENTACI\u00d3N<\/strong><\/p>\n<p><strong>\u00a0<\/strong><\/td>\n<td valign=\"top\" width=\"255\"><strong>Teor\u00edas\u00a0 sociopol\u00edticas y educaci\u00f3n<\/strong><\/td>\n<td valign=\"top\" width=\"151\"><strong>64 m\u00f3dulos<\/strong><\/td>\n<\/tr>\n<tr>\n<td valign=\"top\" width=\"255\"><strong>Did\u00e1ctica y curr\u00edculum\u00a0 de nivel primario<\/strong><\/td>\n<td valign=\"top\" width=\"151\"><strong>64 m\u00f3dulos<\/strong><\/td>\n<\/tr>\n<tr>\n<td rowspan=\"3\" valign=\"top\" width=\"177\"><strong>\u00a0<\/strong><\/p>\n<p><strong>CAMPO DE LA PR\u00c1CTICA DOCENTE<\/strong><\/td>\n<td valign=\"top\" width=\"255\"><strong>Pr\u00e1ctica en terreno<\/strong><\/td>\n<td valign=\"top\" width=\"151\"><strong>64 m\u00f3dulos<\/strong><\/td>\n<\/tr>\n<tr>\n<td valign=\"top\" width=\"255\"><strong>Taller integrador\u00a0 interdisciplinario<\/strong><\/td>\n<td valign=\"top\" width=\"151\"><strong>32 m\u00f3dulos<\/strong><\/td>\n<\/tr>\n<tr>\n<td valign=\"top\" width=\"255\"><strong>Herramientas<\/strong><\/td>\n<td valign=\"top\" width=\"151\"><strong>32 m\u00f3dulos<\/strong><\/td>\n<\/tr>\n<tr>\n<td colspan=\"3\" valign=\"top\" width=\"584\"><strong>Total de horas 704 m\u00f3dulos*<\/strong><\/td>\n<\/tr>\n<\/tbody>\n<\/table>\n<p>*64 m\u00f3dulos corresponden a TFO en 3\u00ba a\u00f1o<\/p>\n<p style=\"text-align: center;\"><strong>\u00a0<\/strong><strong>TERCER A\u00d1O<\/strong><\/p>\n<table style=\"width: 100%;\" border=\"1\" cellspacing=\"0\" cellpadding=\"0\">\n<tbody>\n<tr>\n<td valign=\"top\" width=\"177\"><strong>CAMPOS<\/strong><\/td>\n<td valign=\"top\" width=\"255\"><strong>ESTRUCTURA\u00a0 CURRICULAR<\/strong><\/td>\n<td valign=\"top\" width=\"151\"><strong>CARGA HORARIA ANUAL<\/strong><\/td>\n<\/tr>\n<tr>\n<td valign=\"top\" width=\"177\"><strong>\u00a0<\/strong><\/td>\n<td valign=\"top\" width=\"255\"><strong>Juego y desarrollo infantil<\/strong><\/td>\n<td valign=\"top\" width=\"151\"><strong>64 m\u00f3dulos <\/strong><\/td>\n<\/tr>\n<tr>\n<td valign=\"top\" width=\"177\"><strong>CAMPO\u00a0 DE LA SUBJETIVIDAD Y LAS CULTURAS<\/strong><\/td>\n<td valign=\"top\" width=\"255\"><strong>\u00a0<\/strong><strong>Medios audiovisuales, TIC y Educaci\u00f3n<\/strong><\/td>\n<td valign=\"top\" width=\"151\"><strong>\u00a0<\/strong><strong>32 m\u00f3dulos<\/strong><\/td>\n<\/tr>\n<tr>\n<td rowspan=\"7\" valign=\"top\" width=\"177\"><strong>\u00a0<\/strong><\/p>\n<p><strong>\u00a0C<\/strong><strong>AMPO DE LOS SABERES A ENSE\u00d1AR <\/strong><\/td>\n<td valign=\"top\" width=\"255\"><strong>Educaci\u00f3n\u00a0 musical<\/strong><\/td>\n<td valign=\"top\" width=\"151\"><strong>64 m\u00f3dulos<\/strong><\/td>\n<\/tr>\n<tr>\n<td valign=\"top\" width=\"255\"><strong>Educaci\u00f3n F\u00edsica\u00a0 escolar<\/strong><\/td>\n<td valign=\"top\" width=\"151\"><strong>64 m\u00f3dulos<\/strong><\/td>\n<\/tr>\n<tr>\n<td valign=\"top\" width=\"255\"><strong>Taller de\u00a0 Literatura\u00a0 infantil<\/strong><\/td>\n<td valign=\"top\" width=\"151\"><strong>32 m\u00f3dulos<\/strong><\/td>\n<\/tr>\n<tr>\n<td valign=\"top\" width=\"255\"><strong>Taller Ciencias Sociales<\/strong><\/td>\n<td valign=\"top\" width=\"151\"><strong>32 m\u00f3dulos<\/strong><\/td>\n<\/tr>\n<tr>\n<td valign=\"top\" width=\"255\"><strong>Taller\u00a0 Ciencias Naturales <\/strong><\/td>\n<td valign=\"top\" width=\"151\"><strong>32 m\u00f3dulos<\/strong><\/td>\n<\/tr>\n<tr>\n<td valign=\"top\" width=\"255\"><strong>Taller de\u00a0 la Matem\u00e1tica <\/strong><\/td>\n<td valign=\"top\" width=\"151\"><strong>\u00a0\u00a0\u00a0\u00a0\u00a0\u00a0\u00a0 32 m\u00f3dulos<\/strong><\/td>\n<\/tr>\n<tr>\n<td valign=\"top\" width=\"255\"><strong>Producci\u00f3n de materiales y objetos l\u00fadicos<\/strong><\/td>\n<td valign=\"top\" width=\"151\"><strong>\u00a0\u00a0\u00a0\u00a0\u00a0\u00a0 32 m\u00f3dulos<\/strong><\/td>\n<\/tr>\n<tr>\n<td rowspan=\"2\" valign=\"top\" width=\"177\"><strong>CAMPO DE LA FUNDAMENTACI\u00d3N<\/strong><\/p>\n<p><strong>\u00a0<\/strong><\/td>\n<td valign=\"top\" width=\"255\"><strong>\u00a0Historia y prospectivo de la educaci\u00f3n<\/strong><\/td>\n<td valign=\"top\" width=\"151\"><strong>64 m\u00f3dulos<\/strong><\/td>\n<\/tr>\n<tr>\n<td valign=\"top\" width=\"255\"><strong>Pol\u00edticas, legislaci\u00f3n y administraci\u00f3n del trabajo escolar<\/strong><\/td>\n<td valign=\"top\" width=\"151\"><strong>64 m\u00f3dulos<\/strong><\/td>\n<\/tr>\n<tr>\n<td rowspan=\"3\" valign=\"top\" width=\"177\"><strong>CAMPO DE LA PR\u00c1CTICA DOCENTE<\/strong><\/td>\n<td valign=\"top\" width=\"255\"><strong>Pr\u00e1ctica en terreno<\/strong><\/td>\n<td valign=\"top\" width=\"151\"><strong>128 m\u00f3dulos<\/strong><\/td>\n<\/tr>\n<tr>\n<td valign=\"top\" width=\"255\"><strong>Taller integrador\u00a0 interdisciplinario<\/strong><\/td>\n<td valign=\"top\" width=\"151\"><strong>32 m\u00f3dulos<\/strong><\/td>\n<\/tr>\n<tr>\n<td valign=\"top\" width=\"255\"><strong>Herramientas<\/strong><\/td>\n<td valign=\"top\" width=\"151\"><strong>32 m\u00f3dulos<\/strong><\/td>\n<\/tr>\n<tr>\n<td colspan=\"3\" valign=\"top\" width=\"584\"><strong>Total de horas 704 m\u00f3dulos<\/strong><\/td>\n<\/tr>\n<\/tbody>\n<\/table>\n<p><b>\u00a0En 3\u00ba a\u00f1o se incorpora TFO Jard\u00edn\u00a0Maternal: 64\u00a0m\u00f3dulos<\/b><\/p>\n<div>\n<p><strong>CUARTO A\u00d1O<\/strong><\/p>\n<\/div>\n<table style=\"width: 100%;\" border=\"1\" cellspacing=\"0\" cellpadding=\"0\">\n<tbody>\n<tr>\n<td valign=\"top\" width=\"177\"><strong>CAMPOS<\/strong><\/td>\n<td valign=\"top\" width=\"255\"><strong>ESTRUCTURA\u00a0 CURRICULAR<\/strong><\/td>\n<td valign=\"top\" width=\"151\"><strong>CARGA HORARIA ANUAL<\/strong><\/td>\n<\/tr>\n<tr>\n<td valign=\"top\" width=\"177\"><strong>CAMPO\u00a0 DE LA SUBJETIVIDAD Y LAS CULTURAS<\/strong><\/td>\n<td valign=\"top\" width=\"255\"><strong>Educaci\u00f3n en y para la salud<\/strong><\/td>\n<td valign=\"top\" width=\"151\"><strong>32 m\u00f3dulos<\/strong><\/td>\n<\/tr>\n<tr>\n<td rowspan=\"4\" valign=\"top\" width=\"177\"><strong>\u00a0<\/strong><\/p>\n<p><strong>CAMPO DE LOS SABERES A ENSE\u00d1AR<\/strong><\/td>\n<td valign=\"top\" width=\"255\"><strong>Ateneo de\u00a0 las Pr\u00e1cticas del Leguaje\u00a0\u00a0 y la Literatura <\/strong><\/td>\n<td valign=\"top\" width=\"151\"><strong>64 m\u00f3dulos<\/strong><\/td>\n<\/tr>\n<tr>\n<td valign=\"top\" width=\"255\"><strong>Ateneo de\u00a0 la Naturaleza y Sociedad <\/strong><\/td>\n<td valign=\"top\" width=\"151\"><strong>64 m\u00f3dulos<\/strong><\/td>\n<\/tr>\n<tr>\n<td valign=\"top\" width=\"255\"><strong>Ateneo de\u00a0 las nuevas experiencias est\u00e9ticas <\/strong><\/td>\n<td valign=\"top\" width=\"151\"><strong>64 m\u00f3dulos<\/strong><\/td>\n<\/tr>\n<tr>\n<td valign=\"top\" width=\"255\"><strong>Ateneo de\u00a0 la Matem\u00e1tica<\/strong><\/td>\n<td valign=\"top\" width=\"151\"><strong>64 m\u00f3dulos<\/strong><\/td>\n<\/tr>\n<tr>\n<td rowspan=\"2\" valign=\"top\" width=\"177\"><strong>\u00a0<\/strong><strong>CAMPO DE LA FUNDAMENTACI\u00d3N<\/strong><\/td>\n<td valign=\"top\" width=\"255\"><strong>Reflexi\u00f3n filos\u00f3fica de la Educaci\u00f3n<\/strong><\/td>\n<td valign=\"top\" width=\"151\"><strong>32 m\u00f3dulos<\/strong><\/td>\n<\/tr>\n<tr>\n<td valign=\"top\" width=\"255\"><strong>Dimensi\u00f3n \u00e9tico pol\u00edtica de la praxis docente<\/strong><\/td>\n<td valign=\"top\" width=\"151\"><strong>32 m\u00f3dulos<\/strong><\/td>\n<\/tr>\n<tr>\n<td rowspan=\"2\" valign=\"top\" width=\"177\"><strong>CAMPO DE LA PR\u00c1CTICA DOCENTE<\/strong><\/td>\n<td valign=\"top\" width=\"255\"><strong>Pr\u00e1ctica en terreno<\/strong><\/td>\n<td valign=\"top\" width=\"151\"><strong>256 m\u00f3dulos<\/strong><\/td>\n<\/tr>\n<tr>\n<td valign=\"top\" width=\"255\"><strong>Taller integrador\u00a0 interdisciplinario<\/strong><\/td>\n<td valign=\"top\" width=\"151\"><strong>32 m\u00f3dulos<\/strong><\/td>\n<\/tr>\n<tr>\n<td valign=\"top\" width=\"177\"><strong>TRAYECTO FORMATIVO OPCIONAL<\/strong><\/td>\n<td valign=\"top\" width=\"255\"><strong>\u00a0<\/strong><strong>TFO Alfabetizaci\u00f3n Inicial<\/strong><\/td>\n<td valign=\"top\" width=\"151\"><strong>32 m\u00f3dulos<\/strong><\/td>\n<\/tr>\n<tr>\n<td colspan=\"3\" valign=\"top\" width=\"584\"><strong>Total de horas 704 m\u00f3dulos<\/strong><\/td>\n<\/tr>\n<\/tbody>\n<\/table>\n<p><strong>\u00a0<\/strong><\/p>\n<p><strong>GARGA HORARIA TOTAL\u00a0 DE LA CARRERA\u00a0 2816 HORAS<\/strong><\/p>\n","protected":false},"excerpt":{"rendered":"<p>Nombre de la Carrera:\u00a0Profesorado de Educaci\u00f3n Inicial T\u00edtulo que otorga:\u00a0Profesor de Educaci\u00f3n Inicial Duraci\u00f3n:\u00a04 (cuatro) a\u00f1os Plan Aprobado por Resoluci\u00f3n N\u00ba \u00a04154\/07 Pueden visualizar en el siguiente link el Dise\u00f1o Curricular correspondiente a la Carrera Dise\u00f1o Curricular Prof de Ed Inicial y Primaria ESTRUCTURA\u00a0 CURRICULAR PRIMER A\u00d1O CAMPOS ESTRUCTURA\u00a0 CURRICULAR CARGA HORARIA ANUAL \u00a0CAMPO\u00a0 DE &#8230; <a title=\"Plan de estudio Inicial\" class=\"read-more\" href=\"https:\/\/isfd18-bue.infd.edu.ar\/sitio\/plan-de-estudio-2\/\" aria-label=\"More on Plan de estudio Inicial\">[+]<\/a><\/p>\n","protected":false},"author":1719,"featured_media":0,"parent":0,"menu_order":0,"comment_status":"closed","ping_status":"closed","template":"","meta":[],"acf":[],"_links":{"self":[{"href":"https:\/\/isfd18-bue.infd.edu.ar\/sitio\/wp-json\/wp\/v2\/pages\/847"}],"collection":[{"href":"https:\/\/isfd18-bue.infd.edu.ar\/sitio\/wp-json\/wp\/v2\/pages"}],"about":[{"href":"https:\/\/isfd18-bue.infd.edu.ar\/sitio\/wp-json\/wp\/v2\/types\/page"}],"author":[{"embeddable":true,"href":"https:\/\/isfd18-bue.infd.edu.ar\/sitio\/wp-json\/wp\/v2\/users\/1719"}],"replies":[{"embeddable":true,"href":"https:\/\/isfd18-bue.infd.edu.ar\/sitio\/wp-json\/wp\/v2\/comments?post=847"}],"version-history":[{"count":3,"href":"https:\/\/isfd18-bue.infd.edu.ar\/sitio\/wp-json\/wp\/v2\/pages\/847\/revisions"}],"predecessor-version":[{"id":2445,"href":"https:\/\/isfd18-bue.infd.edu.ar\/sitio\/wp-json\/wp\/v2\/pages\/847\/revisions\/2445"}],"wp:attachment":[{"href":"https:\/\/isfd18-bue.infd.edu.ar\/sitio\/wp-json\/wp\/v2\/media?parent=847"}],"curies":[{"name":"wp","href":"https:\/\/api.w.org\/{rel}","templated":true}]}}