{"id":843,"date":"2018-08-29T19:58:27","date_gmt":"2018-08-29T22:58:27","guid":{"rendered":"https:\/\/isfd18-bue.infd.edu.ar\/sitio\/datos-institucionales\/"},"modified":"2025-12-22T11:45:58","modified_gmt":"2025-12-22T14:45:58","slug":"datos-institucionales","status":"publish","type":"page","link":"https:\/\/isfd18-bue.infd.edu.ar\/sitio\/datos-institucionales\/","title":{"rendered":"Datos institucionales"},"content":{"rendered":"<blockquote>\n<p style=\"text-align: center;\"><strong style=\"font-family: verdana; font-size: 10pt;\">Instituto Superior de Formaci\u00f3n Docente y T\u00e9cnica N\u00b0 18<\/strong><\/p>\n<ul>\n<li>\n<h6><span style=\"font-size: 10pt; font-family: verdana;\" data-mce-mark=\"1\">Turno<\/span><span style=\"font-family: verdana; font-size: 10pt;\">\u00a0 ma\u00f1ana: de 8:00 a 12:30 hs.<\/span><\/h6>\n<\/li>\n<li>\n<h6><span style=\"font-family: verdana; font-size: 10pt;\">Turno tarde: de \u00a013:00 a 17:30 hs.<\/span><\/h6>\n<\/li>\n<li>\n<h6><span style=\"font-family: verdana; font-size: 10pt;\">Turno vespertino: de 17:30 a 21.30 hs.<\/span><\/h6>\n<\/li>\n<\/ul>\n<ul>\n<li>\n<h6><span style=\"font-size: 10pt; font-family: verdana;\" data-mce-mark=\"1\">Direcci\u00f3n: Av. Alsina 1032 &#8211; Banfield &#8211; CP: (1828) entre Pe\u00f1a y Medrano.<\/span><\/h6>\n<\/li>\n<li>\n<h6>Tel\u00e9fono: 4202-6462 (No funciona bien, se corta la llamada)<\/h6>\n<\/li>\n<li>\n<h6><span style=\"font-family: verdana; font-size: 10pt;\">web: isfd18-bue.infd.edu.ar\u00a0<\/span><\/h6>\n<\/li>\n<li>\n<h6>Para consultas administrativas, escr\u00edbanos a los siguientes e-mail:<\/h6>\n<h6><a href=\"mailto:isfdyt18consultas@gmail.com\">isfdyt18consultas@gmail.com<\/a><\/h6>\n<h6>\u00a0<a href=\"mailto:isfdn18@yahoo.com.ar\">isfdn18@yahoo.com.ar\u00a0 \u00a0\/<\/a><\/h6>\n<h6>*Los mails se responden en d\u00edas h\u00e1biles y en los horarios de prosecretar\u00eda.<\/h6>\n<h6><strong>Formulario de contacto<\/strong><\/h6>\n<\/li>\n<\/ul>\n<h6 style=\"text-align: left;\">\n<div class=\"wpcf7 no-js\" id=\"wpcf7-f2555-o1\" lang=\"es-ES\" dir=\"ltr\">\n<div class=\"screen-reader-response\"><p role=\"status\" aria-live=\"polite\" aria-atomic=\"true\"><\/p> <ul><\/ul><\/div>\n<form action=\"\/sitio\/wp-json\/wp\/v2\/pages\/843#wpcf7-f2555-o1\" method=\"post\" class=\"wpcf7-form init\" aria-label=\"Formulario de contacto\" novalidate=\"novalidate\" data-status=\"init\">\n<div style=\"display: none;\">\n<input type=\"hidden\" name=\"_wpcf7\" value=\"2555\" \/>\n<input type=\"hidden\" name=\"_wpcf7_version\" value=\"5.7.7\" \/>\n<input type=\"hidden\" name=\"_wpcf7_locale\" value=\"es_ES\" \/>\n<input type=\"hidden\" name=\"_wpcf7_unit_tag\" value=\"wpcf7-f2555-o1\" \/>\n<input type=\"hidden\" name=\"_wpcf7_container_post\" value=\"0\" \/>\n<input type=\"hidden\" name=\"_wpcf7_posted_data_hash\" value=\"\" \/>\n<input type=\"hidden\" name=\"_wpcf7_recaptcha_response\" value=\"\" \/>\n<\/div>\n<p><label> Tu nombre<br \/>\n<span class=\"wpcf7-form-control-wrap\" data-name=\"your-name\"><input size=\"40\" class=\"wpcf7-form-control wpcf7-text wpcf7-validates-as-required\" aria-required=\"true\" aria-invalid=\"false\" value=\"\" type=\"text\" name=\"your-name\" \/><\/span> <\/label>\n<\/p>\n<p><label> Tu correo electr\u00f3nico<br \/>\n<span class=\"wpcf7-form-control-wrap\" data-name=\"your-email\"><input size=\"40\" class=\"wpcf7-form-control wpcf7-text wpcf7-email wpcf7-validates-as-required wpcf7-validates-as-email\" aria-required=\"true\" aria-invalid=\"false\" value=\"\" type=\"email\" name=\"your-email\" \/><\/span> <\/label>\n<\/p>\n<p><label> Asunto<br \/>\n<span class=\"wpcf7-form-control-wrap\" data-name=\"your-subject\"><input size=\"40\" class=\"wpcf7-form-control wpcf7-text wpcf7-validates-as-required\" aria-required=\"true\" aria-invalid=\"false\" value=\"\" type=\"text\" name=\"your-subject\" \/><\/span> <\/label>\n<\/p>\n<p><label> Tu mensaje (opcional)<br \/>\n<span class=\"wpcf7-form-control-wrap\" data-name=\"your-message\"><textarea cols=\"40\" rows=\"10\" class=\"wpcf7-form-control wpcf7-textarea\" aria-invalid=\"false\" name=\"your-message\"><\/textarea><\/span> <\/label>\n<\/p>\n<p><input class=\"wpcf7-form-control has-spinner wpcf7-submit\" type=\"submit\" value=\"Enviar\" \/>\n<\/p><p style=\"display: none !important;\"><label>&#916;<textarea name=\"_wpcf7_ak_hp_textarea\" cols=\"45\" rows=\"8\" maxlength=\"100\"><\/textarea><\/label><input type=\"hidden\" id=\"ak_js_1\" name=\"_wpcf7_ak_js\" value=\"144\"\/><script>document.getElementById( \"ak_js_1\" ).setAttribute( \"value\", ( new Date() ).getTime() );<\/script><\/p><div class=\"wpcf7-response-output\" aria-hidden=\"true\"><\/div>\n<\/form>\n<\/div>\n<\/h6>\n<p style=\"text-align: center;\">\n<\/blockquote>\n","protected":false},"excerpt":{"rendered":"<p>Instituto Superior de Formaci\u00f3n Docente y T\u00e9cnica N\u00b0 18 Turno\u00a0 ma\u00f1ana: de 8:00 a 12:30 hs. Turno tarde: de \u00a013:00 a 17:30 hs. Turno vespertino: de 17:30 a 21.30 hs. Direcci\u00f3n: Av. Alsina 1032 &#8211; Banfield &#8211; CP: (1828) entre Pe\u00f1a y Medrano. Tel\u00e9fono: 4202-6462 (No funciona bien, se corta la llamada) web: isfd18-bue.infd.edu.ar\u00a0 Para &#8230; <a title=\"Datos institucionales\" class=\"read-more\" href=\"https:\/\/isfd18-bue.infd.edu.ar\/sitio\/datos-institucionales\/\" aria-label=\"More on Datos institucionales\">[+]<\/a><\/p>\n","protected":false},"author":1719,"featured_media":0,"parent":0,"menu_order":0,"comment_status":"closed","ping_status":"closed","template":"","meta":[],"acf":[],"_links":{"self":[{"href":"https:\/\/isfd18-bue.infd.edu.ar\/sitio\/wp-json\/wp\/v2\/pages\/843"}],"collection":[{"href":"https:\/\/isfd18-bue.infd.edu.ar\/sitio\/wp-json\/wp\/v2\/pages"}],"about":[{"href":"https:\/\/isfd18-bue.infd.edu.ar\/sitio\/wp-json\/wp\/v2\/types\/page"}],"author":[{"embeddable":true,"href":"https:\/\/isfd18-bue.infd.edu.ar\/sitio\/wp-json\/wp\/v2\/users\/1719"}],"replies":[{"embeddable":true,"href":"https:\/\/isfd18-bue.infd.edu.ar\/sitio\/wp-json\/wp\/v2\/comments?post=843"}],"version-history":[{"count":19,"href":"https:\/\/isfd18-bue.infd.edu.ar\/sitio\/wp-json\/wp\/v2\/pages\/843\/revisions"}],"predecessor-version":[{"id":3938,"href":"https:\/\/isfd18-bue.infd.edu.ar\/sitio\/wp-json\/wp\/v2\/pages\/843\/revisions\/3938"}],"wp:attachment":[{"href":"https:\/\/isfd18-bue.infd.edu.ar\/sitio\/wp-json\/wp\/v2\/media?parent=843"}],"curies":[{"name":"wp","href":"https:\/\/api.w.org\/{rel}","templated":true}]}}