{"id":840,"date":"2018-08-29T19:58:25","date_gmt":"2018-08-29T22:58:25","guid":{"rendered":"https:\/\/isfd18-bue.infd.edu.ar\/sitio\/postitulo-de-especializacion-docente-de-nivel-superior-en-educacion-en-contexto-de-encierro\/"},"modified":"2018-08-29T19:58:25","modified_gmt":"2018-08-29T22:58:25","slug":"postitulo-de-especializacion-docente-de-nivel-superior-en-educacion-en-contexto-de-encierro","status":"publish","type":"page","link":"https:\/\/isfd18-bue.infd.edu.ar\/sitio\/postitulo-de-especializacion-docente-de-nivel-superior-en-educacion-en-contexto-de-encierro\/","title":{"rendered":"Post\u00edtulo de Especializaci\u00f3n Docente de Nivel Superior en Educaci\u00f3n en Contexto de Encierro"},"content":{"rendered":"<p style=\"text-align: justify;\">&nbsp;<\/p>\n<p style=\"text-align: justify;\"><span style=\"font-size: 12pt;\"><strong>El objetivo<\/strong>&nbsp;central de la&nbsp;<strong>Educaci&oacute;n en Contexto de Encierro<\/strong>&nbsp;es garantizar la atenci&oacute;n educativa de los adultos detenidos en instituciones penales, de los j&oacute;venes procesados por la comisi&oacute;n de delitos que residen en centros cerrados y la de los j&oacute;venes y adultos alojados en centros de tratamiento de adicciones o de contenci&oacute;n acentuada.<\/span><\/p>\n<p style=\"text-align: justify;\"><span style=\"font-size: 12pt;\">&nbsp;<\/span><\/p>\n<p style=\"text-align: justify;\"><span style=\"font-size: 12pt;\">La tarea educativa que nos moviliza es la reinserci&oacute;n social de las personas que transitan una situaci&oacute;n de encierro, de congelamiento o grandes restricciones de sus relaciones con el afuera. Nuestro deber es el de recuperar sus historias personales, sus saberes y proyectos olvidados y resignificarlos, con el fin de activar el futuro.<\/span><\/p>\n<p style=\"text-align: justify;\"><span style=\"font-size: 12pt;\">&nbsp;<\/span><\/p>\n<p style=\"text-align: justify;\"><span style=\"font-size: 12pt;\">En este sentido, la educaci&oacute;n de los reclusos est&aacute; planteada en varios niveles: alfabetizaci&oacute;n, primaria y secundaria. Por ello, tenemos el desaf&iacute;o de saldar la deuda hist&oacute;rica de proveer los instrumentos necesarios para permitir que los internos de la Unidad Penitenciaria y de Jurisdicci&oacute;n puedan acceder a un sistema organizado y completo de informaci&oacute;n que integre y contenga todas las ofertas educativas existentes.<\/span><\/p>\n<p style=\"text-align: justify;\"><span style=\"font-size: 12pt; font-family: arial, helvetica, sans-serif;\">&nbsp;<\/span><\/p>\n<p style=\"text-align: justify;\">&nbsp;<\/p>\n<p style=\"text-align: justify;\">&nbsp;<\/p>\n<p><span style=\"font-family: arial, helvetica, sans-serif; font-size: 12pt;\"><strong><span style=\"text-decoration: underline;\">DURACI&Oacute;N DEL POST&Iacute;TULO<\/span><\/strong>.<\/span><\/p>\n<p style=\"text-align: justify;\">&nbsp;<\/p>\n<p><span style=\"font-family: arial, helvetica, sans-serif; font-size: 12pt;\">2 A&ntilde;os ( 4 Cuatrimestres)<\/span><\/p>\n<p style=\"text-align: justify;\">&nbsp;<\/p>\n<p><span style=\"font-family: arial, helvetica, sans-serif; font-size: 12pt;\"><strong>ASISTENCIA<\/strong>: Presencial<\/span><\/p>\n<p><span style=\"font-family: arial, helvetica, sans-serif; font-size: 12pt;\"><strong>Cursada regular<\/strong>: S&aacute;bados de 8 a 14<\/span><\/p>\n<p><strong><span style=\"font-family: arial, helvetica, sans-serif; font-size: 12pt;\">Cursada Seminario: Viernes (horarios a confirmar)<\/span><\/strong><\/p>\n<p><span style=\"text-align: justify;\">&nbsp;<\/span><\/p>\n<p><span style=\"text-decoration: underline;\"><span style=\"font-family: arial, helvetica, sans-serif; font-size: 12pt;\"><strong>T&Iacute;TULO A OTORGAR:<\/strong><\/span><\/span><\/p>\n<p style=\"text-align: justify;\">&nbsp;<\/p>\n<p><span style=\"font-family: arial, helvetica, sans-serif; font-size: 12pt;\">ESPECIALISTA DOCENTE DE NIVEL SUPERIOR EN EDUCACI&Oacute;N EN CONTEXTOS DE ENCIERRO<\/span><\/p>\n<p style=\"text-align: justify;\">&nbsp;<\/p><\/p>\n","protected":false},"excerpt":{"rendered":"<p>&nbsp; El objetivo&nbsp;central de la&nbsp;Educaci&oacute;n en Contexto de Encierro&nbsp;es garantizar la atenci&oacute;n educativa de los adultos detenidos en instituciones penales, de los j&oacute;venes procesados por la comisi&oacute;n de delitos que residen en centros cerrados y la de los j&oacute;venes y adultos alojados en centros de tratamiento de adicciones o de contenci&oacute;n acentuada. &nbsp; La tarea &#8230; <a title=\"Post\u00edtulo de Especializaci\u00f3n Docente de Nivel Superior en Educaci\u00f3n en Contexto de Encierro\" class=\"read-more\" href=\"https:\/\/isfd18-bue.infd.edu.ar\/sitio\/postitulo-de-especializacion-docente-de-nivel-superior-en-educacion-en-contexto-de-encierro\/\" aria-label=\"More on Post\u00edtulo de Especializaci\u00f3n Docente de Nivel Superior en Educaci\u00f3n en Contexto de Encierro\">[+]<\/a><\/p>\n","protected":false},"author":1719,"featured_media":0,"parent":0,"menu_order":0,"comment_status":"closed","ping_status":"closed","template":"","meta":[],"acf":[],"_links":{"self":[{"href":"https:\/\/isfd18-bue.infd.edu.ar\/sitio\/wp-json\/wp\/v2\/pages\/840"}],"collection":[{"href":"https:\/\/isfd18-bue.infd.edu.ar\/sitio\/wp-json\/wp\/v2\/pages"}],"about":[{"href":"https:\/\/isfd18-bue.infd.edu.ar\/sitio\/wp-json\/wp\/v2\/types\/page"}],"author":[{"embeddable":true,"href":"https:\/\/isfd18-bue.infd.edu.ar\/sitio\/wp-json\/wp\/v2\/users\/1719"}],"replies":[{"embeddable":true,"href":"https:\/\/isfd18-bue.infd.edu.ar\/sitio\/wp-json\/wp\/v2\/comments?post=840"}],"version-history":[{"count":0,"href":"https:\/\/isfd18-bue.infd.edu.ar\/sitio\/wp-json\/wp\/v2\/pages\/840\/revisions"}],"wp:attachment":[{"href":"https:\/\/isfd18-bue.infd.edu.ar\/sitio\/wp-json\/wp\/v2\/media?parent=840"}],"curies":[{"name":"wp","href":"https:\/\/api.w.org\/{rel}","templated":true}]}}