{"id":838,"date":"2018-08-29T19:58:25","date_gmt":"2018-08-29T22:58:25","guid":{"rendered":"https:\/\/isfd18-bue.infd.edu.ar\/sitio\/profesorado-de-portugues\/"},"modified":"2023-08-15T16:00:51","modified_gmt":"2023-08-15T19:00:51","slug":"profesorado-de-portugues","status":"publish","type":"page","link":"https:\/\/isfd18-bue.infd.edu.ar\/sitio\/profesorado-de-portugues\/","title":{"rendered":"Profesorado de Portugu\u00e9s"},"content":{"rendered":"\n<p>Resoluci\u00f3n N\u00ba 27\/03<\/p>\n\n\n<p><span style=\"font-family: arial black,avant garde; font-size: 12pt;\"><strong>&nbsp;<img decoding=\"async\" style=\"display: block; margin-left: auto; margin-right: auto;\" title=\"\" src=\"https:\/\/isfd18-bue.infd.edu.ar\/sitio\/wp-content\/uploads\/2018\/08\/portu.jpg\" alt=\"\" border=\"0\"><\/strong><\/span><\/p>\n<p>&nbsp;<\/p>\n<p>&nbsp;<\/p>\n<p style=\"text-align: justify;\"><span style=\"font-family: georgia,palatino; font-size: 10pt;\">Teniendo en cuenta las muchas ventajas que la cultura lus\u00f3fona manifiesta, se considera que desde las instituciones de educaci\u00f3n superior se debe fomentar la ense\u00f1anza del portugu\u00e9s. Las relaciones entre nuestro pa\u00eds y Brasil se han intensificado en los \u00faltimos a\u00f1os y para continuar con ello se requiere que podamos entender y hablar con fluidez la lengua del otro. Para lograrlo necesitamos profesores que estudien y se capaciten para realizar su tarea educativa con idoneidad.<\/span><\/p>\n<p style=\"text-align: justify;\"><span style=\"font-family: georgia,palatino; font-size: 10pt;\">Formar profesores en portugu\u00e9s permitir\u00e1 ampliar el n\u00famero de hablantes de dicha lengua en nuestra regi\u00f3n para facilitar la comunicaci\u00f3n regional y las posibilidades de un intercambio mayor entre Argentina y Brasil. <\/span><\/p>\n<p style=\"text-align: justify;\"><span style=\"font-family: georgia,palatino; font-size: 10pt;\">Los egresados del profesorado tienen una amplia gama de posibilidades laborales:&nbsp; Institutos Superiores de Formaci\u00f3n Docente, Establecimientos Educativos de nivel secundario p\u00fablicos y privados, cursos personalizados que tengan como destinatarios a particulares o empresas.<\/span><\/p>\n<p><span style=\"font-family: georgia,palatino; font-size: 10pt;\">La educaci\u00f3n no puede desconocer las demandas de la sociedad actual y esta es la raz\u00f3n por la cual el Instituto Superior de Formaci\u00f3n Docente&nbsp;N\u00b0 18 ha gestionado la apertura de este profesorado en nuestra ciudad.<\/span><\/p>\n<p>&nbsp;<\/p>\n<p style=\"text-align: justify;\"><span style=\"font-size: 10pt;\">Duraci\u00f3n de la Carrera:<\/span><\/p>\n<ul>\n<li>\n<div style=\"text-align: justify; padding-left: 30px;\"><span style=\"font-size: 10pt;\">4 (cuatro) a\u00f1os<\/span><\/div>\n<\/li>\n<\/ul>\n<p style=\"text-align: justify;\"><span style=\"font-size: 10pt;\">Turno en que se cursa:<\/span><\/p>\n<ul>\n<li>\n<div style=\"text-align: justify;\"><span style=\"font-size: 10pt;\">Vespertino: 17:30 a 21:30 hs.&nbsp;<\/span><\/div>\n<\/li>\n<\/ul>\n<p>&nbsp;<\/p>\n<p>&nbsp;<\/p>\n<p><span style=\"font-family: georgia,palatino; font-size: 10pt;\">&nbsp;<\/span><\/p>","protected":false},"excerpt":{"rendered":"<p>Resoluci\u00f3n N\u00ba 27\/03 &nbsp; &nbsp; &nbsp; Teniendo en cuenta las muchas ventajas que la cultura lus\u00f3fona manifiesta, se considera que desde las instituciones de educaci\u00f3n superior se debe fomentar la ense\u00f1anza del portugu\u00e9s. Las relaciones entre nuestro pa\u00eds y Brasil se han intensificado en los \u00faltimos a\u00f1os y para continuar con ello se requiere que &#8230; <a title=\"Profesorado de Portugu\u00e9s\" class=\"read-more\" href=\"https:\/\/isfd18-bue.infd.edu.ar\/sitio\/profesorado-de-portugues\/\" aria-label=\"More on Profesorado de Portugu\u00e9s\">[+]<\/a><\/p>\n","protected":false},"author":1719,"featured_media":0,"parent":0,"menu_order":0,"comment_status":"closed","ping_status":"closed","template":"","meta":[],"acf":[],"_links":{"self":[{"href":"https:\/\/isfd18-bue.infd.edu.ar\/sitio\/wp-json\/wp\/v2\/pages\/838"}],"collection":[{"href":"https:\/\/isfd18-bue.infd.edu.ar\/sitio\/wp-json\/wp\/v2\/pages"}],"about":[{"href":"https:\/\/isfd18-bue.infd.edu.ar\/sitio\/wp-json\/wp\/v2\/types\/page"}],"author":[{"embeddable":true,"href":"https:\/\/isfd18-bue.infd.edu.ar\/sitio\/wp-json\/wp\/v2\/users\/1719"}],"replies":[{"embeddable":true,"href":"https:\/\/isfd18-bue.infd.edu.ar\/sitio\/wp-json\/wp\/v2\/comments?post=838"}],"version-history":[{"count":6,"href":"https:\/\/isfd18-bue.infd.edu.ar\/sitio\/wp-json\/wp\/v2\/pages\/838\/revisions"}],"predecessor-version":[{"id":2627,"href":"https:\/\/isfd18-bue.infd.edu.ar\/sitio\/wp-json\/wp\/v2\/pages\/838\/revisions\/2627"}],"wp:attachment":[{"href":"https:\/\/isfd18-bue.infd.edu.ar\/sitio\/wp-json\/wp\/v2\/media?parent=838"}],"curies":[{"name":"wp","href":"https:\/\/api.w.org\/{rel}","templated":true}]}}