{"id":836,"date":"2018-08-29T19:58:24","date_gmt":"2018-08-29T22:58:24","guid":{"rendered":"https:\/\/isfd18-bue.infd.edu.ar\/sitio\/informacion\/"},"modified":"2020-03-16T19:39:03","modified_gmt":"2020-03-16T22:39:03","slug":"informacion","status":"publish","type":"page","link":"https:\/\/isfd18-bue.infd.edu.ar\/sitio\/informacion\/","title":{"rendered":"Informaci\u00f3n"},"content":{"rendered":"<p><span style=\"color: #3366ff;\"><img decoding=\"async\" title=\"Vi\u00f1eta animada\" src=\"https:\/\/isfd18-bue.infd.edu.ar\/sitio\/wp-content\/uploads\/2018\/08\/checkblackani.gif\" alt=\"Vi\u00f1eta animada\" border=\"0\" \/><strong><span style=\"font-size: 12pt;\">Informaci\u00f3n General &#8211; <a title=\"index.cgi?wid_seccion=20&amp;wid_item=10\" href=\"index.cgi?wid_seccion=20&amp;wid_item=10\">Calendario Acad\u00e9mico<\/a><\/span><\/strong><\/span><\/p>\n<p><strong><span style=\"font-size: 12pt;\"><span style=\"color: #3366ff;\"><img decoding=\"async\" title=\"Vi\u00f1eta animada\" src=\"https:\/\/isfd18-bue.infd.edu.ar\/sitio\/wp-content\/uploads\/2018\/08\/checkblackani.gif\" alt=\"Vi\u00f1eta animada\" border=\"0\" \/><a title=\"index.cgi?wid_seccion=20&amp;wid_item=33\" href=\"index.cgi?wid_seccion=20&amp;wid_item=33\">Informaci\u00f3n para alumnos<\/a><\/span><\/span><\/strong><\/p>\n<p><strong><span style=\"font-size: 12pt;\"><span style=\"color: #3366ff;\"><img decoding=\"async\" title=\"Vi\u00f1eta animada\" src=\"https:\/\/isfd18-bue.infd.edu.ar\/sitio\/wp-content\/uploads\/2018\/08\/checkblackani.gif\" alt=\"Vi\u00f1eta animada\" border=\"0\" \/><a title=\"index.cgi?wid_seccion=20&amp;wid_item=24\" href=\"index.cgi?wid_seccion=20&amp;wid_item=24\">Pautas para la Evaluaci\u00f3n<\/a><\/span><\/span><\/strong><\/p>\n<p><strong><span style=\"font-size: 12pt;\"><span style=\"color: #3366ff;\"><img decoding=\"async\" title=\"Vi\u00f1eta animada\" src=\"https:\/\/isfd18-bue.infd.edu.ar\/sitio\/wp-content\/uploads\/2018\/08\/checkblackani.gif\" alt=\"Vi\u00f1eta animada\" border=\"0\" \/><a title=\"index.cgi?wid_seccion=20&amp;wid_item=39\" href=\"index.cgi?wid_seccion=20&amp;wid_item=39\">Requisitos para el Ingreso a las Carreras<\/a><\/span><\/span><\/strong><\/p>\n<p>&nbsp;<\/p>\n<p><strong><span style=\"font-size: 12pt;\"><span style=\"color: #3366ff;\">\u00a0 \u00a0 \u00a0 \u00a0 \u00a0 \u00a0 \u00a0 <\/span><\/span><\/strong><\/p>\n<p>&nbsp;<\/p>\n","protected":false},"excerpt":{"rendered":"<p>Informaci\u00f3n General &#8211; Calendario Acad\u00e9mico Informaci\u00f3n para alumnos Pautas para la Evaluaci\u00f3n Requisitos para el Ingreso a las Carreras &nbsp; \u00a0 \u00a0 \u00a0 \u00a0 \u00a0 \u00a0 \u00a0 &nbsp;<\/p>\n","protected":false},"author":1719,"featured_media":0,"parent":0,"menu_order":0,"comment_status":"closed","ping_status":"closed","template":"","meta":[],"acf":[],"_links":{"self":[{"href":"https:\/\/isfd18-bue.infd.edu.ar\/sitio\/wp-json\/wp\/v2\/pages\/836"}],"collection":[{"href":"https:\/\/isfd18-bue.infd.edu.ar\/sitio\/wp-json\/wp\/v2\/pages"}],"about":[{"href":"https:\/\/isfd18-bue.infd.edu.ar\/sitio\/wp-json\/wp\/v2\/types\/page"}],"author":[{"embeddable":true,"href":"https:\/\/isfd18-bue.infd.edu.ar\/sitio\/wp-json\/wp\/v2\/users\/1719"}],"replies":[{"embeddable":true,"href":"https:\/\/isfd18-bue.infd.edu.ar\/sitio\/wp-json\/wp\/v2\/comments?post=836"}],"version-history":[{"count":1,"href":"https:\/\/isfd18-bue.infd.edu.ar\/sitio\/wp-json\/wp\/v2\/pages\/836\/revisions"}],"predecessor-version":[{"id":1134,"href":"https:\/\/isfd18-bue.infd.edu.ar\/sitio\/wp-json\/wp\/v2\/pages\/836\/revisions\/1134"}],"wp:attachment":[{"href":"https:\/\/isfd18-bue.infd.edu.ar\/sitio\/wp-json\/wp\/v2\/media?parent=836"}],"curies":[{"name":"wp","href":"https:\/\/api.w.org\/{rel}","templated":true}]}}