{"id":832,"date":"2018-08-29T19:58:23","date_gmt":"2018-08-29T22:58:23","guid":{"rendered":"https:\/\/isfd18-bue.infd.edu.ar\/sitio\/profesorado-de-ingles\/"},"modified":"2020-03-23T12:10:58","modified_gmt":"2020-03-23T15:10:58","slug":"profesorado-de-ingles","status":"publish","type":"page","link":"https:\/\/isfd18-bue.infd.edu.ar\/sitio\/profesorado-de-ingles\/","title":{"rendered":"Profesorado de Ingl\u00e9s"},"content":{"rendered":"<p>&nbsp;<\/p>\n<p style=\"text-align: justify;\"><img decoding=\"async\" loading=\"lazy\" class=\"alignnone wp-image-1001\" src=\"https:\/\/isfd18-bue.infd.edu.ar\/sitio\/wp-content\/uploads\/2019\/05\/Acentos-ingl\u00e9s-1000x563.jpg\" alt=\"\" width=\"544\" height=\"306\" srcset=\"https:\/\/isfd18-bue.infd.edu.ar\/sitio\/wp-content\/uploads\/2019\/05\/Acentos-ingl\u00e9s-1000x563.jpg 1000w, https:\/\/isfd18-bue.infd.edu.ar\/sitio\/wp-content\/uploads\/2019\/05\/Acentos-ingl\u00e9s-768x432.jpg 768w, https:\/\/isfd18-bue.infd.edu.ar\/sitio\/wp-content\/uploads\/2019\/05\/Acentos-ingl\u00e9s.jpg 1440w\" sizes=\"(max-width: 544px) 100vw, 544px\" \/><\/p>\n<p>&nbsp;<\/p>\n<p><strong>Denominaci\u00f3n de la Carrera<\/strong>:\u00a0 \u00a0Profesorado de Ingl\u00e9s<\/p>\n<p>&nbsp;<\/p>\n<p><strong>T\u00edtulo a otorgar:<\/strong>\u00a0 \u00a0\u00a0Profesor\/a de Ingl\u00e9s para el Nivel Primario y Secundario<\/p>\n<p>&nbsp;<\/p>\n<p>Plan Aprobado por Resoluci\u00f3n N\u00b0 1860\/17<\/p>\n<p>&nbsp;<\/p>\n<p><strong>Duraci\u00f3n de la Carrera en a\u00f1os acad\u00e9micos:<\/strong> 4 (cuatro) a\u00f1os de formaci\u00f3n acad\u00e9mica<\/p>\n<p>&nbsp;<\/p>\n<p><strong>Carga horaria total de la carrera incluyendo los espacios de definici\u00f3n<\/strong><br \/>\n<strong>institucional (expresada en horas reloj y horas c\u00e1tedra):\u00a0<\/strong><\/p>\n<p>Carga horaria total:\u00a0 \u00a03136\u00a0 \u00a0horas reloj<br \/>\nCarga horaria total expresada en horas c\u00e1tedra:\u00a0 \u00a04704\u00a0 horas c\u00e1tedra<\/p>\n<p>&nbsp;<\/p>\n<p><strong>Turno en que se cursa:<\/strong>\u00a0 Tarde, de 13.30 a 17.30 hs<\/p>\n<p>&nbsp;<\/p>\n<p>El Profesorado de Ingl\u00e9s prev\u00e9 una instancia previa de formaci\u00f3n, el Curso de Formaci\u00f3n B\u00e1sica (CUFBA). En este curso, los futuros estudiantes acceden a la construcci\u00f3n de las competencias espec\u00edficas de lengua en uso que ser\u00e1n necesarias para su desenvolvimiento acad\u00e9mico.<\/p>\n<p>&nbsp;<\/p>\n","protected":false},"excerpt":{"rendered":"<p>&nbsp; &nbsp; Denominaci\u00f3n de la Carrera:\u00a0 \u00a0Profesorado de Ingl\u00e9s &nbsp; T\u00edtulo a otorgar:\u00a0 \u00a0\u00a0Profesor\/a de Ingl\u00e9s para el Nivel Primario y Secundario &nbsp; Plan Aprobado por Resoluci\u00f3n N\u00b0 1860\/17 &nbsp; Duraci\u00f3n de la Carrera en a\u00f1os acad\u00e9micos: 4 (cuatro) a\u00f1os de formaci\u00f3n acad\u00e9mica &nbsp; Carga horaria total de la carrera incluyendo los espacios de definici\u00f3n &#8230; <a title=\"Profesorado de Ingl\u00e9s\" class=\"read-more\" href=\"https:\/\/isfd18-bue.infd.edu.ar\/sitio\/profesorado-de-ingles\/\" aria-label=\"More on Profesorado de Ingl\u00e9s\">[+]<\/a><\/p>\n","protected":false},"author":1719,"featured_media":0,"parent":0,"menu_order":0,"comment_status":"closed","ping_status":"closed","template":"","meta":[],"acf":[],"_links":{"self":[{"href":"https:\/\/isfd18-bue.infd.edu.ar\/sitio\/wp-json\/wp\/v2\/pages\/832"}],"collection":[{"href":"https:\/\/isfd18-bue.infd.edu.ar\/sitio\/wp-json\/wp\/v2\/pages"}],"about":[{"href":"https:\/\/isfd18-bue.infd.edu.ar\/sitio\/wp-json\/wp\/v2\/types\/page"}],"author":[{"embeddable":true,"href":"https:\/\/isfd18-bue.infd.edu.ar\/sitio\/wp-json\/wp\/v2\/users\/1719"}],"replies":[{"embeddable":true,"href":"https:\/\/isfd18-bue.infd.edu.ar\/sitio\/wp-json\/wp\/v2\/comments?post=832"}],"version-history":[{"count":6,"href":"https:\/\/isfd18-bue.infd.edu.ar\/sitio\/wp-json\/wp\/v2\/pages\/832\/revisions"}],"predecessor-version":[{"id":1340,"href":"https:\/\/isfd18-bue.infd.edu.ar\/sitio\/wp-json\/wp\/v2\/pages\/832\/revisions\/1340"}],"wp:attachment":[{"href":"https:\/\/isfd18-bue.infd.edu.ar\/sitio\/wp-json\/wp\/v2\/media?parent=832"}],"curies":[{"name":"wp","href":"https:\/\/api.w.org\/{rel}","templated":true}]}}