{"id":826,"date":"2018-08-29T19:58:20","date_gmt":"2018-08-29T22:58:20","guid":{"rendered":"https:\/\/isfd18-bue.infd.edu.ar\/sitio\/profesorado-de-educacion-primaria\/"},"modified":"2024-03-06T11:21:56","modified_gmt":"2024-03-06T14:21:56","slug":"profesorado-de-educacion-primaria","status":"publish","type":"page","link":"https:\/\/isfd18-bue.infd.edu.ar\/sitio\/profesorado-de-educacion-primaria\/","title":{"rendered":"Profesorado de Educaci\u00f3n Primaria"},"content":{"rendered":"<p style=\"text-align: center;\"><img decoding=\"async\" loading=\"lazy\" class=\"alignnone  wp-image-3010\" src=\"https:\/\/isfd18-bue.infd.edu.ar\/sitio\/wp-content\/uploads\/2024\/03\/Isologotipo-ISFDyT-No-18-Prof-Ed-Primaria-1000x1000.png\" alt=\"\" width=\"154\" height=\"154\" srcset=\"https:\/\/isfd18-bue.infd.edu.ar\/sitio\/wp-content\/uploads\/2024\/03\/Isologotipo-ISFDyT-No-18-Prof-Ed-Primaria-1000x1000.png 1000w, https:\/\/isfd18-bue.infd.edu.ar\/sitio\/wp-content\/uploads\/2024\/03\/Isologotipo-ISFDyT-No-18-Prof-Ed-Primaria-500x500.png 500w, https:\/\/isfd18-bue.infd.edu.ar\/sitio\/wp-content\/uploads\/2024\/03\/Isologotipo-ISFDyT-No-18-Prof-Ed-Primaria-768x768.png 768w, https:\/\/isfd18-bue.infd.edu.ar\/sitio\/wp-content\/uploads\/2024\/03\/Isologotipo-ISFDyT-No-18-Prof-Ed-Primaria-1536x1536.png 1536w, https:\/\/isfd18-bue.infd.edu.ar\/sitio\/wp-content\/uploads\/2024\/03\/Isologotipo-ISFDyT-No-18-Prof-Ed-Primaria.png 1615w\" sizes=\"(max-width: 154px) 100vw, 154px\" \/><\/p>\n<p style=\"text-align: center;\"><img decoding=\"async\" loading=\"lazy\" class=\"alignnone size-full wp-image-1012\" src=\"https:\/\/isfd18-bue.infd.edu.ar\/sitio\/wp-content\/uploads\/2019\/05\/alumnos_a_clase.jpg\" alt=\"\" width=\"560\" height=\"352\" \/><\/p>\n<p style=\"text-align: center;\">Nombre de la Carrera:<strong>\u00a0Profesorado de Educaci\u00f3n Primaria<\/strong><\/p>\n<p style=\"text-align: center;\">T\u00edtulo que otorga:<strong>\u00a0Profesor de Educaci\u00f3n Primaria<\/strong><\/p>\n<p style=\"text-align: center;\">Duraci\u00f3n:<strong>\u00a04 a\u00f1os<\/strong><\/p>\n<p style=\"text-align: center;\"><strong>Plan Aprobado por Resoluci\u00f3n N\u00ba \u00a04154\/07<\/strong><\/p>\n<p>Turnos en que se cursa:<\/p>\n<ul>\n<li>Ma\u00f1ana: de 8.00 a 12.30 hs<\/li>\n<li>Tarde: de 13.30 a 17.30 hs.<\/li>\n<li>Vespertino: de 17.30 a 21.30 hs.<\/li>\n<\/ul>\n<p style=\"text-align: justify;\"><span style=\"font-family: book antiqua, palatino; color: #808080; font-size: 10pt;\"><span style=\"color: #000000;\">Este profesorado te forma para que asumas la mediaci\u00f3n del conocimiento en el nivel primario. <\/span><\/span><\/p>\n<p style=\"text-align: justify;\"><span style=\"font-family: book antiqua, palatino; color: #808080; font-size: 10pt;\"><span style=\"color: #000000;\">Te brinda conocimientos pedag\u00f3gicos y disciplinares actualizados que te permiten insertarte y actuar en la realidad socioeducativa de este Nivel. <\/span><\/span><\/p>\n<p style=\"text-align: justify;\"><span style=\"font-family: book antiqua, palatino; color: #808080; font-size: 10pt;\"><span style=\"color: #000000;\">Como futuro docente podr\u00e1s promover aprendizajes significativos en el aula, desarrollar tareas de investigaci\u00f3n educativa a partir del trabajo interdisciplinario y contribuir al mejoramiento de las pr\u00e1cticas educativas del sistema.<\/span><\/span><\/p>\n<p><span style=\"font-family: book antiqua, palatino; font-size: 10pt;\">LOS PROP\u00d3SITOS DE LA EDUCACI\u00d3N PRIMARIA<\/span><\/p>\n<p><span style=\"font-family: book antiqua, palatino; font-size: 10pt;\">\u00a0La escuela primaria compromete el futuro de quienes transitan por sus aulas \u2013mayoritariamente ni\u00f1os\/as y adolescentes-; los prop\u00f3sitos que orientan su acci\u00f3n deben ser sistem\u00e1ticamente repensados en relaci\u00f3n con la sociedad en que la escuela se instala y con lo que, a su vez, la sociedad plantea a la escuela como nuevas exigencias.<\/span><\/p>\n<p><span style=\"font-family: book antiqua, palatino; font-size: 10pt;\">En el marco definido por la Ley Provincial de Educaci\u00f3n, son prop\u00f3sitos de la Educaci\u00f3n Primaria:<\/span><\/p>\n<p><span style=\"font-family: book antiqua, palatino; font-size: 10pt;\">\u2022 Garantizar el derecho a la educaci\u00f3n y hacerlo posible en los l\u00edmites de edad previstos para la escolaridad primaria.<\/span><\/p>\n<p><span style=\"font-family: book antiqua, palatino; font-size: 10pt;\">\u2022 Asegurar la alfabetizaci\u00f3n de los alumnos\/as y su inserci\u00f3n progresiva en el mundo de la cultura escrita.<\/span><\/p>\n<p><span style=\"font-family: book antiqua, palatino; font-size: 10pt;\">\u2022 Promover el acercamiento a la cultura y la ciencia desde los primeros a\u00f1os de la escuela.<\/span><\/p>\n<p><span style=\"font-family: book antiqua, palatino; font-size: 10pt;\">\u2022 Garantizar la participaci\u00f3n de los alumnos\/as en una experiencia escolar-institucional pluralista y democr\u00e1tica que les permita crecer en el pleno ejercicio de la ciudadan\u00eda.<\/span><\/p>\n<p><span style=\"font-family: book antiqua, palatino; font-size: 10pt;\">\u2022 Ofrecer a los ni\u00f1os\/as espacios de evaluaci\u00f3n de su desempe\u00f1o y de sus aprendizajes como instancias de reconocimiento de sus progre los y de <em><em>identificaci\u00f3n <\/em><\/em>de \u201clo que falta aprender\u201d.<\/span><\/p>\n<p><span style=\"font-family: book antiqua, palatino; font-size: 10pt;\">\u2022 Posibilitar la adquisici\u00f3n y los resultados efectivos de aprendizaje adecuados a cada a\u00f1o y ciclo,\u00a0conforme a acuerdos establecidos a partir de este dise\u00f1o curricular.<\/span><\/p>\n<p><span style=\"font-family: book antiqua, palatino; font-size: 10pt;\">\u00a0<\/span><\/p>\n<p><span style=\"font-family: book antiqua,palatino;\">\u00a0<\/span><\/p>\n","protected":false},"excerpt":{"rendered":"<p>Nombre de la Carrera:\u00a0Profesorado de Educaci\u00f3n Primaria T\u00edtulo que otorga:\u00a0Profesor de Educaci\u00f3n Primaria Duraci\u00f3n:\u00a04 a\u00f1os Plan Aprobado por Resoluci\u00f3n N\u00ba \u00a04154\/07 Turnos en que se cursa: Ma\u00f1ana: de 8.00 a 12.30 hs Tarde: de 13.30 a 17.30 hs. Vespertino: de 17.30 a 21.30 hs. Este profesorado te forma para que asumas la mediaci\u00f3n del conocimiento &#8230; <a title=\"Profesorado de Educaci\u00f3n Primaria\" class=\"read-more\" href=\"https:\/\/isfd18-bue.infd.edu.ar\/sitio\/profesorado-de-educacion-primaria\/\" aria-label=\"More on Profesorado de Educaci\u00f3n Primaria\">[+]<\/a><\/p>\n","protected":false},"author":1719,"featured_media":0,"parent":0,"menu_order":0,"comment_status":"closed","ping_status":"closed","template":"","meta":[],"acf":[],"_links":{"self":[{"href":"https:\/\/isfd18-bue.infd.edu.ar\/sitio\/wp-json\/wp\/v2\/pages\/826"}],"collection":[{"href":"https:\/\/isfd18-bue.infd.edu.ar\/sitio\/wp-json\/wp\/v2\/pages"}],"about":[{"href":"https:\/\/isfd18-bue.infd.edu.ar\/sitio\/wp-json\/wp\/v2\/types\/page"}],"author":[{"embeddable":true,"href":"https:\/\/isfd18-bue.infd.edu.ar\/sitio\/wp-json\/wp\/v2\/users\/1719"}],"replies":[{"embeddable":true,"href":"https:\/\/isfd18-bue.infd.edu.ar\/sitio\/wp-json\/wp\/v2\/comments?post=826"}],"version-history":[{"count":3,"href":"https:\/\/isfd18-bue.infd.edu.ar\/sitio\/wp-json\/wp\/v2\/pages\/826\/revisions"}],"predecessor-version":[{"id":3011,"href":"https:\/\/isfd18-bue.infd.edu.ar\/sitio\/wp-json\/wp\/v2\/pages\/826\/revisions\/3011"}],"wp:attachment":[{"href":"https:\/\/isfd18-bue.infd.edu.ar\/sitio\/wp-json\/wp\/v2\/media?parent=826"}],"curies":[{"name":"wp","href":"https:\/\/api.w.org\/{rel}","templated":true}]}}