{"id":824,"date":"2018-08-29T19:58:20","date_gmt":"2018-08-29T22:58:20","guid":{"rendered":"https:\/\/isfd18-bue.infd.edu.ar\/sitio\/profesorado-de-educacion-fisica\/"},"modified":"2024-03-06T11:24:34","modified_gmt":"2024-03-06T14:24:34","slug":"profesorado-de-educacion-fisica","status":"publish","type":"page","link":"https:\/\/isfd18-bue.infd.edu.ar\/sitio\/profesorado-de-educacion-fisica\/","title":{"rendered":"Profesorado de Educaci\u00f3n F\u00edsica"},"content":{"rendered":"<p style=\"text-align: center; padding-left: 30px;\"><span style=\"font-family: verdana,geneva; font-size: 12pt;\"><strong><span style=\"text-decoration: underline;\">Profesorado de Educaci\u00f3n F\u00edsica<\/span><\/strong><\/span><\/p>\n<p style=\"text-align: center; padding-left: 30px;\"><span style=\"font-size: 10pt; font-family: verdana,geneva;\"><img decoding=\"async\" loading=\"lazy\" class=\"\" title=\"escudo de Ed Fisica\" src=\"https:\/\/isfd18-bue.infd.edu.ar\/sitio\/wp-content\/uploads\/2018\/08\/logo20pagina-1.gif\" alt=\"escudo de Ed Fisica\" width=\"107\" height=\"122\" border=\"0\" \/><\/span><\/p>\n<p style=\"text-align: center; padding-left: 30px;\"><img decoding=\"async\" loading=\"lazy\" class=\"alignnone size-full wp-image-1003\" src=\"https:\/\/isfd18-bue.infd.edu.ar\/sitio\/wp-content\/uploads\/2019\/05\/EDUCACION-FISICA-765x510.jpg\" alt=\"\" width=\"765\" height=\"510\" \/><\/p>\n<p style=\"padding-left: 30px;\"><span style=\"font-size: 10pt; font-family: verdana,geneva;\"><img decoding=\"async\" title=\"Vi\u00f1eta animada\" src=\"https:\/\/isfd18-bue.infd.edu.ar\/sitio\/wp-content\/uploads\/2018\/08\/checkblackani.gif\" alt=\"Vi\u00f1eta animada\" border=\"0\" \/><strong>Duraci\u00f3n de la carrera:<\/strong>\u00a0 cuatro (4) a\u00f1os<\/span><\/p>\n<p style=\"padding-left: 30px;\"><span style=\"font-size: 10pt; font-family: verdana,geneva;\"><img decoding=\"async\" title=\"Vi\u00f1eta animada\" src=\"https:\/\/isfd18-bue.infd.edu.ar\/sitio\/wp-content\/uploads\/2018\/08\/checkblackani.gif\" alt=\"Vi\u00f1eta animada\" border=\"0\" \/><strong>Turnos en que se puede cursar<\/strong>:<\/span><\/p>\n<p style=\"padding-left: 150px;\"><span style=\"font-size: 10pt; font-family: verdana,geneva;\"><img decoding=\"async\" title=\"Vi\u00f1eta fija\" src=\"https:\/\/isfd18-bue.infd.edu.ar\/sitio\/wp-content\/uploads\/2018\/08\/TgC_boton103.gif\" alt=\"Vi\u00f1eta fija\" border=\"0\" \/>Ma\u00f1ana: de 8:00 a 12:00 hs.<\/span><\/p>\n<p><span style=\"font-size: 10pt; font-family: verdana,geneva;\">\u00a0 \u00a0 \u00a0 \u00a0 \u00a0 \u00a0 \u00a0 \u00a0 \u00a0 \u00a0 \u00a0 \u00a0 \u00a0 \u00a0 \u00a0 \u00a0 <img decoding=\"async\" title=\"Vi\u00f1eta fija\" src=\"https:\/\/isfd18-bue.infd.edu.ar\/sitio\/wp-content\/uploads\/2018\/08\/TgC_boton103.gif\" alt=\"Vi\u00f1eta fija\" border=\"0\" \/>Tarde: de 13 a 17:30 hs.<\/span><\/p>\n<p style=\"padding-left: 150px;\"><span style=\"font-size: 10pt; font-family: verdana,geneva;\"><img decoding=\"async\" title=\"Vi\u00f1eta fija\" src=\"https:\/\/isfd18-bue.infd.edu.ar\/sitio\/wp-content\/uploads\/2018\/08\/TgC_boton103.gif\" alt=\"Vi\u00f1eta fija\" border=\"0\" \/>Vespertino: de 17:30 a 21:30 hs.<\/span><\/p>\n<p style=\"padding-left: 30px;\">\n<hr \/>\n<p style=\"text-align: center;\"><img decoding=\"async\" title=\"Vi\u00f1eta animada\" src=\"https:\/\/isfd18-bue.infd.edu.ar\/sitio\/wp-content\/uploads\/2018\/08\/checkblackani.gif\" alt=\"Vi\u00f1eta animada\" border=\"0\" \/><span style=\"font-size: 10pt;\">Profesorado de Educaci\u00f3n F\u00edsica. Plan actual: Resoluci\u00f3n 2432\/09<\/span><\/p>\n<hr \/>\n<p style=\"text-align: center;\"><span style=\"font-size: 10pt; font-family: verdana,geneva;\"><img decoding=\"async\" loading=\"lazy\" title=\"\" src=\"https:\/\/isfd18-bue.infd.edu.ar\/sitio\/wp-content\/uploads\/2018\/08\/profesorado_de_educacion_fisica_i5_11991f32c00efb9a9508e865f8a7c1f8.jpg\" alt=\"\" width=\"208\" height=\"152\" border=\"0\" \/><\/span><\/p>\n","protected":false},"excerpt":{"rendered":"<p>Profesorado de Educaci\u00f3n F\u00edsica Duraci\u00f3n de la carrera:\u00a0 cuatro (4) a\u00f1os Turnos en que se puede cursar: Ma\u00f1ana: de 8:00 a 12:00 hs. \u00a0 \u00a0 \u00a0 \u00a0 \u00a0 \u00a0 \u00a0 \u00a0 \u00a0 \u00a0 \u00a0 \u00a0 \u00a0 \u00a0 \u00a0 \u00a0 Tarde: de 13 a 17:30 hs. Vespertino: de 17:30 a 21:30 hs. Profesorado de Educaci\u00f3n F\u00edsica. &#8230; <a title=\"Profesorado de Educaci\u00f3n F\u00edsica\" class=\"read-more\" href=\"https:\/\/isfd18-bue.infd.edu.ar\/sitio\/profesorado-de-educacion-fisica\/\" aria-label=\"More on Profesorado de Educaci\u00f3n F\u00edsica\">[+]<\/a><\/p>\n","protected":false},"author":1719,"featured_media":0,"parent":0,"menu_order":0,"comment_status":"closed","ping_status":"closed","template":"","meta":[],"acf":[],"_links":{"self":[{"href":"https:\/\/isfd18-bue.infd.edu.ar\/sitio\/wp-json\/wp\/v2\/pages\/824"}],"collection":[{"href":"https:\/\/isfd18-bue.infd.edu.ar\/sitio\/wp-json\/wp\/v2\/pages"}],"about":[{"href":"https:\/\/isfd18-bue.infd.edu.ar\/sitio\/wp-json\/wp\/v2\/types\/page"}],"author":[{"embeddable":true,"href":"https:\/\/isfd18-bue.infd.edu.ar\/sitio\/wp-json\/wp\/v2\/users\/1719"}],"replies":[{"embeddable":true,"href":"https:\/\/isfd18-bue.infd.edu.ar\/sitio\/wp-json\/wp\/v2\/comments?post=824"}],"version-history":[{"count":3,"href":"https:\/\/isfd18-bue.infd.edu.ar\/sitio\/wp-json\/wp\/v2\/pages\/824\/revisions"}],"predecessor-version":[{"id":3014,"href":"https:\/\/isfd18-bue.infd.edu.ar\/sitio\/wp-json\/wp\/v2\/pages\/824\/revisions\/3014"}],"wp:attachment":[{"href":"https:\/\/isfd18-bue.infd.edu.ar\/sitio\/wp-json\/wp\/v2\/media?parent=824"}],"curies":[{"name":"wp","href":"https:\/\/api.w.org\/{rel}","templated":true}]}}