{"id":286,"date":"2019-09-02T18:41:59","date_gmt":"2019-09-02T21:41:59","guid":{"rendered":"https:\/\/isfd18-bue.infd.edu.ar\/sitio\/?page_id=286"},"modified":"2024-03-27T09:37:31","modified_gmt":"2024-03-27T12:37:31","slug":"inicio","status":"publish","type":"page","link":"https:\/\/isfd18-bue.infd.edu.ar\/sitio\/","title":{"rendered":"Inicio"},"content":{"rendered":"<div id=\"metaslider-id-403\" style=\"width: 100%;\" class=\"ml-slider-3-33-0 metaslider metaslider-flex metaslider-403 ml-slider ms-theme-default\" role=\"region\" aria-roledescription=\"Slideshow\" aria-label=\"Slideshow\">\n    <div id=\"metaslider_container_403\">\n        <div id=\"metaslider_403\" class=\"flexslider\">\n            <ul aria-live=\"polite\" class=\"slides\">\n                <li style=\"display: block; width: 100%;\" class=\"slide-607 ms-image\" aria-roledescription=\"slide\" aria-label=\"slide-607\"><a href=\"https:\/\/mapa.infd.edu.ar\/\" target=\"_blank\"><img src=\"https:\/\/isfd18-bue.infd.edu.ar\/sitio\/wp-content\/uploads\/2018\/06\/mapa_infd6-1100x200.png\" height=\"200\" width=\"1100\" alt=\"\" class=\"slider-403 slide-607\" title=\"mapa_infd6\" \/><\/a><\/li>\n                <li style=\"display: none; width: 100%;\" class=\"slide-609 ms-image\" aria-roledescription=\"slide\" aria-label=\"slide-609\"><a href=\"https:\/\/www.argentina.gob.ar\/educacion\/becas\" target=\"_blank\"><img src=\"https:\/\/isfd18-bue.infd.edu.ar\/sitio\/wp-content\/uploads\/2018\/06\/becas7-1100x200.png\" height=\"200\" width=\"1100\" alt=\"\" class=\"slider-403 slide-609\" title=\"becas7\" \/><\/a><\/li>\n                <li style=\"display: none; width: 100%;\" class=\"slide-635 ms-image\" aria-roledescription=\"slide\" aria-label=\"slide-635\"><a href=\"https:\/\/www.argentina.gob.ar\/tema\/estudiar\/formacion-docencia\" target=\"_blank\"><img src=\"https:\/\/isfd18-bue.infd.edu.ar\/sitio\/wp-content\/uploads\/2018\/06\/convocatorias_slide6-1-1100x200.png\" height=\"200\" width=\"1100\" alt=\"\" class=\"slider-403 slide-635\" title=\"convocatorias_slide6-1\" \/><\/a><\/li>\n            <\/ul>\n        <\/div>\n        \n    <\/div>\n<\/div>\n<div style=\"text-align: center;\">\n<div style=\"text-align: center;\">\n<p style=\"text-align: center;\"><img decoding=\"async\" loading=\"lazy\" class=\"\" title=\"Logonostro\" src=\"https:\/\/isfd18-bue.infd.edu.ar\/sitio\/wp-content\/uploads\/2018\/08\/logo2_1.jpg\" alt=\"Logonostro\" width=\"102\" height=\"100\" border=\"0\" \/><\/p>\n<\/div>\n<h2 style=\"text-align: center;\"><span style=\"font-family: 'book antiqua', palatino; color: #3e748e; font-size: 18pt;\"><span style=\"color: #3366ff;\"><strong>Instituto Superior de Formaci\u00f3n Docente y T\u00e9cnica<\/strong><\/span><\/span><\/h2>\n<h2 style=\"text-align: center;\"><span style=\"font-family: 'book antiqua', palatino; color: #3e748e; font-size: 18pt;\"><span style=\"color: #3366ff;\"><strong>\u00a0N\u00ba 18<\/strong><\/span><\/span><\/h2>\n<\/div>\n<p>&nbsp;<\/p>\n<div style=\"text-align: center;\">\n<h2><span style=\"font-size: 10pt; color: black; font-family: Verdana;\"><img decoding=\"async\" loading=\"lazy\" class=\"aligncenter wp-image-2355\" src=\"https:\/\/isfd18-bue.infd.edu.ar\/sitio\/wp-content\/uploads\/2023\/02\/Foto-Instituto.png\" alt=\"\" width=\"575\" height=\"431\" \/><\/span><\/h2>\n<h4>El I.S.F.D y T N\u00b0 18 forma parte del sistema de educaci\u00f3n p\u00fablica de gesti\u00f3n estatal.<\/h4>\n<h5><a href=\"https:\/\/isfd18-bue.infd.edu.ar\/sitio\/datos-institucionales\/\">Datos institucionales<\/a><\/h5>\n<p>Nuestro Instagram:\u00a0<\/p>\n<p><img decoding=\"async\" loading=\"lazy\" class=\"wp-image-3050 aligncenter\" src=\"https:\/\/isfd18-bue.infd.edu.ar\/sitio\/wp-content\/uploads\/2024\/03\/qr-code-INSTAGRAM-ISFD18-1000x1000.png\" alt=\"\" width=\"384\" height=\"384\" srcset=\"https:\/\/isfd18-bue.infd.edu.ar\/sitio\/wp-content\/uploads\/2024\/03\/qr-code-INSTAGRAM-ISFD18-1000x1000.png 1000w, https:\/\/isfd18-bue.infd.edu.ar\/sitio\/wp-content\/uploads\/2024\/03\/qr-code-INSTAGRAM-ISFD18-1900x1900.png 1900w, https:\/\/isfd18-bue.infd.edu.ar\/sitio\/wp-content\/uploads\/2024\/03\/qr-code-INSTAGRAM-ISFD18-500x500.png 500w, https:\/\/isfd18-bue.infd.edu.ar\/sitio\/wp-content\/uploads\/2024\/03\/qr-code-INSTAGRAM-ISFD18-768x768.png 768w, https:\/\/isfd18-bue.infd.edu.ar\/sitio\/wp-content\/uploads\/2024\/03\/qr-code-INSTAGRAM-ISFD18-1536x1536.png 1536w, https:\/\/isfd18-bue.infd.edu.ar\/sitio\/wp-content\/uploads\/2024\/03\/qr-code-INSTAGRAM-ISFD18-2048x2048.png 2048w\" sizes=\"(max-width: 384px) 100vw, 384px\" \/><\/p>\n<\/div>\n<h5 style=\"text-align: center;\">\u00a0<\/h5>\n<p style=\"text-align: center;\">\u00a0<\/p>\n<p>&nbsp;<\/p>\n<p>&nbsp;<\/p>\n<p>&nbsp;<\/p>\n<p>&nbsp;<\/p>\n<div style=\"text-align: center;\">\n<table style=\"text-align: center; width: 100%;\" border=\"0\">\n<tbody>\n<tr>\n<td><span style=\"color: black; font-family: Verdana;\"><span style=\"font-size: 10pt;\"><span style=\"font-size: 8pt;\"><span style=\"color: black; font-family: Verdana;\"><img decoding=\"async\" loading=\"lazy\" src=\"https:\/\/isfd18-bue.infd.edu.ar\/sitio\/wp-content\/uploads\/2018\/08\/la_red.jpg\" alt=\"Red virtual\" width=\"154\" height=\"89\" border=\"0\" hspace=\"10\" \/><\/span><\/span><\/span><\/span><\/td>\n<td>\n<p style=\"text-align: center;\"><span style=\"font-size: 8pt;\"><span style=\"color: black; font-family: Verdana;\">Junto con varios Institutos del pa\u00eds, integramos la <strong><em><span style=\"font-family: Verdana;\">Red\u00a0Virtual de Institutos Superiores de Formaci\u00f3nDocente<\/span><\/em><\/strong>\u00a0coordinada por el <strong><span style=\"font-family: Verdana;\">INFD<\/span><\/strong> (Instituto Nacional de Formaci\u00f3n Docente) dependiente del Ministerio de Educaci\u00f3n de la Naci\u00f3n Argentina.<\/span><\/span><\/p>\n<\/td>\n<\/tr>\n<\/tbody>\n<\/table>\n<\/div>\n<h5 style=\"padding-left: 30px;\">\u00a0<\/h5>\n<div>\u00a0<\/div>\n","protected":false},"excerpt":{"rendered":"<p>Instituto Superior de Formaci\u00f3n Docente y T\u00e9cnica \u00a0N\u00ba 18 &nbsp; El I.S.F.D y T N\u00b0 18 forma parte del sistema de educaci\u00f3n p\u00fablica de gesti\u00f3n estatal. Datos institucionales Nuestro Instagram:\u00a0 \u00a0 \u00a0 &nbsp; &nbsp; &nbsp; &nbsp; Junto con varios Institutos del pa\u00eds, integramos la Red\u00a0Virtual de Institutos Superiores de Formaci\u00f3nDocente\u00a0coordinada por el INFD (Instituto Nacional &#8230; <a title=\"Inicio\" class=\"read-more\" href=\"https:\/\/isfd18-bue.infd.edu.ar\/sitio\/\" aria-label=\"More on Inicio\">[+]<\/a><\/p>\n","protected":false},"author":1,"featured_media":0,"parent":0,"menu_order":0,"comment_status":"closed","ping_status":"closed","template":"","meta":[],"acf":[],"_links":{"self":[{"href":"https:\/\/isfd18-bue.infd.edu.ar\/sitio\/wp-json\/wp\/v2\/pages\/286"}],"collection":[{"href":"https:\/\/isfd18-bue.infd.edu.ar\/sitio\/wp-json\/wp\/v2\/pages"}],"about":[{"href":"https:\/\/isfd18-bue.infd.edu.ar\/sitio\/wp-json\/wp\/v2\/types\/page"}],"author":[{"embeddable":true,"href":"https:\/\/isfd18-bue.infd.edu.ar\/sitio\/wp-json\/wp\/v2\/users\/1"}],"replies":[{"embeddable":true,"href":"https:\/\/isfd18-bue.infd.edu.ar\/sitio\/wp-json\/wp\/v2\/comments?post=286"}],"version-history":[{"count":136,"href":"https:\/\/isfd18-bue.infd.edu.ar\/sitio\/wp-json\/wp\/v2\/pages\/286\/revisions"}],"predecessor-version":[{"id":3056,"href":"https:\/\/isfd18-bue.infd.edu.ar\/sitio\/wp-json\/wp\/v2\/pages\/286\/revisions\/3056"}],"wp:attachment":[{"href":"https:\/\/isfd18-bue.infd.edu.ar\/sitio\/wp-json\/wp\/v2\/media?parent=286"}],"curies":[{"name":"wp","href":"https:\/\/api.w.org\/{rel}","templated":true}]}}