{"id":2684,"date":"2023-11-14T12:23:29","date_gmt":"2023-11-14T15:23:29","guid":{"rendered":"https:\/\/isfd18-bue.infd.edu.ar\/sitio\/?page_id=2684"},"modified":"2025-02-10T20:07:50","modified_gmt":"2025-02-10T23:07:50","slug":"plan-de-estudios-profesorado-de-educacion-secundaria-tecnico-profesional-en-automotores","status":"publish","type":"page","link":"https:\/\/isfd18-bue.infd.edu.ar\/sitio\/plan-de-estudios-profesorado-de-educacion-secundaria-tecnico-profesional-en-automotores\/","title":{"rendered":"Plan de Estudios PROFESORADO DE EDUCACI\u00d3N SECUNDARIA T\u00c9CNICO PROFESIONAL EN AUTOMOTORES"},"content":{"rendered":"\n<p><\/p>\n\n\n\n<p><a href=\"https:\/\/isfd18-bue.infd.edu.ar\/sitio\/wp-content\/uploads\/2025\/02\/DISENO-CURRICULAR-PAUTO-2024.pdf\" data-type=\"URL\" data-id=\"https:\/\/isfd18-bue.infd.edu.ar\/sitio\/wp-content\/uploads\/2025\/02\/DISENO-CURRICULAR-PAUTO-2024.pdf\">DISE\u00d1O CURRICULAR PROFESORADO DE EDUCACI\u00d3N SECUNDARIA T\u00c9CNICO PROFESIONAL EN AUTOMOTORES<\/a><\/p>\n\n\n\n<p><\/p>\n\n\n\n<h4 class=\"wp-block-heading\">Carga horaria por campo<\/h4>\n\n\n\n<p>En el siguiente cuadro se puede observar la carga horaria discriminada por Campos de Formaci\u00f3n y a\u00f1o de cursada as\u00ed como el peso porcentual que ocupa cada Campo en la formaci\u00f3n de las y los estudiantes:<\/p>\n\n\n\n<figure class=\"wp-block-table\"><table><tbody><tr><td>&nbsp; &nbsp; <strong>CAMPO DE FORMACI\u00d3N<\/strong><strong><\/strong><\/td><td>&nbsp; <strong>CARGA HORARIA EN HORAS C\u00c1TEDRA<\/strong><strong><\/strong><\/td><td>&nbsp; &nbsp; <strong>CARGA HORARIA EN HORAS RELOJ<\/strong><strong><\/strong><\/td><td>&nbsp; &nbsp; <strong>PORCENTAJE DE LA FORMACI\u00d3N<\/strong><strong><\/strong><\/td><\/tr><tr><td>General<\/td><td>1056<\/td><td>704<\/td><td>24,86%<\/td><\/tr><tr><td>Espec\u00edfica<\/td><td>2448<\/td><td>1632<\/td><td>57,63%<\/td><\/tr><tr><td>Pr\u00e1ctica Docente<\/td><td>744<\/td><td>496<\/td><td>17,51%<\/td><\/tr><tr><td><strong>Total<\/strong><\/td><td><strong>4200<\/strong><\/td><td><strong>2800<\/strong><\/td><td><strong>100 %<\/strong><\/td><\/tr><\/tbody><\/table><\/figure>\n\n\n\n<ul>\n<li><strong>Estructura curricular por a\u00f1o<\/strong><\/li>\n<\/ul>\n\n\n\n<p>Para completar la carrera en el lapso de cuatro a\u00f1os se prev\u00e9 destinar entre 16 y 24 hs reloj semanales para la concurrencia a clases manteniendo la siguiente estructura curricular por a\u00f1o:<\/p>\n\n\n\n<figure class=\"wp-block-table\"><table><tbody><tr><td><strong>ORDEN<\/strong><\/td><td><strong>UNIDAD<\/strong> <strong>CURRICULAR<\/strong><\/td><td><strong>CAMPO DE<\/strong> <strong>FORMACI\u00d3N<\/strong><\/td><td><strong>R\u00c9GIMEN<\/strong><\/td><td><strong>FORMATO<\/strong><\/td><td><strong>CARGA<\/strong> <strong>HORARIA<\/strong><\/td><td><strong>CARGA<\/strong> <strong>HORARIA<\/strong><\/td><\/tr><tr><td>&nbsp;<\/td><td>&nbsp;<\/td><td>&nbsp;<\/td><td>&nbsp;<\/td><td>&nbsp;<\/td><td><strong>SEMANAL<\/strong><\/td><td><strong>TOTAL<\/strong><\/td><\/tr><tr><td>1er A\u00d1O<\/td><\/tr><tr><td>1<\/td><td>Pedagog\u00eda<\/td><td>CFG<\/td><td>Anual<\/td><td>Asignatura<\/td><td>2<\/td><td>64<\/td><\/tr><tr><td>2<\/td><td>Did\u00e1ctica y curriculum<\/td><td>CFG<\/td><td>Anual<\/td><td>Asignatura<\/td><td>2<\/td><td>64<\/td><\/tr><tr><td>&nbsp; 3<\/td><td>Educaci\u00f3n y transformaciones sociales contempor\u00e1neas<\/td><td>&nbsp; CFG<\/td><td>&nbsp; Anual<\/td><td>&nbsp; Asignatura<\/td><td>&nbsp; 2<\/td><td>&nbsp; 64<\/td><\/tr><tr><td>&nbsp; 4<\/td><td>La educaci\u00f3n secundaria t\u00e9cnico profesional<\/td><td>&nbsp; CFE<\/td><td>&nbsp; Cuatrimestral<\/td><td>&nbsp; Asignatura<\/td><td>&nbsp; 2<\/td><td>&nbsp; 32<\/td><\/tr><tr><td>5<\/td><td>Estudios socio-t\u00e9cnicos<\/td><td>CFE<\/td><td>Cuatrimestral<\/td><td>Asignatura<\/td><td>2<\/td><td>32<\/td><\/tr><tr><td>6<\/td><td>An\u00e1lisis matem\u00e1tico<\/td><td>CFE<\/td><td>Anual<\/td><td>Asignatura<\/td><td>2<\/td><td>64<\/td><\/tr><tr><td>7<\/td><td>Fen\u00f3menos f\u00edsicos en automotores<\/td><td>CFE<\/td><td>Cuatrimestral<\/td><td>Asignatura<\/td><td>2<\/td><td>32<\/td><\/tr><tr><td>8<\/td><td>Introducci\u00f3n al &nbsp;&nbsp;&nbsp;dise\u00f1o<\/td><td>CFE<\/td><td>Cuatrimestral<\/td><td>Taller<\/td><td>2<\/td><td>32<\/td><\/tr><tr><td>9<\/td><td>Automotores<\/td><td>CFE<\/td><td>Cuatrimestral<\/td><td>Asignatura<\/td><td>2<\/td><td>32<\/td><\/tr><tr><td>&nbsp; 10<\/td><td>Transformaciones &nbsp;&nbsp;&nbsp;&nbsp;&nbsp;&nbsp;&nbsp;&nbsp;&nbsp;&nbsp;&nbsp;&nbsp;&nbsp;qu\u00edmicas en automotores<\/td><td>&nbsp; CFE<\/td><td>&nbsp; Cuatrimestral<\/td><td>&nbsp; Asignatura<\/td><td>&nbsp; 2<\/td><td>&nbsp; 32<\/td><\/tr><tr><td>&nbsp;<\/td><td>&nbsp; Pr\u00e1ctica Docente I<\/td><td>&nbsp; CPD<\/td><td>&nbsp; Anual<\/td><td>&nbsp; Taller<\/td><td>&nbsp; 2 32 (*)<\/td><td>&nbsp; 96<\/td><\/tr><tr><td><strong>TOTAL 1er A\u00d1O<\/strong><\/td><td><strong>544<\/strong><\/td><\/tr><tr><td>2do A\u00d1O<\/td><\/tr><tr><td>&nbsp; 11<\/td><td>Pensamiento pol\u00edtico pedag\u00f3gico latinoamericano<\/td><td>&nbsp; CFG<\/td><td>&nbsp; Anual<\/td><td>&nbsp; Asignatura<\/td><td>&nbsp; 2<\/td><td>&nbsp; 64<\/td><\/tr><tr><td>12<\/td><td>Psicolog\u00eda del aprendizaje<\/td><td>CFG<\/td><td>Anual<\/td><td>Asignatura<\/td><td>2<\/td><td>64<\/td><\/tr><tr><td>13<\/td><td>An\u00e1lisis de las instituciones educativas<\/td><td>CFG<\/td><td>Cuatrimestral<\/td><td>Asignatura<\/td><td>2<\/td><td>32<\/td><\/tr><tr><td>14<\/td><td>Educaci\u00f3n Sexual Integral (ESI)<\/td><td>CFG<\/td><td>Cuatrimestral<\/td><td>Taller<\/td><td>2<\/td><td>32<\/td><\/tr><tr><td>15<\/td><td>Cultura digital y educaci\u00f3n<\/td><td>CFG<\/td><td>Cuatrimestral<\/td><td>Taller<\/td><td>2<\/td><td>32<\/td><\/tr><tr><td>&nbsp; 16<\/td><td>La ense\u00f1anza en la Educaci\u00f3n T\u00e9cnico Profesional<\/td><td>&nbsp; CFE<\/td><td>&nbsp; Anual<\/td><td>&nbsp; Asignatura<\/td><td>&nbsp; 3<\/td><td>&nbsp; 96<\/td><\/tr><tr><td>&nbsp; 17<\/td><td>Tecnolog\u00eda, sociedad y ambiente<\/td><td>&nbsp; CFE<\/td><td>&nbsp; Cuatrimestral<\/td><td>&nbsp; Asignatura<\/td><td>&nbsp; 2<\/td><td>&nbsp; 32<\/td><\/tr><tr><td>18<\/td><td>Termodin\u00e1mica<\/td><td>CFE<\/td><td>Anual<\/td><td>Asignatura<\/td><td>2<\/td><td>64<\/td><\/tr><tr><td>19<\/td><td>Electrotecnia del automotor<\/td><td>CFE<\/td><td>Anual<\/td><td>Taller<\/td><td>6<\/td><td>192<\/td><\/tr><tr><td>&nbsp; 23<\/td><td>&nbsp; Pr\u00e1ctica Docente II<\/td><td>&nbsp; CPD<\/td><td>&nbsp; Anual<\/td><td>&nbsp; Taller<\/td><td>2 &nbsp; 32 (*)<\/td><td>&nbsp; 96<\/td><\/tr><tr><td><strong>TOTAL 2do A\u00d1O<\/strong><\/td><td><strong>704<\/strong><\/td><\/tr><tr><td>3er A\u00d1O<\/td><\/tr><tr><td>24<\/td><td>Pol\u00edtica educative argentina<\/td><td>CFG<\/td><td>Anual<\/td><td>Asignatura<\/td><td>2<\/td><td>64<\/td><\/tr><tr><td>&nbsp; 25<\/td><td>Problemas filos\u00f3ficos de la educaci\u00f3n<\/td><td>&nbsp; CFG<\/td><td>&nbsp; Anual<\/td><td>&nbsp; Asignatura<\/td><td>&nbsp; 2<\/td><td>&nbsp; 64<\/td><\/tr><tr><td>&nbsp; 26<\/td><td>Trayectorias educativas de j\u00f3venes y adultos<\/td><td>&nbsp; CFG<\/td><td>&nbsp; Cuatrimestral<\/td><td>&nbsp; Asignatura<\/td><td>&nbsp; 2<\/td><td>&nbsp; 32<\/td><\/tr><tr><td>&nbsp; 27<\/td><td>Entornos formativos de la Educaci\u00f3n T\u00e9cnico Profesional<\/td><td>&nbsp; CFE<\/td><td>&nbsp; Cuatrimestral<\/td><td>&nbsp; Asignatura<\/td><td>&nbsp; 2<\/td><td>&nbsp; 32<\/td><\/tr><tr><td>&nbsp; 28<\/td><td>Pr\u00e1cticas Profesionalizantes en la Educaci\u00f3n T\u00e9cnico Profesional<\/td><td>&nbsp; CFE<\/td><td>&nbsp; Cuatrimestral<\/td><td>&nbsp; Asignatura<\/td><td>&nbsp; 2<\/td><td>&nbsp; 32<\/td><\/tr><tr><td>&nbsp; 29<\/td><td>Seminario de profundizaci\u00f3n en estudios socio- t\u00e9cnicos<\/td><td>&nbsp; CFE<\/td><td>&nbsp; Anual<\/td><td>&nbsp; Seminario<\/td><td>&nbsp; 2<\/td><td>&nbsp; 64<\/td><\/tr><tr><td>&nbsp; 30<\/td><td>Est\u00e1tica y resistencia de los materiales<\/td><td>&nbsp; CFE<\/td><td>&nbsp; Cuatrimestral<\/td><td>&nbsp; Asignatura<\/td><td>&nbsp; 2<\/td><td>&nbsp; 32<\/td><\/tr><tr><td>31<\/td><td>Estructura vehicular<\/td><td>CFE<\/td><td>Cuatrimestral<\/td><td>Asignatura<\/td><td>2<\/td><td>32<\/td><\/tr><tr><td>&nbsp; 32<\/td><td>Sistemas mec\u00e1nicos del automotor<\/td><td>&nbsp; CFE<\/td><td>&nbsp; Anual<\/td><td>&nbsp; Taller<\/td><td>&nbsp; 6<\/td><td>&nbsp; 192<\/td><\/tr><tr><td>33<\/td><td>Motores de combusti\u00f3n interna<\/td><td>CFE<\/td><td>Anual<\/td><td>Taller<\/td><td>4<\/td><td>128<\/td><\/tr><tr><td>&nbsp; 34<\/td><td>Motores el\u00e9ctricos y de combusti\u00f3n alternativa<\/td><td>&nbsp; CFE<\/td><td>&nbsp; Cuatrimestral<\/td><td>&nbsp; Asignatura<\/td><td>&nbsp; 2<\/td><td>&nbsp; 32<\/td><\/tr><tr><td>&nbsp; 36<\/td><td>&nbsp; Pr\u00e1ctica Docente III<\/td><td>&nbsp; CPD<\/td><td>&nbsp; Anual<\/td><td>&nbsp; Taller<\/td><td>2 &nbsp; 80 (*)<\/td><td>&nbsp; 144<\/td><\/tr><tr><td><strong>TOTAL 3er A\u00d1O<\/strong><\/td><td><strong>848<\/strong><\/td><\/tr><tr><td>4to A\u00d1O<\/td><\/tr><tr><td>&nbsp; 37<\/td><td>Reflexi\u00f3n filos\u00f3fico- pol\u00edtica de la pr\u00e1ctica docente<\/td><td>&nbsp; CFG<\/td><td>&nbsp; Anual<\/td><td>&nbsp; Taller<\/td><td>&nbsp; 2<\/td><td>&nbsp; 64<\/td><\/tr><tr><td>&nbsp; 38<\/td><td>Derechos, interculturalidad y ciudadan\u00eda<\/td><td>&nbsp; CFG<\/td><td>&nbsp; Cuatrimestral<\/td><td>&nbsp; Seminario<\/td><td>&nbsp; 2<\/td><td>&nbsp; 32<\/td><\/tr><tr><td>39<\/td><td>Espacio de Opci\u00f3n Institucional<\/td><td>CFG<\/td><td>Cuatrimestral<\/td><td>Taller<\/td><td>2<\/td><td>32<\/td><\/tr><tr><td>&nbsp; 40<\/td><td>Aulas virtuales en la Educaci\u00f3n T\u00e9cnico Profesional<\/td><td>&nbsp; CFE<\/td><td>&nbsp; Cuatrimestral<\/td><td>&nbsp; Asignatura<\/td><td>&nbsp; 2<\/td><td>&nbsp; 32<\/td><\/tr><tr><td>&nbsp; 41<\/td><td>Dise\u00f1o socio- t\u00e9cnico de propuestas tecnol\u00f3gicas<\/td><td>&nbsp; CFE<\/td><td>&nbsp; Anual<\/td><td>&nbsp; Taller<\/td><td>&nbsp; 2<\/td><td>&nbsp; 64<\/td><\/tr><tr><td>42<\/td><td>Taller de proyectos productivos<\/td><td>CFE<\/td><td>Anual<\/td><td>Taller<\/td><td>2<\/td><td>64<\/td><\/tr><tr><td>43<\/td><td>Mantenimiento y automatismos<\/td><td>CFE<\/td><td>Anual<\/td><td>Asignatura<\/td><td>2<\/td><td>64<\/td><\/tr><tr><td>&nbsp; 44<\/td><td>Procesos de manufactura y &nbsp;&nbsp;&nbsp;&nbsp;&nbsp;&nbsp;&nbsp;&nbsp;&nbsp;&nbsp;&nbsp;&nbsp;&nbsp;dise\u00f1o 3D<\/td><td>&nbsp; CFE<\/td><td>&nbsp; Cuatrimestral<\/td><td>&nbsp; Taller<\/td><td>&nbsp; 2<\/td><td>&nbsp; 32<\/td><\/tr><tr><td>45<\/td><td>Sistemas de inyecci\u00f3n<\/td><td>CFE<\/td><td>Anual<\/td><td>Asignatura<\/td><td>2<\/td><td>64<\/td><\/tr><tr><td>&nbsp; 46<\/td><td>Sistemas electr\u00f3nicos del automotor<\/td><td>&nbsp; CFE<\/td><td>&nbsp; Anual<\/td><td>&nbsp; Asignatura<\/td><td>&nbsp; 4<\/td><td>&nbsp; 128<\/td><\/tr><tr><td>&nbsp; 47<\/td><td>&nbsp; Pr\u00e1ctica Docente IV<\/td><td>&nbsp; CPD<\/td><td>&nbsp; Anual<\/td><td>&nbsp; Taller<\/td><td>2 &nbsp; 96 (*)<\/td><td>&nbsp; 160<\/td><\/tr><tr><td><strong>TOTAL 4to A\u00d1O<\/strong><\/td><td><strong>736<\/strong><\/td><\/tr><tr><td><strong>TOTAL DE LA CARRERA<\/strong><\/td><td><strong>2832<\/strong><\/td><\/tr><\/tbody><\/table><\/figure>\n\n\n\n\n","protected":false},"excerpt":{"rendered":"<p>DISE\u00d1O CURRICULAR PROFESORADO DE EDUCACI\u00d3N SECUNDARIA T\u00c9CNICO PROFESIONAL EN AUTOMOTORES Carga horaria por campo En el siguiente cuadro se puede observar la carga horaria discriminada por Campos de Formaci\u00f3n y a\u00f1o de cursada as\u00ed como el peso porcentual que ocupa cada Campo en la formaci\u00f3n de las y los estudiantes: &nbsp; &nbsp; CAMPO DE FORMACI\u00d3N &#8230; <a title=\"Plan de Estudios PROFESORADO DE EDUCACI\u00d3N SECUNDARIA T\u00c9CNICO PROFESIONAL EN AUTOMOTORES\" class=\"read-more\" href=\"https:\/\/isfd18-bue.infd.edu.ar\/sitio\/plan-de-estudios-profesorado-de-educacion-secundaria-tecnico-profesional-en-automotores\/\" aria-label=\"More on Plan de Estudios PROFESORADO DE EDUCACI\u00d3N SECUNDARIA T\u00c9CNICO PROFESIONAL EN AUTOMOTORES\">[+]<\/a><\/p>\n","protected":false},"author":1286,"featured_media":0,"parent":0,"menu_order":0,"comment_status":"closed","ping_status":"closed","template":"","meta":[],"acf":[],"_links":{"self":[{"href":"https:\/\/isfd18-bue.infd.edu.ar\/sitio\/wp-json\/wp\/v2\/pages\/2684"}],"collection":[{"href":"https:\/\/isfd18-bue.infd.edu.ar\/sitio\/wp-json\/wp\/v2\/pages"}],"about":[{"href":"https:\/\/isfd18-bue.infd.edu.ar\/sitio\/wp-json\/wp\/v2\/types\/page"}],"author":[{"embeddable":true,"href":"https:\/\/isfd18-bue.infd.edu.ar\/sitio\/wp-json\/wp\/v2\/users\/1286"}],"replies":[{"embeddable":true,"href":"https:\/\/isfd18-bue.infd.edu.ar\/sitio\/wp-json\/wp\/v2\/comments?post=2684"}],"version-history":[{"count":6,"href":"https:\/\/isfd18-bue.infd.edu.ar\/sitio\/wp-json\/wp\/v2\/pages\/2684\/revisions"}],"predecessor-version":[{"id":3553,"href":"https:\/\/isfd18-bue.infd.edu.ar\/sitio\/wp-json\/wp\/v2\/pages\/2684\/revisions\/3553"}],"wp:attachment":[{"href":"https:\/\/isfd18-bue.infd.edu.ar\/sitio\/wp-json\/wp\/v2\/media?parent=2684"}],"curies":[{"name":"wp","href":"https:\/\/api.w.org\/{rel}","templated":true}]}}