{"id":2673,"date":"2023-11-13T08:09:02","date_gmt":"2023-11-13T11:09:02","guid":{"rendered":"https:\/\/isfd18-bue.infd.edu.ar\/sitio\/?page_id=2673"},"modified":"2024-05-20T11:12:50","modified_gmt":"2024-05-20T14:12:50","slug":"profesorado-de-educacion-secundaria-tecnico-profesional-en-automotores","status":"publish","type":"page","link":"https:\/\/isfd18-bue.infd.edu.ar\/sitio\/profesorado-de-educacion-secundaria-tecnico-profesional-en-automotores\/","title":{"rendered":"Profesorado de Educaci\u00f3n Secundaria T\u00e9cnico Profesional en Automotores"},"content":{"rendered":"\n<p><\/p>\n\n\n\n<p>Denominaci\u00f3n de la carrera:<br><strong>Profesorado de Educaci\u00f3n Secundaria T\u00e9cnico Profesional en Automotores<\/strong><br><\/p>\n\n\n\n<p>T\u00edtulo a otorgar<br><strong>Profesor\/a de Educaci\u00f3n Secundaria T\u00e9cnico Profesional en Automotores<\/strong><br><\/p>\n\n\n\n<p>Duraci\u00f3n de la carrera en a\u00f1os acad\u00e9micos:<br><strong>La carrera tiene una duraci\u00f3n de 4 a\u00f1os.<\/strong><br><\/p>\n\n\n\n<p style=\"font-style:normal;font-weight:600\"><strong><mark style=\"background-color:rgba(0, 0, 0, 0)\" class=\"has-inline-color has-contrast-color\">D\u00edas y horarios de cursada en instituto: <\/mark><\/strong><\/p>\n\n\n\n<p>    Jueves y viernes en vespertino 4 hs, de 17,30 a 21,30<\/p>\n\n\n\n<p>    S\u00e1bados de 8 a 12<\/p>\n\n\n\n<p>    Martes de 15 a 17 y 17,30 a 21,30<\/p>\n\n\n\n<p>Carga horaria total de la carrera incluyendo los Espacios de Definici\u00f3n Institucional:<\/p>\n\n\n\n<p><strong>La carrera tiene una carga horaria total de 2800 hs reloj \/ 4200 hs c\u00e1tedras.<\/strong><br><\/p>\n\n\n\n<p><strong>Plan Aprobado por Resoluci\u00f3n N\u00ba<\/strong> <strong>3748\/2022<\/strong><\/p>\n\n\n\n<p>Descarga de aqu\u00ed el DC del <a href=\"https:\/\/isfd18-bue.infd.edu.ar\/sitio\/wp-content\/uploads\/2023\/11\/Diseno-Curricular-Profesorado-de-Educacion-Secundaria-Tecnico-Profesional-en-Automotores.docx\" data-type=\"URL\" data-id=\"https:\/\/isfd18-bue.infd.edu.ar\/sitio\/wp-content\/uploads\/2023\/11\/Diseno-Curricular-Profesorado-de-Educacion-Secundaria-Tecnico-Profesional-en-Automotores.docx\">Profesorado de Educaci\u00f3n Secundaria T\u00e9cnico Profesional en Automotores<\/a><\/p>\n\n\n\n<p><\/p>\n","protected":false},"excerpt":{"rendered":"<p>Denominaci\u00f3n de la carrera:Profesorado de Educaci\u00f3n Secundaria T\u00e9cnico Profesional en Automotores T\u00edtulo a otorgarProfesor\/a de Educaci\u00f3n Secundaria T\u00e9cnico Profesional en Automotores Duraci\u00f3n de la carrera en a\u00f1os acad\u00e9micos:La carrera tiene una duraci\u00f3n de 4 a\u00f1os. D\u00edas y horarios de cursada en instituto: Jueves y viernes en vespertino 4 hs, de 17,30 a 21,30 S\u00e1bados de &#8230; <a title=\"Profesorado de Educaci\u00f3n Secundaria T\u00e9cnico Profesional en Automotores\" class=\"read-more\" href=\"https:\/\/isfd18-bue.infd.edu.ar\/sitio\/profesorado-de-educacion-secundaria-tecnico-profesional-en-automotores\/\" aria-label=\"More on Profesorado de Educaci\u00f3n Secundaria T\u00e9cnico Profesional en Automotores\">[+]<\/a><\/p>\n","protected":false},"author":1286,"featured_media":0,"parent":0,"menu_order":0,"comment_status":"closed","ping_status":"closed","template":"","meta":[],"acf":[],"_links":{"self":[{"href":"https:\/\/isfd18-bue.infd.edu.ar\/sitio\/wp-json\/wp\/v2\/pages\/2673"}],"collection":[{"href":"https:\/\/isfd18-bue.infd.edu.ar\/sitio\/wp-json\/wp\/v2\/pages"}],"about":[{"href":"https:\/\/isfd18-bue.infd.edu.ar\/sitio\/wp-json\/wp\/v2\/types\/page"}],"author":[{"embeddable":true,"href":"https:\/\/isfd18-bue.infd.edu.ar\/sitio\/wp-json\/wp\/v2\/users\/1286"}],"replies":[{"embeddable":true,"href":"https:\/\/isfd18-bue.infd.edu.ar\/sitio\/wp-json\/wp\/v2\/comments?post=2673"}],"version-history":[{"count":5,"href":"https:\/\/isfd18-bue.infd.edu.ar\/sitio\/wp-json\/wp\/v2\/pages\/2673\/revisions"}],"predecessor-version":[{"id":3173,"href":"https:\/\/isfd18-bue.infd.edu.ar\/sitio\/wp-json\/wp\/v2\/pages\/2673\/revisions\/3173"}],"wp:attachment":[{"href":"https:\/\/isfd18-bue.infd.edu.ar\/sitio\/wp-json\/wp\/v2\/media?parent=2673"}],"curies":[{"name":"wp","href":"https:\/\/api.w.org\/{rel}","templated":true}]}}