{"id":1666,"date":"2021-08-04T14:19:30","date_gmt":"2021-08-04T17:19:30","guid":{"rendered":"https:\/\/isfd18-bue.infd.edu.ar\/sitio\/?page_id=1666"},"modified":"2021-08-04T14:26:14","modified_gmt":"2021-08-04T17:26:14","slug":"cipes","status":"publish","type":"page","link":"https:\/\/isfd18-bue.infd.edu.ar\/sitio\/cipes\/","title":{"rendered":"CIPEs"},"content":{"rendered":"\n<h2 class=\"has-normal-font-size wp-block-heading\">Lxs Coordinadores Institucionales de Pol\u00edticas Estudiantiles (CIPEs) son parte de un programa del Instituto Nacional de Formaci\u00f3n Docente y de la Direcci\u00f3n de Pol\u00edticas estudiantiles. El INFoD recupera y pone a disposici\u00f3n de las jurisdicciones lxs CIPEs con el objetivo de fortalecer la implementaci\u00f3n y el desarrollo de pol\u00edticas estudiantiles, apoyando a las instituciones de gesti\u00f3n estatal en el dise\u00f1o, coordinaci\u00f3n e implementaci\u00f3n de acciones concretas.<\/h2>\n\n\n\n<h2 class=\"has-normal-font-size wp-block-heading\">Nuestra funci\u00f3n es acompa\u00f1ar, sostener y garantizar las pol\u00edticas de&nbsp; acompa\u00f1amiento de las trayectorias estudiantiles y fomentar acciones de&nbsp;&nbsp; participaci\u00f3n estudiantil desde una mirada cr\u00edtica y global de la&nbsp; \u00e9poca y del mundo en el que vivimos, desde una perspectiva de g\u00e9nero.<\/h2>\n\n\n\n<h2 class=\"has-normal-font-size wp-block-heading\">Comunicate con nosotrxs a trav\u00e9s de:<\/h2>\n\n\n\n<p><a href=\"mailto:cipeisfd18banfield@gmail.com\"><strong>cipeisfd18banfield@gmail.com<\/strong><\/a><\/p>\n\n\n\n<p><\/p>\n\n\n\n<p>Seguinos en nuestras redes:<\/p>\n\n\n\n<figure class=\"wp-block-image size-large\"><img decoding=\"async\" loading=\"lazy\" width=\"36\" height=\"36\" src=\"https:\/\/isfd18-bue.infd.edu.ar\/sitio\/wp-content\/uploads\/2021\/08\/image.png\" alt=\"\" class=\"wp-image-1670\"\/><\/figure>\n\n\n\n<p>Instagram:  cipesdeldiciochodebanfield<\/p>\n\n\n\n<figure class=\"wp-block-image size-large\"><img decoding=\"async\" loading=\"lazy\" width=\"38\" height=\"38\" src=\"https:\/\/isfd18-bue.infd.edu.ar\/sitio\/wp-content\/uploads\/2021\/08\/image-1.png\" alt=\"\" class=\"wp-image-1671\"\/><\/figure>\n\n\n\n<p>Facebook: Pol\u00edticas estudiantiles Cipes del dieciocho de Banfield<\/p>\n","protected":false},"excerpt":{"rendered":"<p>Lxs Coordinadores Institucionales de Pol\u00edticas Estudiantiles (CIPEs) son parte de un programa del Instituto Nacional de Formaci\u00f3n Docente y de la Direcci\u00f3n de Pol\u00edticas estudiantiles. El INFoD recupera y pone a disposici\u00f3n de las jurisdicciones lxs CIPEs con el objetivo de fortalecer la implementaci\u00f3n y el desarrollo de pol\u00edticas estudiantiles, apoyando a las instituciones de &#8230; <a title=\"CIPEs\" class=\"read-more\" href=\"https:\/\/isfd18-bue.infd.edu.ar\/sitio\/cipes\/\" aria-label=\"More on CIPEs\">[+]<\/a><\/p>\n","protected":false},"author":1515,"featured_media":0,"parent":0,"menu_order":0,"comment_status":"closed","ping_status":"closed","template":"","meta":[],"acf":[],"_links":{"self":[{"href":"https:\/\/isfd18-bue.infd.edu.ar\/sitio\/wp-json\/wp\/v2\/pages\/1666"}],"collection":[{"href":"https:\/\/isfd18-bue.infd.edu.ar\/sitio\/wp-json\/wp\/v2\/pages"}],"about":[{"href":"https:\/\/isfd18-bue.infd.edu.ar\/sitio\/wp-json\/wp\/v2\/types\/page"}],"author":[{"embeddable":true,"href":"https:\/\/isfd18-bue.infd.edu.ar\/sitio\/wp-json\/wp\/v2\/users\/1515"}],"replies":[{"embeddable":true,"href":"https:\/\/isfd18-bue.infd.edu.ar\/sitio\/wp-json\/wp\/v2\/comments?post=1666"}],"version-history":[{"count":2,"href":"https:\/\/isfd18-bue.infd.edu.ar\/sitio\/wp-json\/wp\/v2\/pages\/1666\/revisions"}],"predecessor-version":[{"id":1672,"href":"https:\/\/isfd18-bue.infd.edu.ar\/sitio\/wp-json\/wp\/v2\/pages\/1666\/revisions\/1672"}],"wp:attachment":[{"href":"https:\/\/isfd18-bue.infd.edu.ar\/sitio\/wp-json\/wp\/v2\/media?parent=1666"}],"curies":[{"name":"wp","href":"https:\/\/api.w.org\/{rel}","templated":true}]}}