{"id":1630,"date":"2021-05-19T17:07:22","date_gmt":"2021-05-19T20:07:22","guid":{"rendered":"https:\/\/isfd18-bue.infd.edu.ar\/sitio\/?page_id=1630"},"modified":"2025-10-09T16:02:52","modified_gmt":"2025-10-09T19:02:52","slug":"equivalencias","status":"publish","type":"page","link":"https:\/\/isfd18-bue.infd.edu.ar\/sitio\/equivalencias\/","title":{"rendered":"EQUIVALENCIAS"},"content":{"rendered":"<h3 style=\"text-align: center;\"><b>\u00a0 \u00a0 \u00a0 \u00a0 \u00a0 \u00a0 \u00a0 \u00a0 \u00a0 \u00a0 \u00a0 \u00a0 \u00a0 MUY IMPORTANTE:\u00a0 \u00a0SOLICITUD DE EQUIVALENCIAS<\/b><br \/>\n<b><\/b><\/h3>\n<p>LAS EQUIVALENCIAS SE PODR\u00c1N SOLICITAR DESDE EL<strong> 02\/03\/2026 HASTA EL 30\/04\/2026 INCLUSIVE<\/strong> para los y las estudiantes de todas las carreras.<\/p>\n<p>Estudiantes que han cursados otras carreras en el ISFDyT N\u00ba18, deber\u00e1n presentarse en secretaria con copia de titulo si tuviera, o libreta donde conste Libro y Folio.<\/p>\n<p>PARA ESTUDIANTES QUE HAN CURSADO CARRERAS Y\/O MATERIAS EN OTRA INSTITUCI\u00d3N.<\/p>\n<p>Instructivo para solicitud de equivalencias<br \/>\n1. El\/la estudiante debe evaluar la correspondencia entre el programa de la materia ya aprobada y el programa de la materia a solicitar su aprobaci\u00f3n por equivalencia.<br \/>\n2. Para solicitar una equivalencia, no deben haber transcurrido m\u00e1s de 6 a\u00f1os desde el momento en que se acredit\u00f3 el examen final de la materia que se considera af\u00edn a la solicitada.<br \/>\n3. El\/la estudiante deber\u00e1 entregar toda la documentaci\u00f3n en la secretaria, en los d\u00edas y horarios de atenci\u00f3n.<br \/>\n4. La documentaci\u00f3n a presentar deber\u00e1 corresponder con los Formularios A.14 (Planilla Resumen) y A.14a (Equivalencia por asignatura) junto con los programas que dan lugar a dicha solicitud certificados por la Instituci\u00f3n que los emiti\u00f3 y acompa\u00f1ados por el T\u00edtulo o el Anal\u00edtico incompleto en donde figure la asignatura acreditada.<br \/>\n5. El estudiante deber\u00e1 completar una sola planilla resumen (A.14) en la que se especifique la totalidad de equivalencias con las correspondencias pertinentes y presentarla junto con el certificado anal\u00edtico y\/o el t\u00edtulo en el que se lea claramente la nota obtenida en la\/s materia\/s acreditadas y la fecha de acreditaci\u00f3n.<br \/>\n6. Tambi\u00e9n incorporar\u00e1 una Planilla de solicitud por asignatura (A.14a) junto con el o los programas de las materias acreditadas, certificados por la Instituci\u00f3n de procedencia.<br \/>\nLuego del an\u00e1lisis de cada una de las solicitudes, por parte de los profesores, se le comunicar\u00e1 a cada estudiante que haya presentado la documentaci\u00f3n el resultado de la misma.<\/p>\n<p>D\u00edas y Horarios de atenci\u00f3n de secretaria:<\/p>\n<p>SECRETARIA: NELIDA NEIRA<br \/>\nlunes y mi\u00e9rcoles de 13 a 17:30 hs<br \/>\nmartes &#8211; jueves y viernes de 17.30 a 21 hs<\/p>\n<p>PROSECRETARIA: SILVINA SCRIFFIGNANO<br \/>\nlunes &#8211; mi\u00e9rcoles y viernes de 8 a 12.30 hs<br \/>\nmartes y jueves de 13 a 17:30 hs<\/p>\n<p><a href=\"https:\/\/isfd18-bue.infd.edu.ar\/sitio\/wp-content\/uploads\/2021\/05\/Solicitud-de-Equivalencia-Resumen-A14.pdf\">SOLICITUD DE EQUIVALENCIA RESUMEN- FORMULARIO A.14<\/a><\/p>\n<p><a href=\"https:\/\/isfd18-bue.infd.edu.ar\/sitio\/wp-content\/uploads\/2021\/05\/Solicitud-de-Equivalencia-por-Asignatura-A14a.pdf\">SOLICITUD DE EQUIVALENCIA POR ASIGNATURA &#8211; FORMULARIO A.14a<\/a><\/p>\n<p><a href=\"https:\/\/isfd18-bue.infd.edu.ar\/sitio\/wp-content\/uploads\/2022\/04\/solicitud_-equivalencia_-interna.pdf\">SOLICITUD DE EQUIVALENCIA Autom\u00e1tica (interna)<\/a><\/p>\n","protected":false},"excerpt":{"rendered":"<p>\u00a0 \u00a0 \u00a0 \u00a0 \u00a0 \u00a0 \u00a0 \u00a0 \u00a0 \u00a0 \u00a0 \u00a0 \u00a0 MUY IMPORTANTE:\u00a0 \u00a0SOLICITUD DE EQUIVALENCIAS LAS EQUIVALENCIAS SE PODR\u00c1N SOLICITAR DESDE EL 02\/03\/2026 HASTA EL 30\/04\/2026 INCLUSIVE para los y las estudiantes de todas las carreras. Estudiantes que han cursados otras carreras en el ISFDyT N\u00ba18, deber\u00e1n presentarse en secretaria con copia &#8230; <a title=\"EQUIVALENCIAS\" class=\"read-more\" href=\"https:\/\/isfd18-bue.infd.edu.ar\/sitio\/equivalencias\/\" aria-label=\"More on EQUIVALENCIAS\">[+]<\/a><\/p>\n","protected":false},"author":1515,"featured_media":0,"parent":0,"menu_order":0,"comment_status":"closed","ping_status":"closed","template":"","meta":[],"acf":[],"_links":{"self":[{"href":"https:\/\/isfd18-bue.infd.edu.ar\/sitio\/wp-json\/wp\/v2\/pages\/1630"}],"collection":[{"href":"https:\/\/isfd18-bue.infd.edu.ar\/sitio\/wp-json\/wp\/v2\/pages"}],"about":[{"href":"https:\/\/isfd18-bue.infd.edu.ar\/sitio\/wp-json\/wp\/v2\/types\/page"}],"author":[{"embeddable":true,"href":"https:\/\/isfd18-bue.infd.edu.ar\/sitio\/wp-json\/wp\/v2\/users\/1515"}],"replies":[{"embeddable":true,"href":"https:\/\/isfd18-bue.infd.edu.ar\/sitio\/wp-json\/wp\/v2\/comments?post=1630"}],"version-history":[{"count":13,"href":"https:\/\/isfd18-bue.infd.edu.ar\/sitio\/wp-json\/wp\/v2\/pages\/1630\/revisions"}],"predecessor-version":[{"id":3895,"href":"https:\/\/isfd18-bue.infd.edu.ar\/sitio\/wp-json\/wp\/v2\/pages\/1630\/revisions\/3895"}],"wp:attachment":[{"href":"https:\/\/isfd18-bue.infd.edu.ar\/sitio\/wp-json\/wp\/v2\/media?parent=1630"}],"curies":[{"name":"wp","href":"https:\/\/api.w.org\/{rel}","templated":true}]}}