{"id":1575,"date":"2021-03-11T17:15:39","date_gmt":"2021-03-11T20:15:39","guid":{"rendered":"https:\/\/isfd18-bue.infd.edu.ar\/sitio\/?page_id=1575"},"modified":"2026-03-31T15:05:01","modified_gmt":"2026-03-31T18:05:01","slug":"becas-progresar-2021","status":"publish","type":"page","link":"https:\/\/isfd18-bue.infd.edu.ar\/sitio\/becas-progresar-2021\/","title":{"rendered":"Progresar 2026"},"content":{"rendered":"\n<div class=\"wp-block-file\"><object class=\"wp-block-file__embed\" data=\"https:\/\/isfd18-bue.infd.edu.ar\/sitio\/wp-content\/uploads\/2026\/03\/Instructivo-de-inscripcion-2026-.pdf\" type=\"application\/pdf\" style=\"width:100%;height:600px\" aria-label=\"Incrustado de Instructivo-de-inscripcion-2026-.\"><\/object><a id=\"wp-block-file--media-2bf46a56-b470-4f62-8bbb-03769de21d8b\" href=\"https:\/\/isfd18-bue.infd.edu.ar\/sitio\/wp-content\/uploads\/2026\/03\/Instructivo-de-inscripcion-2026-.pdf\">Instructivo-de-inscripcion-2026-<\/a><a href=\"https:\/\/isfd18-bue.infd.edu.ar\/sitio\/wp-content\/uploads\/2026\/03\/Instructivo-de-inscripcion-2026-.pdf\" class=\"wp-block-file__button wp-element-button\" download aria-describedby=\"wp-block-file--media-2bf46a56-b470-4f62-8bbb-03769de21d8b\">Descarga<\/a><\/div>\n\n\n\n<div class=\"wp-block-file\"><a href=\"blob:https:\/\/isfd18-bue.infd.edu.ar\/6e9887b9-24af-47aa-9fe2-566b370e838e\" class=\"wp-block-file__button wp-element-button\" download>Descarga<\/a><\/div>\n\n\n\n<div class=\"wp-block-file\"><object class=\"wp-block-file__embed\" data=\"https:\/\/isfd18-bue.infd.edu.ar\/sitio\/wp-content\/uploads\/2026\/03\/Reglamento-Obligatorio-1.pdf\" type=\"application\/pdf\" style=\"width:100%;height:600px\" aria-label=\"Incrustado de Reglamento-Obligatorio-1.\"><\/object><a id=\"wp-block-file--media-ff8cdf50-5e9b-40d5-9648-d50a928d1371\" href=\"https:\/\/isfd18-bue.infd.edu.ar\/sitio\/wp-content\/uploads\/2026\/03\/Reglamento-Obligatorio-1.pdf\">Reglamento-Obligatorio-1<\/a><a href=\"https:\/\/isfd18-bue.infd.edu.ar\/sitio\/wp-content\/uploads\/2026\/03\/Reglamento-Obligatorio-1.pdf\" class=\"wp-block-file__button wp-element-button\" download aria-describedby=\"wp-block-file--media-ff8cdf50-5e9b-40d5-9648-d50a928d1371\">Descarga<\/a><\/div>\n\n\n\n<p>&#8212;&#8212;&#8212;&#8212;&#8212;&#8212;&#8212;&#8212;&#8212;&#8212;&#8212;&#8212;&#8212;&#8212;&#8212;&#8212;&#8212;&#8212;&#8212;&#8212;&#8212;&#8212;&#8212;&#8212;&#8212;&#8212;&#8212;&#8212;&#8212;&#8212;&#8212;&#8212;&#8212;&#8212;&#8212;&#8212;&#8212;&#8212;&#8212;&#8212;&#8212;&#8212;&#8212;&#8212;&#8212;&#8212;&#8212;&#8212;&#8212;&#8212;&#8212;&#8212;&#8212;&#8212;&#8212;&#8212;&#8212;&#8212;&#8212;&#8212;&#8212;&#8212;&#8212;&#8212;&#8212;&#8212;&#8212;&#8212;&#8212;&#8212;&#8211;<\/p>\n\n\n\n<p><strong>Progresar 2025<\/strong>: Informaci\u00f3n de cobro: <em><strong>\u00ab&#8230; para los estudiantes que fueron certificados en el mes de diciembre 3ra Certificaci\u00f3n acad\u00e9mica (Solo alumnos con beca adjudicada), a partir del lunes 09\/02\/2026 y hasta el viernes 13\/02\/2026, se estar\u00e1n abonando 2 cuotas retroactivas correspondientes al mes de diciembre\/enero y la 3er cuota se abonar\u00e1 en marzo\u00bb.\u00a0<\/strong>Se adjunta calendario de cobros:<\/em><\/p>\n\n\n\n<figure class=\"wp-block-image size-full\"><img decoding=\"async\" loading=\"lazy\" width=\"701\" height=\"726\" src=\"https:\/\/isfd18-bue.infd.edu.ar\/sitio\/wp-content\/uploads\/2026\/02\/image.png\" alt=\"\" class=\"wp-image-3975\"\/><\/figure>\n\n\n\n<p>Hasta&nbsp; este viernes&nbsp;<strong>24&nbsp;de octubre inclusive<\/strong>&nbsp;estar\u00e1 vigente el proceso de&nbsp;<strong>activaci\u00f3n de reclamos<\/strong>.<\/p>\n\n\n\n<div class=\"wp-block-file\"><object class=\"wp-block-file__embed\" data=\"https:\/\/isfd18-bue.infd.edu.ar\/sitio\/wp-content\/uploads\/2025\/10\/instructivo_reclamos_-_superior-oct.pptx_.pdf\" type=\"application\/pdf\" style=\"width:100%;height:600px\" aria-label=\"Incrustado de instructivo_reclamos_-_superior-oct.pptx_.\"><\/object><a id=\"wp-block-file--media-79f0d597-6893-4e5f-b818-da1d94ec751d\" href=\"https:\/\/isfd18-bue.infd.edu.ar\/sitio\/wp-content\/uploads\/2025\/10\/instructivo_reclamos_-_superior-oct.pptx_.pdf\">instructivo_reclamos_-_superior-oct.pptx_<\/a><a href=\"https:\/\/isfd18-bue.infd.edu.ar\/sitio\/wp-content\/uploads\/2025\/10\/instructivo_reclamos_-_superior-oct.pptx_.pdf\" class=\"wp-block-file__button wp-element-button\" download aria-describedby=\"wp-block-file--media-79f0d597-6893-4e5f-b818-da1d94ec751d\">Descarga<\/a><\/div>\n\n\n\n<p>Finaliz\u00f3 la etapa de Certificaci\u00f3n de quienes se inscribieron a principio de a\u00f1o y de alumnos inscriptos en la 2da etapa.<\/p>\n\n\n\n<figure class=\"wp-block-image size-large is-style-default\"><img decoding=\"async\" loading=\"lazy\" width=\"709\" height=\"890\" src=\"https:\/\/isfd18-bue.infd.edu.ar\/sitio\/wp-content\/uploads\/2025\/08\/IMG-20250819-WA0006.jpg\" alt=\"\" class=\"wp-image-3858\"\/><\/figure>\n\n\n\n<figure class=\"wp-block-gallery has-nested-images columns-default is-cropped wp-block-gallery-1 is-layout-flex\"><\/figure>\n\n\n\n<p><\/p>\n\n\n\n<p class=\"has-accent-color has-text-color has-large-font-size\"><strong>Segunda Convocatoria<\/strong><\/p>\n\n\n\n<p class=\"has-medium-font-size\"><strong>Desde el&nbsp;<em>lunes 18\/8\/2025  hasta el 05 de septiembre <\/em>estar\u00e1 abierta la inscripci\u00f3n a las Becas Fomento de la Educaci\u00f3n Superior y Progresar Enfermer\u00eda 2025.<\/strong><\/p>\n\n\n\n<div class=\"wp-block-file\"><object class=\"wp-block-file__embed\" data=\"https:\/\/isfd18-bue.infd.edu.ar\/sitio\/wp-content\/uploads\/2025\/03\/Brief-Progresar-Superior-2025-4.pdf\" type=\"application\/pdf\" style=\"width:100%;height:600px\" aria-label=\"Incrustado de Brief-Progresar-Superior-2025-4.\"><\/object><a id=\"wp-block-file--media-fffd5dd5-9a83-457e-a253-5a84b6f4e206\" href=\"https:\/\/isfd18-bue.infd.edu.ar\/sitio\/wp-content\/uploads\/2025\/03\/Brief-Progresar-Superior-2025-4.pdf\">Brief-Progresar-Superior-2025-4<\/a><a href=\"https:\/\/isfd18-bue.infd.edu.ar\/sitio\/wp-content\/uploads\/2025\/03\/Brief-Progresar-Superior-2025-4.pdf\" class=\"wp-block-file__button wp-element-button\" download aria-describedby=\"wp-block-file--media-fffd5dd5-9a83-457e-a253-5a84b6f4e206\">Descarga<\/a><\/div>\n\n\n\n<p>________________________________________________________________________________________________________________________<\/p>\n\n\n\n<p class=\"has-large-font-size\"><strong><em>Requisitos para Progresar nivel superior<\/em><\/strong><\/p>\n\n\n\n<ul>\n<li class=\"has-medium-font-size\">Podr\u00e1n inscribirse estudiantes ingresantes de hasta 25 a\u00f1os y, quienes est\u00e9n avanzados en la carrera, hasta 30 a\u00f1os. <\/li>\n\n\n\n<li class=\"has-medium-font-size\">Los Ingresos del grupo familiar no deben superar tres veces el Salario<strong> <\/strong>M\u00ednimo Vital y M\u00f3vil.<\/li>\n<\/ul>\n\n\n\n<p><strong>Ingresantes a la carrera<\/strong>: ACREDITAR REGULARIDAD<\/p>\n\n\n\n<p><strong>Estudiantes Avanzados: Acreditar regularidad <\/strong>y tener al menos el <strong>50% de las materias aprobadas <\/strong>conforme al plan de estudio y a\u00f1o cursado durante 2024.<\/p>\n\n\n\n<p>____________________________________________________________________________________________________________________________________<\/p>\n\n\n\n<p><strong>La inscripci\u00f3n es ONLINE, a trav\u00e9s de la Plataforma Progresar. Para iniciar el proceso es necesario estar registrado en Mi Argentina.<\/strong><\/p>\n\n\n\n<p><strong> NO HAY QUE PRESENTAR NING\u00daN PAPEL (NI EN EL INSTITUTO NI ANSES) para realizar este tr\u00e1mite.<\/strong><\/p>\n\n\n\n<p class=\"has-contrast-3-background-color has-background has-medium-font-size\"><strong>Para mas informaci\u00f3n<\/strong>, <strong>leer atentamente los PDF<\/strong> <strong>que se incluyen en esta p\u00e1gina<\/strong><\/p>\n\n\n\n<p><strong>Tel\u00e9fono de Becas Progresar<\/strong><\/p>\n\n\n\n<p class=\"has-accent-color has-text-color\"><a href=\"tel:08009991066\"><strong>0800-999-1066<\/strong><\/a> opci\u00f3n 1. &#8211; <strong>4129<\/strong>&#8211;<strong>1000<\/strong>: opci\u00f3n 1 (internos 6270\/ 6348)<\/p>\n","protected":false},"excerpt":{"rendered":"<p>&#8212;&#8212;&#8212;&#8212;&#8212;&#8212;&#8212;&#8212;&#8212;&#8212;&#8212;&#8212;&#8212;&#8212;&#8212;&#8212;&#8212;&#8212;&#8212;&#8212;&#8212;&#8212;&#8212;&#8212;&#8212;&#8212;&#8212;&#8212;&#8212;&#8212;&#8212;&#8212;&#8212;&#8212;&#8212;&#8212;&#8212;&#8212;&#8212;&#8212;&#8212;&#8212;&#8212;&#8212;&#8212;&#8212;&#8212;&#8212;&#8212;&#8212;&#8212;&#8212;&#8212;&#8212;&#8212;&#8212;&#8212;&#8212;&#8212;&#8212;&#8212;&#8212;&#8212;&#8212;&#8212;&#8212;&#8212;&#8212;&#8212;&#8212;&#8211; Progresar 2025: Informaci\u00f3n de cobro: \u00ab&#8230; para los estudiantes que fueron certificados en el mes de diciembre 3ra Certificaci\u00f3n acad\u00e9mica (Solo alumnos con beca adjudicada), a partir del lunes 09\/02\/2026 y hasta el viernes 13\/02\/2026, se estar\u00e1n abonando 2 cuotas retroactivas correspondientes al mes de diciembre\/enero y la 3er cuota se abonar\u00e1 en marzo\u00bb.\u00a0Se &#8230; <a title=\"Progresar 2026\" class=\"read-more\" href=\"https:\/\/isfd18-bue.infd.edu.ar\/sitio\/becas-progresar-2021\/\" aria-label=\"More on Progresar 2026\">[+]<\/a><\/p>\n","protected":false},"author":1515,"featured_media":0,"parent":0,"menu_order":0,"comment_status":"closed","ping_status":"closed","template":"","meta":[],"acf":[],"_links":{"self":[{"href":"https:\/\/isfd18-bue.infd.edu.ar\/sitio\/wp-json\/wp\/v2\/pages\/1575"}],"collection":[{"href":"https:\/\/isfd18-bue.infd.edu.ar\/sitio\/wp-json\/wp\/v2\/pages"}],"about":[{"href":"https:\/\/isfd18-bue.infd.edu.ar\/sitio\/wp-json\/wp\/v2\/types\/page"}],"author":[{"embeddable":true,"href":"https:\/\/isfd18-bue.infd.edu.ar\/sitio\/wp-json\/wp\/v2\/users\/1515"}],"replies":[{"embeddable":true,"href":"https:\/\/isfd18-bue.infd.edu.ar\/sitio\/wp-json\/wp\/v2\/comments?post=1575"}],"version-history":[{"count":54,"href":"https:\/\/isfd18-bue.infd.edu.ar\/sitio\/wp-json\/wp\/v2\/pages\/1575\/revisions"}],"predecessor-version":[{"id":4133,"href":"https:\/\/isfd18-bue.infd.edu.ar\/sitio\/wp-json\/wp\/v2\/pages\/1575\/revisions\/4133"}],"wp:attachment":[{"href":"https:\/\/isfd18-bue.infd.edu.ar\/sitio\/wp-json\/wp\/v2\/media?parent=1575"}],"curies":[{"name":"wp","href":"https:\/\/api.w.org\/{rel}","templated":true}]}}