{"id":1562,"date":"2025-10-06T00:00:07","date_gmt":"2025-10-06T03:00:07","guid":{"rendered":"https:\/\/isfd18-bue.infd.edu.ar\/sitio\/?page_id=1562"},"modified":"2026-03-04T09:56:06","modified_gmt":"2026-03-04T12:56:06","slug":"informacion-sobre-pases-y-reincorporaciones","status":"publish","type":"page","link":"https:\/\/isfd18-bue.infd.edu.ar\/sitio\/informacion-sobre-pases-y-reincorporaciones\/","title":{"rendered":"INFORMACI\u00d3N SOBRE VACANTES, REINCORPORACIONES Y PASES."},"content":{"rendered":"<h4><strong>Solicitud de Vacante<\/strong><\/h4>\n<p><strong>De 2do a 4to a\u00f1o nivel terciario<\/strong><\/p>\n<p>Las <strong>solicitudes de Vacante<\/strong> (para aquellos estudiantes\u00a0 que est\u00e1n cursando en otros <em>Institutos terciarios<\/em> y desean solicitar una vacante en el ISFD 18 para continuar sus estudios) se recepcionar\u00e1n por secretar\u00eda o preceptor\u00eda (de planta alta) desde el <strong>01\/12\/2025<\/strong> hasta el <strong>19\/12\/2025<\/strong> y luego desde el <strong>16\/02\/2026<\/strong> al <strong>27\/02\/2026<\/strong>\u00a0en los horarios de <strong>9 a 11:30 &#8211; 13:30 a 16 y 17:30 a 20 hs<\/strong>.<\/p>\n<p>Deber\u00e1n presentar la planilla correspondiente con <strong>fotocopia del DNI, fotocopia del t\u00edtulo secundario, fotocopia de la libreta del estudiante completa<\/strong>. Una vez confirmada la vacante se solicitar\u00e1 Anal\u00edtico incompleto del instituto de origen.<\/p>\n<p><strong>Toda la documentaci\u00f3n debe ser entregada en un folio oficio<\/strong>. La planilla podr\u00e1 ser descargada desde esta p\u00e1gina o comprada en la fotocopiadora que se encuentra en el Instituto.<\/p>\n<p>A partir de marzo (luego de la matriculaci\u00f3n de los alumnos de este instituto) se dar\u00e1 respuesta a cada solicitud telef\u00f3nicamente.<\/p>\n<p>Descargar de aqu\u00ed el <strong><a href=\"https:\/\/isfd18-bue.infd.edu.ar\/sitio\/wp-content\/uploads\/2021\/02\/solicitud-de-vacante.pdf\">formulario para solicitar Vacante.<\/a><\/strong><\/p>\n<p>&#8212;&#8212;&#8212;&#8212;&#8212;&#8212;&#8212;&#8212;&#8212;&#8212;&#8212;&#8212;&#8212;&#8212;&#8212;&#8212;&#8212;&#8212;&#8212;&#8212;&#8212;&#8212;&#8212;&#8212;&#8212;&#8212;&#8212;&#8212;&#8212;&#8212;&#8212;&#8212;&#8212;&#8212;&#8212;&#8212;&#8212;&#8212;&#8212;&#8212;&#8212;&#8212;&#8212;&#8212;&#8212;&#8212;&#8212;&#8212;&#8212;&#8212;&#8212;&#8212;&#8212;&#8212;&#8212;&#8212;&#8212;&#8212;&#8212;&#8212;&#8212;&#8212;&#8212;&#8212;&#8212;&#8212;&#8212;&#8212;&#8212;&#8212;&#8212;<\/p>\n<h4><strong>Solicitud de Reincorporaci\u00f3n<\/strong><\/h4>\n<p>Las <strong>solicitudes de Reincorporaci\u00f3n<\/strong> (de aquellos estudiantes de nuestro Instituto que hayan perdido su regularidad) se recepcionar\u00e1n por secretar\u00eda o preceptor\u00eda (de planta alta) desde el <strong>01\/12\/2025<\/strong> al <strong>19\/12\/2025<\/strong> y luego desde el <strong>16\/02\/2026<\/strong> hasta el <strong>27\/02\/2026<\/strong>\u00a0en los horarios de 9 a 11:30 \u2013 13:30 a 16 y 17:30 a 20 hs.<\/p>\n<p>Deber\u00e1n presentar la planilla correspondiente con fotocopia del DNI y fotocopia de la libreta del estudiante incluyendo la 1\u00b0 hoja en donde se especifica libro matriz y folio.<\/p>\n<p>Toda la documentaci\u00f3n debe ser entregada en un folio oficio. La planilla podr\u00e1 ser descargada desde esta p\u00e1gina o comprada en la fotocopiadora que se encuentra en el Instituto.<\/p>\n<p>A partir de marzo se dar\u00e1 respuesta a cada solicitud.<\/p>\n<p>Descargar desde aqu\u00ed el <a href=\"https:\/\/isfd18-bue.infd.edu.ar\/sitio\/wp-content\/uploads\/2021\/03\/solicitud-de-reincorporacion-2021.pdf\">formulario para solicitar Reincorporaci\u00f3n<\/a><\/p>\n<p>&#8212;&#8212;&#8212;&#8212;&#8212;&#8212;&#8212;&#8212;&#8212;&#8212;&#8212;&#8212;&#8212;&#8212;&#8212;&#8212;&#8212;&#8212;&#8212;&#8212;&#8212;&#8212;&#8212;&#8212;&#8212;&#8212;&#8212;&#8212;&#8212;&#8212;&#8212;&#8212;&#8212;&#8212;&#8212;&#8212;&#8212;&#8212;&#8212;&#8212;&#8212;&#8212;&#8212;&#8212;&#8212;&#8212;&#8212;<\/p>\n","protected":false},"excerpt":{"rendered":"<p>Solicitud de Vacante De 2do a 4to a\u00f1o nivel terciario Las solicitudes de Vacante (para aquellos estudiantes\u00a0 que est\u00e1n cursando en otros Institutos terciarios y desean solicitar una vacante en el ISFD 18 para continuar sus estudios) se recepcionar\u00e1n por secretar\u00eda o preceptor\u00eda (de planta alta) desde el 01\/12\/2025 hasta el 19\/12\/2025 y luego desde &#8230; <a title=\"INFORMACI\u00d3N SOBRE VACANTES, REINCORPORACIONES Y PASES.\" class=\"read-more\" href=\"https:\/\/isfd18-bue.infd.edu.ar\/sitio\/informacion-sobre-pases-y-reincorporaciones\/\" aria-label=\"More on INFORMACI\u00d3N SOBRE VACANTES, REINCORPORACIONES Y PASES.\">[+]<\/a><\/p>\n","protected":false},"author":1719,"featured_media":0,"parent":0,"menu_order":0,"comment_status":"closed","ping_status":"closed","template":"","meta":[],"acf":[],"_links":{"self":[{"href":"https:\/\/isfd18-bue.infd.edu.ar\/sitio\/wp-json\/wp\/v2\/pages\/1562"}],"collection":[{"href":"https:\/\/isfd18-bue.infd.edu.ar\/sitio\/wp-json\/wp\/v2\/pages"}],"about":[{"href":"https:\/\/isfd18-bue.infd.edu.ar\/sitio\/wp-json\/wp\/v2\/types\/page"}],"author":[{"embeddable":true,"href":"https:\/\/isfd18-bue.infd.edu.ar\/sitio\/wp-json\/wp\/v2\/users\/1719"}],"replies":[{"embeddable":true,"href":"https:\/\/isfd18-bue.infd.edu.ar\/sitio\/wp-json\/wp\/v2\/comments?post=1562"}],"version-history":[{"count":30,"href":"https:\/\/isfd18-bue.infd.edu.ar\/sitio\/wp-json\/wp\/v2\/pages\/1562\/revisions"}],"predecessor-version":[{"id":4124,"href":"https:\/\/isfd18-bue.infd.edu.ar\/sitio\/wp-json\/wp\/v2\/pages\/1562\/revisions\/4124"}],"wp:attachment":[{"href":"https:\/\/isfd18-bue.infd.edu.ar\/sitio\/wp-json\/wp\/v2\/media?parent=1562"}],"curies":[{"name":"wp","href":"https:\/\/api.w.org\/{rel}","templated":true}]}}