{"id":1410,"date":"2020-03-27T13:07:32","date_gmt":"2020-03-27T16:07:32","guid":{"rendered":"https:\/\/isfd18-bue.infd.edu.ar\/sitio\/?page_id=1410"},"modified":"2026-02-19T15:43:21","modified_gmt":"2026-02-19T18:43:21","slug":"horario-p","status":"publish","type":"page","link":"https:\/\/isfd18-bue.infd.edu.ar\/sitio\/horario-p\/","title":{"rendered":"Horario"},"content":{"rendered":"<p>HORARIOS PROFESORADO DE PORTUGU\u00c9S<\/p>\n<h3 style=\"text-align: center;\"><strong>CICLO LECTIVO 2026<\/strong><\/h3>\n<p>(Los horarios que a continuaci\u00f3n se incluyen podr\u00e1n tener modificaciones de acuerdo a las necesidades Institucionales.)<\/p>\n<p>Los\u00a0<span style=\"color: #ff0000;\">Horarios del Espacio de la Pr\u00e1ctica Docente<\/span> ser\u00e1n publicados luego de la organizaci\u00f3n de los grupos correspondientes a cada curso<\/p>\n<p><a href=\"https:\/\/isfd18-bue.infd.edu.ar\/sitio\/wp-content\/uploads\/2026\/02\/1o-PORT-2026.pdf\">Horario 2026 &#8211; 1\u00b0 a\u00f1o Portugu\u00e9s<\/a><\/p>\n<p><a href=\"https:\/\/isfd18-bue.infd.edu.ar\/sitio\/wp-content\/uploads\/2026\/02\/2o-PORT-2026-1.pdf\">Horario 2026 &#8211; 2\u00b0 a\u00f1o Portugu\u00e9s<\/a><\/p>\n<p><a href=\"https:\/\/isfd18-bue.infd.edu.ar\/sitio\/wp-content\/uploads\/2026\/02\/3o-PORT-2026-1.pdf\">Horario 2026 &#8211; 3\u00b0 a\u00f1o Portugu\u00e9s<\/a><\/p>\n<p><a href=\"https:\/\/isfd18-bue.infd.edu.ar\/sitio\/wp-content\/uploads\/2026\/02\/4o-PORT-2026-1.pdf\">Horario 2026 &#8211; 4\u00b0 a\u00f1o Portugu\u00e9s<\/a><\/p>\n","protected":false},"excerpt":{"rendered":"<p>HORARIOS PROFESORADO DE PORTUGU\u00c9S CICLO LECTIVO 2026 (Los horarios que a continuaci\u00f3n se incluyen podr\u00e1n tener modificaciones de acuerdo a las necesidades Institucionales.) Los\u00a0Horarios del Espacio de la Pr\u00e1ctica Docente ser\u00e1n publicados luego de la organizaci\u00f3n de los grupos correspondientes a cada curso Horario 2026 &#8211; 1\u00b0 a\u00f1o Portugu\u00e9s Horario 2026 &#8211; 2\u00b0 a\u00f1o Portugu\u00e9s &#8230; <a title=\"Horario\" class=\"read-more\" href=\"https:\/\/isfd18-bue.infd.edu.ar\/sitio\/horario-p\/\" aria-label=\"More on Horario\">[+]<\/a><\/p>\n","protected":false},"author":1073,"featured_media":0,"parent":0,"menu_order":0,"comment_status":"closed","ping_status":"closed","template":"","meta":[],"acf":[],"_links":{"self":[{"href":"https:\/\/isfd18-bue.infd.edu.ar\/sitio\/wp-json\/wp\/v2\/pages\/1410"}],"collection":[{"href":"https:\/\/isfd18-bue.infd.edu.ar\/sitio\/wp-json\/wp\/v2\/pages"}],"about":[{"href":"https:\/\/isfd18-bue.infd.edu.ar\/sitio\/wp-json\/wp\/v2\/types\/page"}],"author":[{"embeddable":true,"href":"https:\/\/isfd18-bue.infd.edu.ar\/sitio\/wp-json\/wp\/v2\/users\/1073"}],"replies":[{"embeddable":true,"href":"https:\/\/isfd18-bue.infd.edu.ar\/sitio\/wp-json\/wp\/v2\/comments?post=1410"}],"version-history":[{"count":30,"href":"https:\/\/isfd18-bue.infd.edu.ar\/sitio\/wp-json\/wp\/v2\/pages\/1410\/revisions"}],"predecessor-version":[{"id":4120,"href":"https:\/\/isfd18-bue.infd.edu.ar\/sitio\/wp-json\/wp\/v2\/pages\/1410\/revisions\/4120"}],"wp:attachment":[{"href":"https:\/\/isfd18-bue.infd.edu.ar\/sitio\/wp-json\/wp\/v2\/media?parent=1410"}],"curies":[{"name":"wp","href":"https:\/\/api.w.org\/{rel}","templated":true}]}}