{"id":1296,"date":"2020-03-22T19:28:25","date_gmt":"2020-03-22T22:28:25","guid":{"rendered":"https:\/\/isfd18-bue.infd.edu.ar\/sitio\/?page_id=1296"},"modified":"2026-02-18T14:32:38","modified_gmt":"2026-02-18T17:32:38","slug":"horarios-3","status":"publish","type":"page","link":"https:\/\/isfd18-bue.infd.edu.ar\/sitio\/horarios-3\/","title":{"rendered":"Horarios"},"content":{"rendered":"<p>HORARIOS PROFESORADO DE EDUCACI\u00d3N INICIAL<\/p>\n<p style=\"text-align: center;\"><strong>CICLO LECTIVO 2026<\/strong><\/p>\n<p>(Los horarios que a continuaci\u00f3n se incluyen podr\u00e1n tener modificaciones de acuerdo a las necesidades Institucionales.)<\/p>\n<p>Los\u00a0<span style=\"color: #ff0000;\">Horarios del Campo de la Pr\u00e1ctica<\/span>\u00a0ser\u00e1n publicados luego de la organizaci\u00f3n de los grupos correspondientes a cada curso<\/p>\n<p><a href=\"https:\/\/isfd18-bue.infd.edu.ar\/sitio\/wp-content\/uploads\/2026\/02\/1o-B-2026.pdf\">Horario 2026 &#8211; 1\u00b0 B Turno Tarde<\/a><\/p>\n<p><a href=\"https:\/\/isfd18-bue.infd.edu.ar\/sitio\/wp-content\/uploads\/2026\/02\/2o-B-2026.pdf\">Horario 2026 &#8211; 2\u00b0 B Turno Tarde<\/a><\/p>\n<p><a href=\"https:\/\/isfd18-bue.infd.edu.ar\/sitio\/wp-content\/uploads\/2026\/02\/3o-B-2026.pdf\">Horario 2026 &#8211; 3\u00b0 B Turno Tarde<\/a><\/p>\n<p><a href=\"https:\/\/isfd18-bue.infd.edu.ar\/sitio\/wp-content\/uploads\/2026\/02\/4o-B-2026.pdf\">Horario 2026 &#8211; 4\u00b0 B Turno Tarde<\/a><\/p>\n<p><a href=\"https:\/\/isfd18-bue.infd.edu.ar\/sitio\/wp-content\/uploads\/2026\/02\/1o-D-2026.pdf\">Horario 2026 &#8211; 1\u00b0 D Turno Vespertino<\/a><\/p>\n<p><a href=\"https:\/\/isfd18-bue.infd.edu.ar\/sitio\/wp-content\/uploads\/2026\/02\/2o-D-2026.pdf\">Horario 2026 &#8211; 2\u00b0 D Turno Vespertino<\/a><\/p>\n<p><a href=\"https:\/\/isfd18-bue.infd.edu.ar\/sitio\/wp-content\/uploads\/2026\/02\/3o-D-2026.pdf\">Horario 2026 &#8211; 3\u00b0 D Turno Vespertino<\/a><\/p>\n<p><a href=\"https:\/\/isfd18-bue.infd.edu.ar\/sitio\/wp-content\/uploads\/2026\/02\/4o-D-2026-1.pdf\">Horario 2026 &#8211; 4\u00b0 D Turno Vespertino<\/a><\/p>\n","protected":false},"excerpt":{"rendered":"<p>HORARIOS PROFESORADO DE EDUCACI\u00d3N INICIAL CICLO LECTIVO 2026 (Los horarios que a continuaci\u00f3n se incluyen podr\u00e1n tener modificaciones de acuerdo a las necesidades Institucionales.) Los\u00a0Horarios del Campo de la Pr\u00e1ctica\u00a0ser\u00e1n publicados luego de la organizaci\u00f3n de los grupos correspondientes a cada curso Horario 2026 &#8211; 1\u00b0 B Turno Tarde Horario 2026 &#8211; 2\u00b0 B Turno &#8230; <a title=\"Horarios\" class=\"read-more\" href=\"https:\/\/isfd18-bue.infd.edu.ar\/sitio\/horarios-3\/\" aria-label=\"More on Horarios\">[+]<\/a><\/p>\n","protected":false},"author":1515,"featured_media":0,"parent":0,"menu_order":0,"comment_status":"closed","ping_status":"closed","template":"","meta":[],"acf":[],"_links":{"self":[{"href":"https:\/\/isfd18-bue.infd.edu.ar\/sitio\/wp-json\/wp\/v2\/pages\/1296"}],"collection":[{"href":"https:\/\/isfd18-bue.infd.edu.ar\/sitio\/wp-json\/wp\/v2\/pages"}],"about":[{"href":"https:\/\/isfd18-bue.infd.edu.ar\/sitio\/wp-json\/wp\/v2\/types\/page"}],"author":[{"embeddable":true,"href":"https:\/\/isfd18-bue.infd.edu.ar\/sitio\/wp-json\/wp\/v2\/users\/1515"}],"replies":[{"embeddable":true,"href":"https:\/\/isfd18-bue.infd.edu.ar\/sitio\/wp-json\/wp\/v2\/comments?post=1296"}],"version-history":[{"count":65,"href":"https:\/\/isfd18-bue.infd.edu.ar\/sitio\/wp-json\/wp\/v2\/pages\/1296\/revisions"}],"predecessor-version":[{"id":4106,"href":"https:\/\/isfd18-bue.infd.edu.ar\/sitio\/wp-json\/wp\/v2\/pages\/1296\/revisions\/4106"}],"wp:attachment":[{"href":"https:\/\/isfd18-bue.infd.edu.ar\/sitio\/wp-json\/wp\/v2\/media?parent=1296"}],"curies":[{"name":"wp","href":"https:\/\/api.w.org\/{rel}","templated":true}]}}