{"id":1231,"date":"2020-03-19T17:03:24","date_gmt":"2020-03-19T20:03:24","guid":{"rendered":"https:\/\/isfd18-bue.infd.edu.ar\/sitio\/?page_id=1231"},"modified":"2026-02-15T19:04:27","modified_gmt":"2026-02-15T22:04:27","slug":"horarios","status":"publish","type":"page","link":"https:\/\/isfd18-bue.infd.edu.ar\/sitio\/horarios\/","title":{"rendered":"Horarios Profesorado de Educaci\u00f3n F\u00edsica"},"content":{"rendered":"<p><span style=\"color: #0000ff;\">HORARIOS PROFESORADO DE EDUCACI\u00d3N F\u00cdSICA<\/span><\/p>\n<p><span style=\"color: #0000ff;\">CICLO LECTIVO 2026<\/span><\/p>\n<p>(Los horarios que a continuaci\u00f3n se incluyen podr\u00e1n tener modificaciones de acuerdo a las necesidades Institucionales.)<\/p>\n<p>Los <span style=\"color: #ff0000;\">Horarios del Campo de la Pr\u00e1ctica<\/span> ser\u00e1n publicados luego de la organizaci\u00f3n de los grupos correspondientes a cada curso<\/p>\n<p><a href=\"https:\/\/isfd18-bue.infd.edu.ar\/sitio\/wp-content\/uploads\/2026\/02\/1o-1o-2026.pdf\">HORARIO 2026 &#8211; 1\u00b0 1\u00b0 Turno Ma\u00f1ana<\/a><\/p>\n<p><a href=\"https:\/\/isfd18-bue.infd.edu.ar\/sitio\/wp-content\/uploads\/2026\/02\/2o-1o-2026.pdf\">HORARIO 2026 &#8211; 2\u00b0 1\u00b0 Turno Ma\u00f1ana<\/a><\/p>\n<p><a href=\"https:\/\/isfd18-bue.infd.edu.ar\/sitio\/wp-content\/uploads\/2026\/02\/3o-1o-2026.pdf\">HORARIO 2026 &#8211; 3\u00b0 1\u00b0 Turno Ma\u00f1ana<\/a><\/p>\n<p><a href=\"https:\/\/isfd18-bue.infd.edu.ar\/sitio\/wp-content\/uploads\/2026\/02\/4o-1o-2026.pdf\">HORARIO 2026 &#8211; 4\u00b0 1\u00b0 Turno Ma\u00f1ana<\/a><\/p>\n<p><a href=\"https:\/\/isfd18-bue.infd.edu.ar\/sitio\/wp-content\/uploads\/2026\/02\/1o-4o-2026.pdf\">HORARIO 2026 &#8211; 1\u00b0 4\u00b0 Turno Tarde<\/a><\/p>\n<p><a href=\"https:\/\/isfd18-bue.infd.edu.ar\/sitio\/wp-content\/uploads\/2026\/02\/2o-4o-2026.pdf\">HORARIO 2026 &#8211; 2\u00b0 4\u00b0 Turno Tarde<\/a><\/p>\n<p><a href=\"https:\/\/isfd18-bue.infd.edu.ar\/sitio\/wp-content\/uploads\/2026\/02\/3o-4o-2026.pdf\">HORARIO 2026 &#8211; 3\u00b0 4\u00b0 Turno Tarde<\/a><\/p>\n<p><a href=\"https:\/\/isfd18-bue.infd.edu.ar\/sitio\/wp-content\/uploads\/2026\/02\/4o-4o-2026.pdf\">HORARIO 2026 &#8211; 4\u00b0 4\u00b0 Turno Tarde<\/a><\/p>\n<p><a href=\"https:\/\/isfd18-bue.infd.edu.ar\/sitio\/wp-content\/uploads\/2026\/02\/1o-2o-2026.pdf\">HORARIO 2026 &#8211; 1\u00b0 2\u00b0 Turno Vespertino<\/a><\/p>\n<p><a href=\"https:\/\/isfd18-bue.infd.edu.ar\/sitio\/wp-content\/uploads\/2026\/02\/2o-2o-2026.pdf\">HORARIO 2026 &#8211; 2\u00b0 2\u00b0 Turno Vespertino<\/a><\/p>\n<p><a href=\"https:\/\/isfd18-bue.infd.edu.ar\/sitio\/wp-content\/uploads\/2026\/02\/3o-2o-2026.pdf\">HORARIO 2026 &#8211; 3\u00b0 2\u00b0 Turno Vespertino<\/a><\/p>\n<p><a href=\"https:\/\/isfd18-bue.infd.edu.ar\/sitio\/wp-content\/uploads\/2026\/02\/4o-2o-2026.pdf\">HORARIO 2026 &#8211; 4\u00b0 2\u00b0 Turno Vespertino<\/a><\/p>\n<p><a href=\"https:\/\/isfd18-bue.infd.edu.ar\/sitio\/wp-content\/uploads\/2026\/02\/1o-3o-2026.pdf\">HORARIO 2026 &#8211; 1\u00b0 3\u00b0 Turno Vespertino<\/a><\/p>\n<p><a href=\"https:\/\/isfd18-bue.infd.edu.ar\/sitio\/wp-content\/uploads\/2026\/02\/2o-3o-2026.pdf\">HORARIO 2026 &#8211; 2\u00b0 3\u00b0 Turno Vespertino<\/a><\/p>\n<p><a href=\"https:\/\/isfd18-bue.infd.edu.ar\/sitio\/wp-content\/uploads\/2026\/02\/3o-3o-2026.pdf\">HORARIO 2026 &#8211; 3\u00b0 3\u00b0 Turno Vespertino<\/a><\/p>\n<p><a href=\"https:\/\/isfd18-bue.infd.edu.ar\/sitio\/wp-content\/uploads\/2026\/02\/4o-3o-2026.pdf\">HORARIO 2026 &#8211; 4\u00b0 3\u00b0 Turno Vespertino<\/a><\/p>\n","protected":false},"excerpt":{"rendered":"<p>HORARIOS PROFESORADO DE EDUCACI\u00d3N F\u00cdSICA CICLO LECTIVO 2026 (Los horarios que a continuaci\u00f3n se incluyen podr\u00e1n tener modificaciones de acuerdo a las necesidades Institucionales.) Los Horarios del Campo de la Pr\u00e1ctica ser\u00e1n publicados luego de la organizaci\u00f3n de los grupos correspondientes a cada curso HORARIO 2026 &#8211; 1\u00b0 1\u00b0 Turno Ma\u00f1ana HORARIO 2026 &#8211; 2\u00b0 &#8230; <a title=\"Horarios Profesorado de Educaci\u00f3n F\u00edsica\" class=\"read-more\" href=\"https:\/\/isfd18-bue.infd.edu.ar\/sitio\/horarios\/\" aria-label=\"More on Horarios Profesorado de Educaci\u00f3n F\u00edsica\">[+]<\/a><\/p>\n","protected":false},"author":1515,"featured_media":0,"parent":0,"menu_order":0,"comment_status":"closed","ping_status":"closed","template":"","meta":[],"acf":[],"_links":{"self":[{"href":"https:\/\/isfd18-bue.infd.edu.ar\/sitio\/wp-json\/wp\/v2\/pages\/1231"}],"collection":[{"href":"https:\/\/isfd18-bue.infd.edu.ar\/sitio\/wp-json\/wp\/v2\/pages"}],"about":[{"href":"https:\/\/isfd18-bue.infd.edu.ar\/sitio\/wp-json\/wp\/v2\/types\/page"}],"author":[{"embeddable":true,"href":"https:\/\/isfd18-bue.infd.edu.ar\/sitio\/wp-json\/wp\/v2\/users\/1515"}],"replies":[{"embeddable":true,"href":"https:\/\/isfd18-bue.infd.edu.ar\/sitio\/wp-json\/wp\/v2\/comments?post=1231"}],"version-history":[{"count":122,"href":"https:\/\/isfd18-bue.infd.edu.ar\/sitio\/wp-json\/wp\/v2\/pages\/1231\/revisions"}],"predecessor-version":[{"id":4023,"href":"https:\/\/isfd18-bue.infd.edu.ar\/sitio\/wp-json\/wp\/v2\/pages\/1231\/revisions\/4023"}],"wp:attachment":[{"href":"https:\/\/isfd18-bue.infd.edu.ar\/sitio\/wp-json\/wp\/v2\/media?parent=1231"}],"curies":[{"name":"wp","href":"https:\/\/api.w.org\/{rel}","templated":true}]}}