{"id":1197,"date":"2020-03-18T21:38:53","date_gmt":"2020-03-19T00:38:53","guid":{"rendered":"https:\/\/isfd18-bue.infd.edu.ar\/sitio\/?page_id=1197"},"modified":"2025-09-02T15:47:40","modified_gmt":"2025-09-02T18:47:40","slug":"informacion-institucional","status":"publish","type":"page","link":"https:\/\/isfd18-bue.infd.edu.ar\/sitio\/informacion-institucional\/","title":{"rendered":"INFORMACI\u00d3N INSTITUCIONAL"},"content":{"rendered":"<h5><\/h5>\n<ul>\n<li><strong>Constancias de: alumno regular<\/strong>, <strong>porcentaje de materias<\/strong>, se adquieren en la fotocopiadora que se encuentra en el Instituto. Se completa en tinta azul, sin tachaduras ni borrones, ni enmiendas. Luego se alcanza al Preceptor en el turno correspondiente\u00a0 a la cursada. Una vez completa se remitir\u00e1 a las autoridades para la firma.<\/li>\n<li><strong>Constancias de ex\u00e1menes:<\/strong> se adquieren en la fotocopiadora que se encuentra en el Instituto, se completan \u00fanicamente en tinta azul. El d\u00eda del examen se le entrega primero al profesor, una vez firmada por este, se lleva al preceptor. Por \u00faltimo se remitir\u00e1 a las autoridades para su firma.<\/li>\n<li><strong>Solicitud de programas:<\/strong> ingresar en el siguiente link o escanear el c\u00f3digo QR y seguir las indicaciones, o bien consultar en Biblioteca.<\/li>\n<\/ul>\n<p><a href=\"https:\/\/forms.gle\/TXgwcJLQcNKm3icZ8\">https:\/\/forms.gle\/TXgwcJLQcNKm3icZ8<\/a><\/p>\n<p><img decoding=\"async\" loading=\"lazy\" class=\"wp-image-3037 aligncenter\" src=\"https:\/\/isfd18-bue.infd.edu.ar\/sitio\/wp-content\/uploads\/2024\/03\/prosgramas-1000x1000.png\" alt=\"\" width=\"401\" height=\"401\" srcset=\"https:\/\/isfd18-bue.infd.edu.ar\/sitio\/wp-content\/uploads\/2024\/03\/prosgramas-1000x1000.png 1000w, https:\/\/isfd18-bue.infd.edu.ar\/sitio\/wp-content\/uploads\/2024\/03\/prosgramas-500x500.png 500w, https:\/\/isfd18-bue.infd.edu.ar\/sitio\/wp-content\/uploads\/2024\/03\/prosgramas-768x768.png 768w, https:\/\/isfd18-bue.infd.edu.ar\/sitio\/wp-content\/uploads\/2024\/03\/prosgramas-1536x1536.png 1536w, https:\/\/isfd18-bue.infd.edu.ar\/sitio\/wp-content\/uploads\/2024\/03\/prosgramas.png 1600w\" sizes=\"(max-width: 401px) 100vw, 401px\" \/><\/p>\n<ul>\n<li style=\"text-align: left;\">El tr\u00e1mite correspondiente a la <strong>carga horaria del Plan de estudio<\/strong> se realiza en Biblioteca, en forma presencial.<\/li>\n<li><strong>Libretas:<\/strong> Se compran en biblioteca y se entrega al preceptor de la carrera para su llenado y posterior firma de autoridad. Es fundamental tanto para la elaboraci\u00f3n como para la entrega de la misma que tengan el legajo completo (DNI, las 2 fotos, fotocopia de t\u00edtulo secundario registrado en consejo, ficha m\u00e9dica)<\/li>\n<li><strong>Inscripciones a finales:<\/strong> Se realizan siguiendo las indicaciones que figuran en las carteleras y classroom. Consultar con su preceptor. No se env\u00edan comprobantes a los mails institucionales.<\/li>\n<li><strong>Certificado de estudios superiores completos &#8211; T\u00edtulo en Tr\u00e1mite:<\/strong> Se confecciona \u00fanicamente en tinta azul, con letra clara y con los datos filiatorios tal como figuran en el DNI del alumno\/a, (ej.: si el nombre Maria en el DNI no tiene tilde, no se coloca tilde). Este se presenta junto con fotocopia de DNI y de Partida de Nacimiento, al preceptor, para luego ser firmado por las autoridades del Instituto.<\/li>\n<li><strong>Constancia de Ingreso a la docencia:<\/strong> El\/ la alumno\/a presenta a su preceptor dentro de un folio: <strong>fotocopia de DNI<\/strong> (bien n\u00edtida, <strong>anverso y reverso<\/strong>) y <strong>fotocopia de Certificado de t\u00edtulo en tr\u00e1mite<\/strong>. <em>Esta documentaci\u00f3n es imprescindible para la confecci\u00f3n<\/em>. La confecci\u00f3n la realiza la prosecretaria dentro de sus horarios. Una vez que est\u00e9n firmadas por secretaria y directora, se confecciona el remito y se lleva a Jefatura Distrital, debiendo dejar dichas constancias para la firma de la Sra. Jefa Distrital.<\/li>\n<\/ul>\n","protected":false},"excerpt":{"rendered":"<p>Constancias de: alumno regular, porcentaje de materias, se adquieren en la fotocopiadora que se encuentra en el Instituto. Se completa en tinta azul, sin tachaduras ni borrones, ni enmiendas. Luego se alcanza al Preceptor en el turno correspondiente\u00a0 a la cursada. Una vez completa se remitir\u00e1 a las autoridades para la firma. Constancias de ex\u00e1menes: &#8230; <a title=\"INFORMACI\u00d3N INSTITUCIONAL\" class=\"read-more\" href=\"https:\/\/isfd18-bue.infd.edu.ar\/sitio\/informacion-institucional\/\" aria-label=\"More on INFORMACI\u00d3N INSTITUCIONAL\">[+]<\/a><\/p>\n","protected":false},"author":1515,"featured_media":0,"parent":0,"menu_order":0,"comment_status":"closed","ping_status":"closed","template":"","meta":[],"acf":[],"_links":{"self":[{"href":"https:\/\/isfd18-bue.infd.edu.ar\/sitio\/wp-json\/wp\/v2\/pages\/1197"}],"collection":[{"href":"https:\/\/isfd18-bue.infd.edu.ar\/sitio\/wp-json\/wp\/v2\/pages"}],"about":[{"href":"https:\/\/isfd18-bue.infd.edu.ar\/sitio\/wp-json\/wp\/v2\/types\/page"}],"author":[{"embeddable":true,"href":"https:\/\/isfd18-bue.infd.edu.ar\/sitio\/wp-json\/wp\/v2\/users\/1515"}],"replies":[{"embeddable":true,"href":"https:\/\/isfd18-bue.infd.edu.ar\/sitio\/wp-json\/wp\/v2\/comments?post=1197"}],"version-history":[{"count":67,"href":"https:\/\/isfd18-bue.infd.edu.ar\/sitio\/wp-json\/wp\/v2\/pages\/1197\/revisions"}],"predecessor-version":[{"id":3864,"href":"https:\/\/isfd18-bue.infd.edu.ar\/sitio\/wp-json\/wp\/v2\/pages\/1197\/revisions\/3864"}],"wp:attachment":[{"href":"https:\/\/isfd18-bue.infd.edu.ar\/sitio\/wp-json\/wp\/v2\/media?parent=1197"}],"curies":[{"name":"wp","href":"https:\/\/api.w.org\/{rel}","templated":true}]}}